{"id":5198,"date":"2023-08-06T08:14:11","date_gmt":"2023-08-06T05:14:11","guid":{"rendered":"https:\/\/www.cncmarketi.com\/index.php\/product\/yuz-maske-kulak-dongusu-kaynak-makinesi\/"},"modified":"2023-08-06T08:59:54","modified_gmt":"2023-08-06T05:59:54","slug":"yuz-maske-kulak-dongusu-kaynak-makinesi","status":"publish","type":"product","link":"https:\/\/www.cncmarketi.com\/index.php\/product\/yuz-maske-kulak-dongusu-kaynak-makinesi\/","title":{"rendered":"Y\u00fcz Maske Kulak D\u00f6ng\u00fcs\u00fc Kaynak Makinesi"},"content":{"rendered":"<p>Face Mask Ear Loop Welding Machine<br \/>\nModel<br \/>\nNG-8833<br \/>\nMOQ<br \/>\n1 Set<br \/>\nLead Time<br \/>\n3-15 Working Days<br \/>\nCountry of Origin<br \/>\nChina<br \/>\nPackage<br \/>\nStandard Export Wooden Box<br \/>\nOEM &#038; ODM<br \/>\nSupport<br \/>\n\u63cf\u8ff0<br \/>\n\u7528\u6237\u8bc4\u8bba (0)<br \/>\n\u63cf\u8ff0<br \/>\nSummary:<br \/>\nThis Face Mask Ear Loop Welding Machine is stable and easy to operate.It can be switched between the N95 Face Mask and Flating Face Mask.<br \/>\nApplication: Mask point ear-band,tea bag, thread, elastic, cloth, embroidery, ribbon, vamp, bags, jewelry, plastic,car supplies,etc.<br \/>\nFeatures:<br \/>\nFast Welding Speed And High Welding Strength: can bear enough pressure and tension.<br \/>\nQuality: finished product is hermetic sealing.the welding effect is exquisite,not burnt,not blackened.<br \/>\nEconomy: non bolt or glue,fast speed, reduce labor and costs.<br \/>\nTechnical: Can Replace The Traditional Welding Process, Low Cost, Clean And Pollution-free, And Will Not Damage The Object.<br \/>\nPerformance: The Welding Process Is Stable, and The Welding Parameters Can Be Adjusted To Achieve The Welding Effect.<br \/>\nOperation: Easy To Troubleshoot And Maintain When A Failure Occurs, Greatly Improving Production Efficiency.<br \/>\nSpecifications:<br \/>\nModel<br \/>\nNG-8833<br \/>\nVoltage<br \/>\n220V 1 phase<br \/>\nPower<br \/>\n35k 500w<br \/>\nAir supply<br \/>\n3-5bar<br \/>\nFace mask production<br \/>\n15-20 pcs\/min<br \/>\nFace mask material<br \/>\nnon woven<br \/>\nFace mask structure<br \/>\n3-4 layers<br \/>\nDimension (With Table)<br \/>\n121*54*110MM<br \/>\nDimension (Without Table)<br \/>\n47*27*44MM<\/p>\n","protected":false},"excerpt":{"rendered":"<p>Face Mask Ear Loop Welding Machine Model NG-8833 MOQ 1 Set Lead Time 3-15 Working Days Country of Origin China Package Standard Export Wooden Box&#8230;<\/p>\n","protected":false},"featured_media":5192,"comment_status":"open","ping_status":"closed","template":"","meta":[],"etheme_brands":[{"term_id":67,"name":"Newgoer","slug":"newgoer","term_group":0,"term_taxonomy_id":67,"taxonomy":"brand","description":"","parent":0,"count":271,"filter":"raw"}],"product_cat":[64],"product_tag":[],"_links":{"self":[{"href":"https:\/\/www.cncmarketi.com\/index.php\/wp-json\/wp\/v2\/product\/5198"}],"collection":[{"href":"https:\/\/www.cncmarketi.com\/index.php\/wp-json\/wp\/v2\/product"}],"about":[{"href":"https:\/\/www.cncmarketi.com\/index.php\/wp-json\/wp\/v2\/types\/product"}],"replies":[{"embeddable":true,"href":"https:\/\/www.cncmarketi.com\/index.php\/wp-json\/wp\/v2\/comments?post=5198"}],"version-history":[{"count":0,"href":"https:\/\/www.cncmarketi.com\/index.php\/wp-json\/wp\/v2\/product\/5198\/revisions"}],"wp:featuredmedia":[{"embeddable":true,"href":"https:\/\/www.cncmarketi.com\/index.php\/wp-json\/wp\/v2\/media\/5192"}],"wp:attachment":[{"href":"https:\/\/www.cncmarketi.com\/index.php\/wp-json\/wp\/v2\/media?parent=5198"}],"wp:term":[{"taxonomy":"brand","embeddable":true,"href":"https:\/\/www.cncmarketi.com\/index.php\/wp-json\/wp\/v2\/etheme_brands?post=5198"},{"taxonomy":"product_cat","embeddable":true,"href":"https:\/\/www.cncmarketi.com\/index.php\/wp-json\/wp\/v2\/product_cat?post=5198"},{"taxonomy":"product_tag","embeddable":true,"href":"https:\/\/www.cncmarketi.com\/index.php\/wp-json\/wp\/v2\/product_tag?post=5198"}],"curies":[{"name":"wp","href":"https:\/\/api.w.org\/{rel}","templated":true}]}}