{"id":5191,"date":"2023-08-06T08:14:05","date_gmt":"2023-08-06T05:14:05","guid":{"rendered":"https:\/\/www.cncmarketi.com\/index.php\/product\/kopuk-sikistirma-stres-test-cihazi-sunger-sikistirma-sertligi-yorgunluk-test-cihazi\/"},"modified":"2023-08-06T08:59:54","modified_gmt":"2023-08-06T05:59:54","slug":"kopuk-sikistirma-stres-test-cihazi-sunger-sikistirma-sertligi-yorgunluk-test-cihazi","status":"publish","type":"product","link":"https:\/\/www.cncmarketi.com\/index.php\/product\/kopuk-sikistirma-stres-test-cihazi-sunger-sikistirma-sertligi-yorgunluk-test-cihazi\/","title":{"rendered":"K\u00f6p\u00fck s\u0131k\u0131\u015ft\u0131rma stres test cihaz\u0131, s\u00fcnger s\u0131k\u0131\u015ft\u0131rma sertli\u011fi yorgunluk test cihaz\u0131"},"content":{"rendered":"<p>\u63cf\u8ff0<br \/>\nItems<br \/>\nFoam Compression Testing Machine<br \/>\nMax. Capacity<br \/>\n200Kg<br \/>\nUnit<br \/>\nG, KG, N, LB can be exchanged<br \/>\nAccurate Grade<br \/>\n0.5grade<br \/>\nDisplay Device<br \/>\nPC<br \/>\nResolution<br \/>\n1\/250,000<br \/>\nEffective Accuracy<br \/>\n\u00b10.2%(0.5grade)<br \/>\nSpecimen size<br \/>\nLength 380mm, thickness 50mm<br \/>\nSpeed Range<br \/>\n100\u00b120mm\/min<br \/>\nDeformation accuracy<br \/>\n\u00b10.25mm<br \/>\nCompression head diameter<br \/>\n200mm<br \/>\nMotor<br \/>\nServo Motor + High Precise Ball Screw<br \/>\nPower<br \/>\nAC220V, 50\/60HZ(custom-made)<br \/>\nStandard Accessories<br \/>\nStandard compression clamp, Tool kit, Computer system, English software CD, User manual<br \/>\nThe servo universal materials tensile \/ compression tester is applied to all kinds of hardware, metal, rubber and plastic materials, foam, shoes, leather, clothe, textiles, yarns, an insulator, wire and cable, for many kinds of materials. It tests every items physical test performance. For example, stretch, tear, strip,anti-pressure, bend an-shear, three point an-broken.<br \/>\nTheory:<br \/>\nThis machine is a kind of tensile\/compression tester which uses the motor to drive ball screw to move fixture. Place the sample between the upper and lower fixture, use a given speed to pull the upper fixture upward, and the upper load cell with sensor to check tensile strength and convert the strength into voltage sign and output to the display screen. And the strength value will be displayed automatically on the computer.<br \/>\nStandards:<br \/>\nGB\/T10807-2006 \/ ISO2439:1997<br \/>\nFlexible Cellular Polymeric Materials \u2013 Determination Of Hardness (indentation Technique)<br \/>\nThis machine is a kind of tensile\/compression tester which uses the motor to drive ball screw to move fixture. Place the sample between the upper and lower fixture, use a given speed to pull the upper fixture upward, and the upper load cell with sensor to check tensile strength and convert the strength into voltage sign and output to the display screen. And the strength value will be displayed automatically on the computer.<br \/>\nFeatures:<br \/>\n1. Adopting windows platform, and all the parameter settings can be processed in the dialog box, and it<br \/>\noperates easily.<br \/>\n2. Using a single-screen operation; do not need to switch the screen<br \/>\n3. With three languages in Simplified Chinese, Traditional Chinese and English, the software interface<br \/>\ncan be switched easily<br \/>\n4. The pattern of Test reports can be selfdesignated; test data can be displayed directly in the main screen.<br \/>\n5. Choosing translational, comparative mode at the same time to make a number of curve data comparison<br \/>\n6. With a variety of measurement units, Measure In Imperial &#038; Metric are switchable;<br \/>\n7. With self-return &#038; auto-correction function<br \/>\n8. With automatic magnification function, in order to achieve the most appropriate size of the graphics<\/p>\n","protected":false},"excerpt":{"rendered":"<p>\u63cf\u8ff0 Items Foam Compression Testing Machine Max. Capacity 200Kg Unit G, KG, N, LB can be exchanged Accurate Grade 0.5grade Display Device PC Resolution 1\/250,000&#8230;<\/p>\n","protected":false},"featured_media":5185,"comment_status":"open","ping_status":"closed","template":"","meta":[],"etheme_brands":[{"term_id":67,"name":"Newgoer","slug":"newgoer","term_group":0,"term_taxonomy_id":67,"taxonomy":"brand","description":"","parent":0,"count":271,"filter":"raw"}],"product_cat":[64],"product_tag":[],"_links":{"self":[{"href":"https:\/\/www.cncmarketi.com\/index.php\/wp-json\/wp\/v2\/product\/5191"}],"collection":[{"href":"https:\/\/www.cncmarketi.com\/index.php\/wp-json\/wp\/v2\/product"}],"about":[{"href":"https:\/\/www.cncmarketi.com\/index.php\/wp-json\/wp\/v2\/types\/product"}],"replies":[{"embeddable":true,"href":"https:\/\/www.cncmarketi.com\/index.php\/wp-json\/wp\/v2\/comments?post=5191"}],"version-history":[{"count":0,"href":"https:\/\/www.cncmarketi.com\/index.php\/wp-json\/wp\/v2\/product\/5191\/revisions"}],"wp:featuredmedia":[{"embeddable":true,"href":"https:\/\/www.cncmarketi.com\/index.php\/wp-json\/wp\/v2\/media\/5185"}],"wp:attachment":[{"href":"https:\/\/www.cncmarketi.com\/index.php\/wp-json\/wp\/v2\/media?parent=5191"}],"wp:term":[{"taxonomy":"brand","embeddable":true,"href":"https:\/\/www.cncmarketi.com\/index.php\/wp-json\/wp\/v2\/etheme_brands?post=5191"},{"taxonomy":"product_cat","embeddable":true,"href":"https:\/\/www.cncmarketi.com\/index.php\/wp-json\/wp\/v2\/product_cat?post=5191"},{"taxonomy":"product_tag","embeddable":true,"href":"https:\/\/www.cncmarketi.com\/index.php\/wp-json\/wp\/v2\/product_tag?post=5191"}],"curies":[{"name":"wp","href":"https:\/\/api.w.org\/{rel}","templated":true}]}}