{"id":5184,"date":"2023-08-06T08:13:56","date_gmt":"2023-08-06T05:13:56","guid":{"rendered":"https:\/\/www.cncmarketi.com\/index.php\/product\/bitmis-ayakkabi-bukme-test-makinesi-ayakkabi-topuk-parcasi-bukme-test-cihazi\/"},"modified":"2023-08-06T08:59:54","modified_gmt":"2023-08-06T05:59:54","slug":"bitmis-ayakkabi-bukme-test-makinesi-ayakkabi-topuk-parcasi-bukme-test-cihazi","status":"publish","type":"product","link":"https:\/\/www.cncmarketi.com\/index.php\/product\/bitmis-ayakkabi-bukme-test-makinesi-ayakkabi-topuk-parcasi-bukme-test-cihazi\/","title":{"rendered":"Bitmi\u015f Ayakkab\u0131 B\u00fckme Test Makinesi, Ayakkab\u0131 Topuk Par\u00e7as\u0131 B\u00fckme Test Cihaz\u0131"},"content":{"rendered":"<p>Finished Shoes Bending Testing Machine, Shoe Heel Piece Bending Tester<br \/>\nModel<br \/>\nNG-330<br \/>\nMOQ<br \/>\n1 Set<br \/>\nLead Time<br \/>\n3-15 Working Days<br \/>\nCountry of Origin<br \/>\nChina<br \/>\nPackage<br \/>\nStandard Export Wooden Box<br \/>\nOEM &#038; ODM<br \/>\nSupport<br \/>\n\u63cf\u8ff0<br \/>\n\u7528\u6237\u8bc4\u8bba (0)<br \/>\n\u63cf\u8ff0<br \/>\nSummary:<br \/>\nFinished Shoes Bending Resistance Test Machine specialized testing of sports shoes, casual shoes, work shoes, shoe, after a long time, given frequency, after setting the bending angle of the continuous back and forth, to assess their folding properities or view their degree of cracking.<br \/>\nFeatures:<br \/>\nRational design, elegant appearance, easy operation.<br \/>\nThe spindle is made up of carbon steel, sturdy and durable.<br \/>\nThe belt pulley is connected with the spindle in a gapless way, which minimizes the noise and abrasion. The tooth belt makes the rotation more precise and stable.<br \/>\nOffset vibration design and Shockproof foot rack make the tester more stable, firm and durable.<br \/>\nThe acryl protective cover guarantees the safety of operator.<br \/>\nApplication Standards:<br \/>\nSATRA TM92: Resistance of footwear to flexing<br \/>\nASTM-F911: Standard Test Method for Flexibility of Running Shoes<br \/>\nETC\u2026<br \/>\nSpecifications<br \/>\nModel<br \/>\nFinished Shoes Bending Resistance Test Machine<br \/>\nBending angle<br \/>\n0\u00b0~90\u00b0(adjustable)<br \/>\nSpeed<br \/>\n(0 ~ 150) cpm<br \/>\nSpecimen number<br \/>\n4 Shoes<br \/>\nCounter<br \/>\n6 Electronic LCD<br \/>\nVolume<br \/>\n(100\u00d778\u00d770) cm<br \/>\nPower<br \/>\nAC220V 50HZ<br \/>\nNEWGOER is a professional manufacturer for various test equipment, we denote ourselves to making best quality products and service for providing you a suitable solutions!<br \/>\nWe focus on every details of product quality and precision.<\/p>\n","protected":false},"excerpt":{"rendered":"<p>Finished Shoes Bending Testing Machine, Shoe Heel Piece Bending Tester Model NG-330 MOQ 1 Set Lead Time 3-15 Working Days Country of Origin China Package&#8230;<\/p>\n","protected":false},"featured_media":5178,"comment_status":"open","ping_status":"closed","template":"","meta":[],"etheme_brands":[{"term_id":67,"name":"Newgoer","slug":"newgoer","term_group":0,"term_taxonomy_id":67,"taxonomy":"brand","description":"","parent":0,"count":271,"filter":"raw"}],"product_cat":[64],"product_tag":[],"_links":{"self":[{"href":"https:\/\/www.cncmarketi.com\/index.php\/wp-json\/wp\/v2\/product\/5184"}],"collection":[{"href":"https:\/\/www.cncmarketi.com\/index.php\/wp-json\/wp\/v2\/product"}],"about":[{"href":"https:\/\/www.cncmarketi.com\/index.php\/wp-json\/wp\/v2\/types\/product"}],"replies":[{"embeddable":true,"href":"https:\/\/www.cncmarketi.com\/index.php\/wp-json\/wp\/v2\/comments?post=5184"}],"version-history":[{"count":0,"href":"https:\/\/www.cncmarketi.com\/index.php\/wp-json\/wp\/v2\/product\/5184\/revisions"}],"wp:featuredmedia":[{"embeddable":true,"href":"https:\/\/www.cncmarketi.com\/index.php\/wp-json\/wp\/v2\/media\/5178"}],"wp:attachment":[{"href":"https:\/\/www.cncmarketi.com\/index.php\/wp-json\/wp\/v2\/media?parent=5184"}],"wp:term":[{"taxonomy":"brand","embeddable":true,"href":"https:\/\/www.cncmarketi.com\/index.php\/wp-json\/wp\/v2\/etheme_brands?post=5184"},{"taxonomy":"product_cat","embeddable":true,"href":"https:\/\/www.cncmarketi.com\/index.php\/wp-json\/wp\/v2\/product_cat?post=5184"},{"taxonomy":"product_tag","embeddable":true,"href":"https:\/\/www.cncmarketi.com\/index.php\/wp-json\/wp\/v2\/product_tag?post=5184"}],"curies":[{"name":"wp","href":"https:\/\/api.w.org\/{rel}","templated":true}]}}