{"id":5177,"date":"2023-08-06T08:13:47","date_gmt":"2023-08-06T05:13:47","guid":{"rendered":"https:\/\/www.cncmarketi.com\/index.php\/product\/flip-telefon-yasam-test-cihazi-cep-telefonu-kapagi-clampshell-life-yorgunluk-test-cihazi\/"},"modified":"2023-08-06T08:59:54","modified_gmt":"2023-08-06T05:59:54","slug":"flip-telefon-yasam-test-cihazi-cep-telefonu-kapagi-clampshell-life-yorgunluk-test-cihazi","status":"publish","type":"product","link":"https:\/\/www.cncmarketi.com\/index.php\/product\/flip-telefon-yasam-test-cihazi-cep-telefonu-kapagi-clampshell-life-yorgunluk-test-cihazi\/","title":{"rendered":"Flip Telefon Ya\u015fam Test Cihaz\u0131, Cep Telefonu Kapa\u011f\u0131 Clampshell Life Yorgunluk Test Cihaz\u0131"},"content":{"rendered":"<p>Flip Phone Life Tester, Mobile Phone Cover Clampshell Life Fatigue Tester<br \/>\nModel<br \/>\nNG-221<br \/>\nMOQ<br \/>\n1 Set<br \/>\nLead Time<br \/>\n3-15 Working Days<br \/>\nCountry of Origin<br \/>\nChina<br \/>\nPackage<br \/>\nStandard Export Wooden Box<br \/>\nOEM &#038; ODM<br \/>\nSupport<br \/>\n\u63cf\u8ff0<br \/>\n\u7528\u6237\u8bc4\u8bba (0)<br \/>\n\u63cf\u8ff0<br \/>\nSummary:<br \/>\nThe mobile phone clamshell life testing machine is a special equipment for clamshell fatigue test.Its structure design is reasonable, unique, small volume, suitable for limited space location or in the temperature control box in the test environment.Using the sensor to directly detect the flip count of mobile phone, through two stepper motor movement over transmission, open and close the action, stable operation of the equipment, low noise, maintenance free.Four product tests can be done at one time. The machine automatically counts the number of times and automatically stops when it reaches the set number. It has full applicability for different types of mobile phones.<br \/>\nFeatures:<br \/>\nTouch Screen controlled, easy and convenient operation.<br \/>\nFour test station at same times, improve the work efficiency.<br \/>\nThe test stroke and test speed can be settable as required.<br \/>\nStable running, low noisy and maintenance-free.<br \/>\nComplete machine, don\u2019t need to assemble, can use directly.<br \/>\nSpecifications:<br \/>\nTest Stations<br \/>\n4 test stations<br \/>\nDisplay<br \/>\nColour Touch Screen<br \/>\nSwing Angle Range<br \/>\n0\uff5e180\u00b0 adjustable<br \/>\nTest speed<br \/>\n10\uff5e70 times \/ minutes adjustable<br \/>\nSample thickness<br \/>\n10~60mm<br \/>\nMotion mode<br \/>\nAutomatic<br \/>\nCounter<br \/>\n0~999999 (Memory counting)<br \/>\nFixtures<br \/>\nAntistatic Fixture<br \/>\nPower<br \/>\nAC220V\u00b110% 50\/60HZ<br \/>\nMachine size<br \/>\nApprox 620*320*380mm<br \/>\nWeight<br \/>\nApprox 60kg<\/p>\n","protected":false},"excerpt":{"rendered":"<p>Flip Phone Life Tester, Mobile Phone Cover Clampshell Life Fatigue Tester Model NG-221 MOQ 1 Set Lead Time 3-15 Working Days Country of Origin China&#8230;<\/p>\n","protected":false},"featured_media":5172,"comment_status":"open","ping_status":"closed","template":"","meta":[],"etheme_brands":[{"term_id":67,"name":"Newgoer","slug":"newgoer","term_group":0,"term_taxonomy_id":67,"taxonomy":"brand","description":"","parent":0,"count":271,"filter":"raw"}],"product_cat":[64],"product_tag":[],"_links":{"self":[{"href":"https:\/\/www.cncmarketi.com\/index.php\/wp-json\/wp\/v2\/product\/5177"}],"collection":[{"href":"https:\/\/www.cncmarketi.com\/index.php\/wp-json\/wp\/v2\/product"}],"about":[{"href":"https:\/\/www.cncmarketi.com\/index.php\/wp-json\/wp\/v2\/types\/product"}],"replies":[{"embeddable":true,"href":"https:\/\/www.cncmarketi.com\/index.php\/wp-json\/wp\/v2\/comments?post=5177"}],"version-history":[{"count":0,"href":"https:\/\/www.cncmarketi.com\/index.php\/wp-json\/wp\/v2\/product\/5177\/revisions"}],"wp:featuredmedia":[{"embeddable":true,"href":"https:\/\/www.cncmarketi.com\/index.php\/wp-json\/wp\/v2\/media\/5172"}],"wp:attachment":[{"href":"https:\/\/www.cncmarketi.com\/index.php\/wp-json\/wp\/v2\/media?parent=5177"}],"wp:term":[{"taxonomy":"brand","embeddable":true,"href":"https:\/\/www.cncmarketi.com\/index.php\/wp-json\/wp\/v2\/etheme_brands?post=5177"},{"taxonomy":"product_cat","embeddable":true,"href":"https:\/\/www.cncmarketi.com\/index.php\/wp-json\/wp\/v2\/product_cat?post=5177"},{"taxonomy":"product_tag","embeddable":true,"href":"https:\/\/www.cncmarketi.com\/index.php\/wp-json\/wp\/v2\/product_tag?post=5177"}],"curies":[{"name":"wp","href":"https:\/\/api.w.org\/{rel}","templated":true}]}}