{"id":5164,"date":"2023-08-06T08:13:34","date_gmt":"2023-08-06T05:13:34","guid":{"rendered":"https:\/\/www.cncmarketi.com\/index.php\/product\/bitmis-ayakkabi-bukme-test-makinesi-ayakkabi-topuk-esnek-test-cihazi\/"},"modified":"2023-08-06T08:59:54","modified_gmt":"2023-08-06T05:59:54","slug":"bitmis-ayakkabi-bukme-test-makinesi-ayakkabi-topuk-esnek-test-cihazi","status":"publish","type":"product","link":"https:\/\/www.cncmarketi.com\/index.php\/product\/bitmis-ayakkabi-bukme-test-makinesi-ayakkabi-topuk-esnek-test-cihazi\/","title":{"rendered":"Bitmi\u015f Ayakkab\u0131 B\u00fckme Test Makinesi, Ayakkab\u0131 Topuk Esnek Test Cihaz\u0131"},"content":{"rendered":"<p>Finished Shoes Bending Testing Machine, Shoes Heel Flexing Tester<br \/>\nModel<br \/>\nNG-329<br \/>\nMOQ<br \/>\n1 Set<br \/>\nLead Time<br \/>\n3-15 Working Days<br \/>\nCountry of Origin<br \/>\nChina<br \/>\nPackage<br \/>\nStandard Export Wooden Box<br \/>\nOEM &#038; ODM<br \/>\nSupport<br \/>\n\u63cf\u8ff0<br \/>\n\u7528\u6237\u8bc4\u8bba (0)<br \/>\n\u63cf\u8ff0<br \/>\nSummary: Finished Shoes Bending Resistance Test Machine is used for bending resistance test for finished shoes. Shoes and soles is twisted as a certain angle during a certain time, observe the shoes and sole damage, or check the crack location and degree, so as to improve quality. The machine can set test times and stop working at the set value.<br \/>\nSample preparation:<br \/>\nSample must be the finished shoes made within 48 hours, no obvious defects.<br \/>\nEach group of sample should not less than 2 pairs.<br \/>\nApplicable standard: SATRA-TM92<br \/>\nSpecifications<br \/>\nModel<br \/>\nFinished Shoes Bending Resistance Test Machine<br \/>\nBending angle<br \/>\n0\u00b0~90\u00b0(adjustable)<br \/>\nSpeed<br \/>\n100\u00b15 rpm cpm<br \/>\nSpecimen test station<br \/>\n4 pcs<br \/>\nCounter<br \/>\n6 Electronic LCD<br \/>\nMaterials<br \/>\nstainless steel or cold rolled sheet with powder coated<br \/>\nPower<br \/>\nAC220V 50HZ<br \/>\nNEWGOER is a professional manufacturer for various test equipment, we denote ourselves to making best quality products and service for providing you a suitable solutions!<br \/>\nWe focus on every details of product quality and precision.<\/p>\n","protected":false},"excerpt":{"rendered":"<p>Finished Shoes Bending Testing Machine, Shoes Heel Flexing Tester Model NG-329 MOQ 1 Set Lead Time 3-15 Working Days Country of Origin China Package Standard&#8230;<\/p>\n","protected":false},"featured_media":5158,"comment_status":"open","ping_status":"closed","template":"","meta":[],"etheme_brands":[{"term_id":67,"name":"Newgoer","slug":"newgoer","term_group":0,"term_taxonomy_id":67,"taxonomy":"brand","description":"","parent":0,"count":271,"filter":"raw"}],"product_cat":[64],"product_tag":[],"_links":{"self":[{"href":"https:\/\/www.cncmarketi.com\/index.php\/wp-json\/wp\/v2\/product\/5164"}],"collection":[{"href":"https:\/\/www.cncmarketi.com\/index.php\/wp-json\/wp\/v2\/product"}],"about":[{"href":"https:\/\/www.cncmarketi.com\/index.php\/wp-json\/wp\/v2\/types\/product"}],"replies":[{"embeddable":true,"href":"https:\/\/www.cncmarketi.com\/index.php\/wp-json\/wp\/v2\/comments?post=5164"}],"version-history":[{"count":0,"href":"https:\/\/www.cncmarketi.com\/index.php\/wp-json\/wp\/v2\/product\/5164\/revisions"}],"wp:featuredmedia":[{"embeddable":true,"href":"https:\/\/www.cncmarketi.com\/index.php\/wp-json\/wp\/v2\/media\/5158"}],"wp:attachment":[{"href":"https:\/\/www.cncmarketi.com\/index.php\/wp-json\/wp\/v2\/media?parent=5164"}],"wp:term":[{"taxonomy":"brand","embeddable":true,"href":"https:\/\/www.cncmarketi.com\/index.php\/wp-json\/wp\/v2\/etheme_brands?post=5164"},{"taxonomy":"product_cat","embeddable":true,"href":"https:\/\/www.cncmarketi.com\/index.php\/wp-json\/wp\/v2\/product_cat?post=5164"},{"taxonomy":"product_tag","embeddable":true,"href":"https:\/\/www.cncmarketi.com\/index.php\/wp-json\/wp\/v2\/product_tag?post=5164"}],"curies":[{"name":"wp","href":"https:\/\/api.w.org\/{rel}","templated":true}]}}