{"id":5150,"date":"2023-08-06T08:13:20","date_gmt":"2023-08-06T05:13:20","guid":{"rendered":"https:\/\/www.cncmarketi.com\/index.php\/product\/kumas-hidrostatik-kafa-basinc-test-cihazi-tekstil-suyu-gecirgenlik-test-cihazi\/"},"modified":"2023-08-06T08:59:54","modified_gmt":"2023-08-06T05:59:54","slug":"kumas-hidrostatik-kafa-basinc-test-cihazi-tekstil-suyu-gecirgenlik-test-cihazi","status":"publish","type":"product","link":"https:\/\/www.cncmarketi.com\/index.php\/product\/kumas-hidrostatik-kafa-basinc-test-cihazi-tekstil-suyu-gecirgenlik-test-cihazi\/","title":{"rendered":"Kuma\u015f hidrostatik kafa bas\u0131n\u00e7 test cihaz\u0131, tekstil suyu ge\u00e7irgenlik test cihaz\u0131"},"content":{"rendered":"<p>Fabric Hydrostatic Head Pressure Tester, Textile Water Permeability Tester<br \/>\nModel<br \/>\nNG-311<br \/>\nMOQ<br \/>\n1 Set<br \/>\nLead Time<br \/>\n3-15 Working Days<br \/>\nCountry of Origin<br \/>\nChina<br \/>\nPackage<br \/>\nStandard Export Wooden Box<br \/>\nOEM &#038; ODM<br \/>\nSupport<br \/>\n\u63cf\u8ff0<br \/>\n\u7528\u6237\u8bc4\u8bba (0)<br \/>\n\u63cf\u8ff0<br \/>\nSummary:<br \/>\nHydrostatic Pressure Tester, used for determining the resistance of fabrics (canvas, coated fabrics,<br \/>\ncover cloth, rainproof clothing fabrics and geotextile materials) and films to water penetration under<br \/>\npressure while firmly clamped in the test rig of standard area, by means of dynamic test method and<br \/>\nstatic test method. The bank is linked to a test head to which the specimen is clamped quickly and<br \/>\nstably by means of a automatic clamp.<br \/>\nAfter starting the hydrostatic pressure test, the test pressure is automatically controlled; hydrostatic head test result and process is digitally displayed on LCD pane. The test specimen is observed visually for evidence of penetration by water. The test area is well illuminated and an unobstructed observation of the sample is from all sides greatly facilitates the visual drop detection.<br \/>\nStandards:<br \/>\nGB\/T4744: Textiles \u2013 Testing and evaluation for water resistance Hydrostatic pressure method<br \/>\nFZT 01004: Coated fabrics \u2013 Determination of resistance to Penetration<br \/>\nAATCC 127: Water resistance \u2013 Hydrostatic pressure test<br \/>\nDIN 53886: Determination of resistance of textile fabrics to water penetration; hydrostatic pressure test<br \/>\nJIS L1092: Testing method for water resistance of textiles<br \/>\nETC\u2026<br \/>\nFeatures:<br \/>\nGas pressurized: pressurizing speed uniformly faster response, without limitation stroke<br \/>\nTest results are automatically grade evaluation<br \/>\nPneumatic clamp sample, convenient, fast, stable and consistent<br \/>\nFree angle of enhanced lighting system, users can easily observe the condition of the sample test<br \/>\nThere is constant pressure warning function, reduce experimental observation time<br \/>\nUsing industrial-grade processor precise process control<br \/>\nHigh-precision 16-bit AD converter chip collecting real pressure<br \/>\n8.7-inch color touch-screen display control, the English menu, the system is free to set the time<br \/>\nBuilt-three kinds of testing methods, the greatest extent to meet the different requirements of the<br \/>\nstandard test<br \/>\nA variety of pressure units (Pa, Kpa, mmH20, mmHg) may be free to switch, and provides the unit<br \/>\nconversion table for the query, which can meet different national standards.<br \/>\nSpecifications:<br \/>\nModel<br \/>\nNG-311-5<br \/>\nNG-311-20<br \/>\nMeasurement range<br \/>\n100Pa~50KPa<br \/>\n500Pa~200KPa<br \/>\nRate of water pressure rise<br \/>\n1KPa\uff5e20KPa\/min adjustable<br \/>\n1KPa\uff5e30KPa\/min adjustable<br \/>\nDisplay accurate<br \/>\n\u226410Pa<br \/>\nAccuracy<br \/>\n\u2264\u00b10.2%FS<br \/>\nWorking mode<br \/>\n4<br \/>\nTest Head Area<br \/>\n100cm2<br \/>\nDisplay<br \/>\nTouch Screen Controller<br \/>\nWeight<br \/>\n60kg<br \/>\nPower<br \/>\nAC220V, 50Hz<\/p>\n","protected":false},"excerpt":{"rendered":"<p>Fabric Hydrostatic Head Pressure Tester, Textile Water Permeability Tester Model NG-311 MOQ 1 Set Lead Time 3-15 Working Days Country of Origin China Package Standard&#8230;<\/p>\n","protected":false},"featured_media":5144,"comment_status":"open","ping_status":"closed","template":"","meta":[],"etheme_brands":[{"term_id":67,"name":"Newgoer","slug":"newgoer","term_group":0,"term_taxonomy_id":67,"taxonomy":"brand","description":"","parent":0,"count":271,"filter":"raw"}],"product_cat":[64],"product_tag":[],"_links":{"self":[{"href":"https:\/\/www.cncmarketi.com\/index.php\/wp-json\/wp\/v2\/product\/5150"}],"collection":[{"href":"https:\/\/www.cncmarketi.com\/index.php\/wp-json\/wp\/v2\/product"}],"about":[{"href":"https:\/\/www.cncmarketi.com\/index.php\/wp-json\/wp\/v2\/types\/product"}],"replies":[{"embeddable":true,"href":"https:\/\/www.cncmarketi.com\/index.php\/wp-json\/wp\/v2\/comments?post=5150"}],"version-history":[{"count":0,"href":"https:\/\/www.cncmarketi.com\/index.php\/wp-json\/wp\/v2\/product\/5150\/revisions"}],"wp:featuredmedia":[{"embeddable":true,"href":"https:\/\/www.cncmarketi.com\/index.php\/wp-json\/wp\/v2\/media\/5144"}],"wp:attachment":[{"href":"https:\/\/www.cncmarketi.com\/index.php\/wp-json\/wp\/v2\/media?parent=5150"}],"wp:term":[{"taxonomy":"brand","embeddable":true,"href":"https:\/\/www.cncmarketi.com\/index.php\/wp-json\/wp\/v2\/etheme_brands?post=5150"},{"taxonomy":"product_cat","embeddable":true,"href":"https:\/\/www.cncmarketi.com\/index.php\/wp-json\/wp\/v2\/product_cat?post=5150"},{"taxonomy":"product_tag","embeddable":true,"href":"https:\/\/www.cncmarketi.com\/index.php\/wp-json\/wp\/v2\/product_tag?post=5150"}],"curies":[{"name":"wp","href":"https:\/\/api.w.org\/{rel}","templated":true}]}}