{"id":5143,"date":"2023-08-06T08:13:12","date_gmt":"2023-08-06T05:13:12","guid":{"rendered":"https:\/\/www.cncmarketi.com\/index.php\/product\/kumas-tekstil-cekme-yirtilma-test-makinesi-tekstil-icin-evrensel-cekme-test-cihazi\/"},"modified":"2023-08-06T08:59:54","modified_gmt":"2023-08-06T05:59:54","slug":"kumas-tekstil-cekme-yirtilma-test-makinesi-tekstil-icin-evrensel-cekme-test-cihazi","status":"publish","type":"product","link":"https:\/\/www.cncmarketi.com\/index.php\/product\/kumas-tekstil-cekme-yirtilma-test-makinesi-tekstil-icin-evrensel-cekme-test-cihazi\/","title":{"rendered":"Kuma\u015f Tekstil \u00c7ekme Y\u0131rt\u0131lma Test Makinesi, Tekstil i\u00e7in Evrensel \u00c7ekme Test Cihaz\u0131"},"content":{"rendered":"<p>\u63cf\u8ff0<br \/>\nItems<br \/>\nFabric Universal Tensile Stretched Testing Machine<br \/>\nModel<br \/>\nNG-106 \/ NG-106A<br \/>\nMax. Capacity<br \/>\n10, 20, 50, 100, 200Kg (Optional)<br \/>\nUnit<br \/>\nG, KG, N, LB can be exchanged<br \/>\nAccurate Grade<br \/>\n0.5grade<br \/>\nDisplay Device<br \/>\nPC<br \/>\nResolution<br \/>\n1\/250,000<br \/>\nEffective Accuracy<br \/>\n\u00b10.2% (0.5grade)<br \/>\nMax. Effective Stroke<br \/>\n600mm (column 143mm)<br \/>\nSpeed Range<br \/>\n0.05-500mm\/min (adjustable )<br \/>\nMotor<br \/>\nServo Motor + High Precise Ball Screw<br \/>\nElongation Accuracy<br \/>\n0.001mm<br \/>\nPower<br \/>\nAC220V, 50\/60HZ (Or customized)<br \/>\nStandard Accessories<br \/>\nTensile Clamp (According to your test samples), English Computer,<br \/>\nEnglish Software CD<br \/>\nTensile Testing of Textile Fabrics<br \/>\nTensile testing of textiles provides the strength and elongation properties for both natural and manmade materials, such as cotton, carbon, polyester, nylon, glass and graphite. Textiles can be tensile tested in many forms, including single strands, yarns, webbing, woven, braided material and nonwoven fabrics. The majority of textile fabric tensile testing is performed as either a grab test, in an effort to eliminate edge effects, or a strip test, including edge effects. For a grab test, the grips clamp a fabric sample in the center using jaws smaller than the sample width. For a strip test, the grips clamp a strip of fabric using jaws wider than the sample width. For both tests, grip the specimen inside the ends of the sample length. Machines for textile tensile testing are typically low force, high elongation, constant rate of elongation or load and are table-top systems.<br \/>\nTearing Strength Testing of Textile Fabrics<br \/>\nASTM D5587, ASTM D2261\u2026 Etc standatd are a testing specification that determines the tearing strength of textile fabrics by the trapezoid procedure using a recording constant-rate-of-extension-type (CRE) tensile testing machine. This test method applies to most fabrics such as woven fabrics, air bag fabrics, blankets, napped, knitted, layered, and pile fabrics.<br \/>\nTear strength is the capacity of a material to withstand the tearing force required to propagate a tear after its initiation. The trapezoid tear produces tension along a reasonably defined course such that the tear propagates across the width of the specimen. Tear strength can be calculated as either the single-peak force or the multiple-peak forces based on the fabric type and the tearing action observed.<br \/>\nTheory<br \/>\nMainly Clamping the specimen.control load and speed by Electronic Control System.Inductive power through force sensor and transmitted to signal to the microcomputer systems to determine various properties of the specimen.<br \/>\nRelated Applicable Test Standards<br \/>\n\u2022 ISO 13934 Test Machines for Grab and Strip Tests of Fabric<br \/>\n\u2022 ASTM D76 Tensile Textiles Test Machine<br \/>\n\u2022 ASTM D751 Coated Fabrics Rainwear Test Equipment<br \/>\n\u2022 ASTM D1683 Sewn Seams of Woven Fabric<br \/>\n\u2022 ASTM D4964 Tension and Elongation of Elastic Fabrics<br \/>\n\u2022 ASTM D5034 Grab Testing for Textile Fabrics<br \/>\n\u2022 ASTM D5035 Breaking Force and Elongation of Textile Fabrics by Strip Method<br \/>\n\u2022 ASTM D6775 Break Strength and Elongation Test Equipment for Textile Webbing, Tape and Braided Material<br \/>\n\u2022 ASTM D7269 Tensile Testing of Aramid Yarns<\/p>\n","protected":false},"excerpt":{"rendered":"<p>\u63cf\u8ff0 Items Fabric Universal Tensile Stretched Testing Machine Model NG-106 \/ NG-106A Max. Capacity 10, 20, 50, 100, 200Kg (Optional) Unit G, KG, N, LB&#8230;<\/p>\n","protected":false},"featured_media":5137,"comment_status":"open","ping_status":"closed","template":"","meta":[],"etheme_brands":[{"term_id":67,"name":"Newgoer","slug":"newgoer","term_group":0,"term_taxonomy_id":67,"taxonomy":"brand","description":"","parent":0,"count":271,"filter":"raw"}],"product_cat":[64],"product_tag":[],"_links":{"self":[{"href":"https:\/\/www.cncmarketi.com\/index.php\/wp-json\/wp\/v2\/product\/5143"}],"collection":[{"href":"https:\/\/www.cncmarketi.com\/index.php\/wp-json\/wp\/v2\/product"}],"about":[{"href":"https:\/\/www.cncmarketi.com\/index.php\/wp-json\/wp\/v2\/types\/product"}],"replies":[{"embeddable":true,"href":"https:\/\/www.cncmarketi.com\/index.php\/wp-json\/wp\/v2\/comments?post=5143"}],"version-history":[{"count":0,"href":"https:\/\/www.cncmarketi.com\/index.php\/wp-json\/wp\/v2\/product\/5143\/revisions"}],"wp:featuredmedia":[{"embeddable":true,"href":"https:\/\/www.cncmarketi.com\/index.php\/wp-json\/wp\/v2\/media\/5137"}],"wp:attachment":[{"href":"https:\/\/www.cncmarketi.com\/index.php\/wp-json\/wp\/v2\/media?parent=5143"}],"wp:term":[{"taxonomy":"brand","embeddable":true,"href":"https:\/\/www.cncmarketi.com\/index.php\/wp-json\/wp\/v2\/etheme_brands?post=5143"},{"taxonomy":"product_cat","embeddable":true,"href":"https:\/\/www.cncmarketi.com\/index.php\/wp-json\/wp\/v2\/product_cat?post=5143"},{"taxonomy":"product_tag","embeddable":true,"href":"https:\/\/www.cncmarketi.com\/index.php\/wp-json\/wp\/v2\/product_tag?post=5143"}],"curies":[{"name":"wp","href":"https:\/\/api.w.org\/{rel}","templated":true}]}}