{"id":5129,"date":"2023-08-06T08:12:58","date_gmt":"2023-08-06T05:12:58","guid":{"rendered":"https:\/\/www.cncmarketi.com\/index.php\/product\/kumas-elmendorf-yirtilma-guc-test-cihazi-fiyati-manuel-tekstil-yirtilma-test-cihazi\/"},"modified":"2023-08-06T08:59:54","modified_gmt":"2023-08-06T05:59:54","slug":"kumas-elmendorf-yirtilma-guc-test-cihazi-fiyati-manuel-tekstil-yirtilma-test-cihazi","status":"publish","type":"product","link":"https:\/\/www.cncmarketi.com\/index.php\/product\/kumas-elmendorf-yirtilma-guc-test-cihazi-fiyati-manuel-tekstil-yirtilma-test-cihazi\/","title":{"rendered":"Kuma\u015f Elmendorf Y\u0131rt\u0131lma G\u00fc\u00e7 Test Cihaz\u0131 Fiyat\u0131, Manuel Tekstil Y\u0131rt\u0131lma Test Cihaz\u0131"},"content":{"rendered":"<p>Fabric Elmendorf Tearing Strength Tester Price, Manual Textile Tearing Tester<br \/>\nModel<br \/>\nNG-304S<br \/>\nMOQ<br \/>\n1 Set<br \/>\nLead Time<br \/>\n3-15 Working Days<br \/>\nCountry of Origin<br \/>\nChina<br \/>\nPackage<br \/>\nStandard Export Wooden Box<br \/>\nOEM &#038; ODM<br \/>\nSupport<br \/>\n\u63cf\u8ff0<br \/>\n\u7528\u6237\u8bc4\u8bba (0)<br \/>\n\u63cf\u8ff0<br \/>\nSummary:<br \/>\nManual Textile Tearing Tester are accurate, low-cost and high quality falling pendulum tear testing Instruments with analog display for the determination of the average force required to propagate a single-rip tongue-type tear starting from a cut in paper, cardboard, plastics, non-woven and woven fabrics, with proper configuration.<br \/>\nTextile Tearing Tester meeting ASTM standards is suitable for most fabrics including woven, layered<br \/>\nblankets, napped pile, blanket, and air bag fabrics, and provided the fabric does not tear in the direction<br \/>\ncrosswise to the direction of the force application during the test. The fabrics may be untreated, heavily sized, coated, resin-treated, or otherwise treated. This test method covers the measurement of the average force required to propagate a single-rip tear starting from a cut in a non-woven fabric using a falling-<br \/>\npendulum (Elmendorf) apparatus<br \/>\nStandards:<br \/>\nGB\/T 3917.1 FZ\/T60006 FZ\/T75001 ISO1974\/9290 ASTM D1424\/5734 ect.<br \/>\nSpecifications<br \/>\nThe scope of tear strength<br \/>\nA:0~32N(By installing a small hammer A)<br \/>\nB:0~64N(Significant increase in heavy hammer to installB)<br \/>\nTear length<br \/>\n43mm<br \/>\nIncision length<br \/>\n20\u00b10.2mm<br \/>\nSample size<br \/>\n100(L)\u00d763(W)mm<br \/>\nForce accuracy<br \/>\n\u2264\u00b11<br \/>\nOutside dimension<br \/>\n400(L)\u00d7210(W)\u00d7395(H)mm<br \/>\nWeight<br \/>\nAbout 30Kg<\/p>\n","protected":false},"excerpt":{"rendered":"<p>Fabric Elmendorf Tearing Strength Tester Price, Manual Textile Tearing Tester Model NG-304S MOQ 1 Set Lead Time 3-15 Working Days Country of Origin China Package&#8230;<\/p>\n","protected":false},"featured_media":5123,"comment_status":"open","ping_status":"closed","template":"","meta":[],"etheme_brands":[{"term_id":67,"name":"Newgoer","slug":"newgoer","term_group":0,"term_taxonomy_id":67,"taxonomy":"brand","description":"","parent":0,"count":271,"filter":"raw"}],"product_cat":[64],"product_tag":[],"_links":{"self":[{"href":"https:\/\/www.cncmarketi.com\/index.php\/wp-json\/wp\/v2\/product\/5129"}],"collection":[{"href":"https:\/\/www.cncmarketi.com\/index.php\/wp-json\/wp\/v2\/product"}],"about":[{"href":"https:\/\/www.cncmarketi.com\/index.php\/wp-json\/wp\/v2\/types\/product"}],"replies":[{"embeddable":true,"href":"https:\/\/www.cncmarketi.com\/index.php\/wp-json\/wp\/v2\/comments?post=5129"}],"version-history":[{"count":0,"href":"https:\/\/www.cncmarketi.com\/index.php\/wp-json\/wp\/v2\/product\/5129\/revisions"}],"wp:featuredmedia":[{"embeddable":true,"href":"https:\/\/www.cncmarketi.com\/index.php\/wp-json\/wp\/v2\/media\/5123"}],"wp:attachment":[{"href":"https:\/\/www.cncmarketi.com\/index.php\/wp-json\/wp\/v2\/media?parent=5129"}],"wp:term":[{"taxonomy":"brand","embeddable":true,"href":"https:\/\/www.cncmarketi.com\/index.php\/wp-json\/wp\/v2\/etheme_brands?post=5129"},{"taxonomy":"product_cat","embeddable":true,"href":"https:\/\/www.cncmarketi.com\/index.php\/wp-json\/wp\/v2\/product_cat?post=5129"},{"taxonomy":"product_tag","embeddable":true,"href":"https:\/\/www.cncmarketi.com\/index.php\/wp-json\/wp\/v2\/product_tag?post=5129"}],"curies":[{"name":"wp","href":"https:\/\/api.w.org\/{rel}","templated":true}]}}