{"id":5094,"date":"2023-08-06T08:12:21","date_gmt":"2023-08-06T05:12:21","guid":{"rendered":"https:\/\/www.cncmarketi.com\/index.php\/product\/en-ayakkabi-sole-flexing-test-cihazi-ayakkabi-tabani-esnek-dayanikli-test-makinesi\/"},"modified":"2023-08-06T08:59:55","modified_gmt":"2023-08-06T05:59:55","slug":"en-ayakkabi-sole-flexing-test-cihazi-ayakkabi-tabani-esnek-dayanikli-test-makinesi","status":"publish","type":"product","link":"https:\/\/www.cncmarketi.com\/index.php\/product\/en-ayakkabi-sole-flexing-test-cihazi-ayakkabi-tabani-esnek-dayanikli-test-makinesi\/","title":{"rendered":"EN Ayakkab\u0131 Sole Flexing Test Cihaz\u0131, Ayakkab\u0131 taban\u0131 Esnek Dayan\u0131kl\u0131 Test Makinesi"},"content":{"rendered":"<p>EN Shoe Sole Flexing Tester, Footwear Sole Flexing Resistant Test Machine<br \/>\nModel<br \/>\nNG-372<br \/>\nMOQ<br \/>\n1 Set<br \/>\nLead Time<br \/>\n3-15 Working Days<br \/>\nCountry of Origin<br \/>\nChina<br \/>\nPackage<br \/>\nStandard Export Wooden Box<br \/>\nOEM &#038; ODM<br \/>\nSupport<br \/>\n\u63cf\u8ff0<br \/>\n\u7528\u6237\u8bc4\u8bba (0)<br \/>\n\u63cf\u8ff0<br \/>\nProduct Description:<br \/>\nShoes Outsole Flexing Test Equipment is to test the use life after the sole flexed. The sole may break or craze after long-time roller bending. When using this shoes testing equipemnt, impale several holes at the place where has max bending rate, then fix the two ends of the sole, with end fixed and the other movable. During test, make the circular shaft rise repeatedly, after bended enough times, check its stretch stage through magnifying glass.<br \/>\nStandards:<br \/>\nSATRA TM161, ISO 17707, ISO20344 section8.4.2 ,<br \/>\nISO20347 section 5.8.4, AS\/NZS 2210.2 section8.4.2<br \/>\nGB\/T 20991section8.4.2, QB\/T 288<br \/>\nASTM-D1052, ISO5423\/4643<br \/>\nSpecifications:<br \/>\nSampling<br \/>\n3pcs<br \/>\nFlexing angle<br \/>\n90\u00b0<br \/>\nFlexing Speed<br \/>\n125-150CYCLES\/MIN<br \/>\nWidth of the grips<br \/>\n144MM<br \/>\nCounter<br \/>\nLCD 0-999999<br \/>\nDimension(W*D*H)<br \/>\n100*53*30CM<br \/>\nWeight<br \/>\n98kg<br \/>\nPower<br \/>\nAC220V,3A<\/p>\n","protected":false},"excerpt":{"rendered":"<p>EN Shoe Sole Flexing Tester, Footwear Sole Flexing Resistant Test Machine Model NG-372 MOQ 1 Set Lead Time 3-15 Working Days Country of Origin China&#8230;<\/p>\n","protected":false},"featured_media":5088,"comment_status":"open","ping_status":"closed","template":"","meta":[],"etheme_brands":[{"term_id":67,"name":"Newgoer","slug":"newgoer","term_group":0,"term_taxonomy_id":67,"taxonomy":"brand","description":"","parent":0,"count":271,"filter":"raw"}],"product_cat":[64],"product_tag":[],"_links":{"self":[{"href":"https:\/\/www.cncmarketi.com\/index.php\/wp-json\/wp\/v2\/product\/5094"}],"collection":[{"href":"https:\/\/www.cncmarketi.com\/index.php\/wp-json\/wp\/v2\/product"}],"about":[{"href":"https:\/\/www.cncmarketi.com\/index.php\/wp-json\/wp\/v2\/types\/product"}],"replies":[{"embeddable":true,"href":"https:\/\/www.cncmarketi.com\/index.php\/wp-json\/wp\/v2\/comments?post=5094"}],"version-history":[{"count":0,"href":"https:\/\/www.cncmarketi.com\/index.php\/wp-json\/wp\/v2\/product\/5094\/revisions"}],"wp:featuredmedia":[{"embeddable":true,"href":"https:\/\/www.cncmarketi.com\/index.php\/wp-json\/wp\/v2\/media\/5088"}],"wp:attachment":[{"href":"https:\/\/www.cncmarketi.com\/index.php\/wp-json\/wp\/v2\/media?parent=5094"}],"wp:term":[{"taxonomy":"brand","embeddable":true,"href":"https:\/\/www.cncmarketi.com\/index.php\/wp-json\/wp\/v2\/etheme_brands?post=5094"},{"taxonomy":"product_cat","embeddable":true,"href":"https:\/\/www.cncmarketi.com\/index.php\/wp-json\/wp\/v2\/product_cat?post=5094"},{"taxonomy":"product_tag","embeddable":true,"href":"https:\/\/www.cncmarketi.com\/index.php\/wp-json\/wp\/v2\/product_tag?post=5094"}],"curies":[{"name":"wp","href":"https:\/\/api.w.org\/{rel}","templated":true}]}}