{"id":5087,"date":"2023-08-06T08:12:13","date_gmt":"2023-08-06T05:12:13","guid":{"rendered":"https:\/\/www.cncmarketi.com\/index.php\/product\/kumas-dairesel-lokus-yagma-test-cihazi-dairesel-yorunge-yontemi-test-cihazi\/"},"modified":"2023-08-06T08:59:55","modified_gmt":"2023-08-06T05:59:55","slug":"kumas-dairesel-lokus-yagma-test-cihazi-dairesel-yorunge-yontemi-test-cihazi","status":"publish","type":"product","link":"https:\/\/www.cncmarketi.com\/index.php\/product\/kumas-dairesel-lokus-yagma-test-cihazi-dairesel-yorunge-yontemi-test-cihazi\/","title":{"rendered":"Kuma\u015f dairesel lokus ya\u011fma test cihaz\u0131, dairesel y\u00f6r\u00fcnge y\u00f6ntemi test cihaz\u0131"},"content":{"rendered":"<p>Fabric Circular Locus Pilling Tester, Circular Trajectory Method Tester<br \/>\nModel<br \/>\nNG-530<br \/>\nMOQ<br \/>\n1 Set<br \/>\nLead Time<br \/>\n3-15 Working Days<br \/>\nCountry of Origin<br \/>\nChina<br \/>\nPackage<br \/>\nStandard Export Wooden Box<br \/>\nOEM &#038; ODM<br \/>\nSupport<br \/>\n\u63cf\u8ff0<br \/>\n\u7528\u6237\u8bc4\u8bba (0)<br \/>\n\u63cf\u8ff0<br \/>\nSummary:<br \/>\nThe Circular Locus Pilling Tester is used for determining the pilling and fuzzing of all kinds of fabrics to evaluable the product quality and process, such as wool, chemical fiber, mixed, kitted and woven fabrics.<br \/>\nUsing an active friction system, fabric is rubbed against a nylon brush and abrasive or an abrasive only under controlled conditions. Results of the test are achieved in minutes. The relative motion of the locus specimen grip and the abrasive platform is a circle with a relative speed of 60+\/-1 r\/min. The grip offers pressure to the specimen which is adjustable with a tolerance of +\/-1%. For added control and safety, the machine is equipped with a self-stop switch.<br \/>\nStandards<br \/>\nGB\/T 4802.1-2008<br \/>\nSpecifications:<br \/>\nMODEL:<br \/>\nNG-530<br \/>\nTest motion:<br \/>\nCircular Locus of Dia. 40mm<br \/>\nTest speed:<br \/>\n60 \u00b1 1 r\/min<br \/>\nHeight of Brush:<br \/>\n2 \u2013 12mm, adjustable<br \/>\nPressure on specimen:<br \/>\n490cN, 590cN, 780cN,<br \/>\nDimension of specimen:<br \/>\nDia 113\u00b10.5mm (100cm2)<br \/>\nCounter:<br \/>\n1 \u2013 9,999 times, stop automatically<br \/>\nstandard:<br \/>\nGB\/T 4802.1-2008<br \/>\nPower:<br \/>\n220 V 50\/60 Hz<br \/>\nWeight:<br \/>\n45kg<\/p>\n","protected":false},"excerpt":{"rendered":"<p>Fabric Circular Locus Pilling Tester, Circular Trajectory Method Tester Model NG-530 MOQ 1 Set Lead Time 3-15 Working Days Country of Origin China Package Standard&#8230;<\/p>\n","protected":false},"featured_media":5081,"comment_status":"open","ping_status":"closed","template":"","meta":[],"etheme_brands":[{"term_id":67,"name":"Newgoer","slug":"newgoer","term_group":0,"term_taxonomy_id":67,"taxonomy":"brand","description":"","parent":0,"count":271,"filter":"raw"}],"product_cat":[64],"product_tag":[],"_links":{"self":[{"href":"https:\/\/www.cncmarketi.com\/index.php\/wp-json\/wp\/v2\/product\/5087"}],"collection":[{"href":"https:\/\/www.cncmarketi.com\/index.php\/wp-json\/wp\/v2\/product"}],"about":[{"href":"https:\/\/www.cncmarketi.com\/index.php\/wp-json\/wp\/v2\/types\/product"}],"replies":[{"embeddable":true,"href":"https:\/\/www.cncmarketi.com\/index.php\/wp-json\/wp\/v2\/comments?post=5087"}],"version-history":[{"count":0,"href":"https:\/\/www.cncmarketi.com\/index.php\/wp-json\/wp\/v2\/product\/5087\/revisions"}],"wp:featuredmedia":[{"embeddable":true,"href":"https:\/\/www.cncmarketi.com\/index.php\/wp-json\/wp\/v2\/media\/5081"}],"wp:attachment":[{"href":"https:\/\/www.cncmarketi.com\/index.php\/wp-json\/wp\/v2\/media?parent=5087"}],"wp:term":[{"taxonomy":"brand","embeddable":true,"href":"https:\/\/www.cncmarketi.com\/index.php\/wp-json\/wp\/v2\/etheme_brands?post=5087"},{"taxonomy":"product_cat","embeddable":true,"href":"https:\/\/www.cncmarketi.com\/index.php\/wp-json\/wp\/v2\/product_cat?post=5087"},{"taxonomy":"product_tag","embeddable":true,"href":"https:\/\/www.cncmarketi.com\/index.php\/wp-json\/wp\/v2\/product_tag?post=5087"}],"curies":[{"name":"wp","href":"https:\/\/api.w.org\/{rel}","templated":true}]}}