{"id":5066,"date":"2023-08-06T08:11:47","date_gmt":"2023-08-06T05:11:47","guid":{"rendered":"https:\/\/www.cncmarketi.com\/index.php\/product\/en388-eldiven-anti-kesme-test-makinesi-guvenlik-eldivenleri-kesme-direnc-test-cihazi\/"},"modified":"2023-08-06T09:00:12","modified_gmt":"2023-08-06T06:00:12","slug":"en388-eldiven-anti-kesme-test-makinesi-guvenlik-eldivenleri-kesme-direnc-test-cihazi","status":"publish","type":"product","link":"https:\/\/www.cncmarketi.com\/index.php\/product\/en388-eldiven-anti-kesme-test-makinesi-guvenlik-eldivenleri-kesme-direnc-test-cihazi\/","title":{"rendered":"EN388 Eldiven Anti-Kesme Test Makinesi, G\u00fcvenlik Eldivenleri Kesme Diren\u00e7 Test Cihaz\u0131"},"content":{"rendered":"<p>EN388 Gloves Anti-Cutting Testing Machine, Safety Gloves Cutting Resistance Tester<br \/>\nModel<br \/>\nNG-ST50<br \/>\nMOQ<br \/>\n1 Set<br \/>\nLead Time<br \/>\n3-15 Working Days<br \/>\nCountry of Origin<br \/>\nChina<br \/>\nPackage<br \/>\nStandard Export Wooden Box<br \/>\nOEM &#038; ODM<br \/>\nSupport<br \/>\n\u63cf\u8ff0<br \/>\n\u7528\u6237\u8bc4\u8bba (0)<br \/>\n\u63cf\u8ff0<br \/>\nSummary:<br \/>\nEN388 Protective Gloves Cutting Test Equipment is use to determine the protective capability of the safety glove against cutting.But,it is not available for safety glove made by hard material. A driving rotation found blade under a specified load cuts the glove held by the fixture of tester to and fro. After test ,compare it with its original statuses to get the results.<br \/>\nApplicable Industries:<br \/>\nGloves Cutting Test Equipment use to determine the cut resistance of protective equipment such as safety gloves, footwear and other products etc.<br \/>\nStandards:<br \/>\nISO 20344, EN 388, GB\/T 20991 etc.<br \/>\nFeatures:<br \/>\nLCD control and setting panel<br \/>\nSafety cover provide a safer test condition<br \/>\nPreset test times with automatically stop<br \/>\nHigh quality motor provide a lower sound and longer service life.<br \/>\nSpecifications:<br \/>\nItems<br \/>\nEN388 Gloves Cutting Test Equipment<br \/>\nWeight load<br \/>\n5N\u00b10.05N<br \/>\nCutting blade<br \/>\n\u03a645\u00b10.5mm, thickness: 0.3 \u00b10.03mm<br \/>\nStroke<br \/>\n50mm<br \/>\nSpeed<br \/>\n10cm\/s<br \/>\nCounter<br \/>\n1~99999.99<br \/>\nDimensions<br \/>\n550*350*350mm<br \/>\nPower<br \/>\n220V, 50Hz<br \/>\nNEWGOER is a professional manufacturer for various test equipment, we denote ourselves to making best quality products and service for providing you a suitable solutions!<br \/>\nWe focus on every details of product quality and precision.<\/p>\n","protected":false},"excerpt":{"rendered":"<p>EN388 Gloves Anti-Cutting Testing Machine, Safety Gloves Cutting Resistance Tester Model NG-ST50 MOQ 1 Set Lead Time 3-15 Working Days Country of Origin China Package&#8230;<\/p>\n","protected":false},"featured_media":5060,"comment_status":"open","ping_status":"closed","template":"","meta":[],"etheme_brands":[{"term_id":67,"name":"Newgoer","slug":"newgoer","term_group":0,"term_taxonomy_id":67,"taxonomy":"brand","description":"","parent":0,"count":271,"filter":"raw"}],"product_cat":[64],"product_tag":[],"_links":{"self":[{"href":"https:\/\/www.cncmarketi.com\/index.php\/wp-json\/wp\/v2\/product\/5066"}],"collection":[{"href":"https:\/\/www.cncmarketi.com\/index.php\/wp-json\/wp\/v2\/product"}],"about":[{"href":"https:\/\/www.cncmarketi.com\/index.php\/wp-json\/wp\/v2\/types\/product"}],"replies":[{"embeddable":true,"href":"https:\/\/www.cncmarketi.com\/index.php\/wp-json\/wp\/v2\/comments?post=5066"}],"version-history":[{"count":0,"href":"https:\/\/www.cncmarketi.com\/index.php\/wp-json\/wp\/v2\/product\/5066\/revisions"}],"wp:featuredmedia":[{"embeddable":true,"href":"https:\/\/www.cncmarketi.com\/index.php\/wp-json\/wp\/v2\/media\/5060"}],"wp:attachment":[{"href":"https:\/\/www.cncmarketi.com\/index.php\/wp-json\/wp\/v2\/media?parent=5066"}],"wp:term":[{"taxonomy":"brand","embeddable":true,"href":"https:\/\/www.cncmarketi.com\/index.php\/wp-json\/wp\/v2\/etheme_brands?post=5066"},{"taxonomy":"product_cat","embeddable":true,"href":"https:\/\/www.cncmarketi.com\/index.php\/wp-json\/wp\/v2\/product_cat?post=5066"},{"taxonomy":"product_tag","embeddable":true,"href":"https:\/\/www.cncmarketi.com\/index.php\/wp-json\/wp\/v2\/product_tag?post=5066"}],"curies":[{"name":"wp","href":"https:\/\/api.w.org\/{rel}","templated":true}]}}