{"id":5052,"date":"2023-08-06T08:11:31","date_gmt":"2023-08-06T05:11:31","guid":{"rendered":"https:\/\/www.cncmarketi.com\/index.php\/product\/elmendorf-yirtilma-mukavemeti-test-cihazi-elektrikli-yirtilma-strenght-test-makinesi\/"},"modified":"2023-08-06T09:00:12","modified_gmt":"2023-08-06T06:00:12","slug":"elmendorf-yirtilma-mukavemeti-test-cihazi-elektrikli-yirtilma-strenght-test-makinesi","status":"publish","type":"product","link":"https:\/\/www.cncmarketi.com\/index.php\/product\/elmendorf-yirtilma-mukavemeti-test-cihazi-elektrikli-yirtilma-strenght-test-makinesi\/","title":{"rendered":"Elmendorf Y\u0131rt\u0131lma Mukavemeti Test Cihaz\u0131, Elektrikli Y\u0131rt\u0131lma Strenght Test Makinesi"},"content":{"rendered":"<p>Elmendorf Tearing Strength Tester, Electrical Tearing Strenght Testing Machine<br \/>\nModel<br \/>\nNG-304<br \/>\nMOQ<br \/>\n1 Set<br \/>\nLead Time<br \/>\n3-15 Working Days<br \/>\nCountry of Origin<br \/>\nChina<br \/>\nPackage<br \/>\nStandard Export Wooden Box<br \/>\nOEM &#038; ODM<br \/>\nSupport<br \/>\n\u63cf\u8ff0<br \/>\n\u7528\u6237\u8bc4\u8bba (0)<br \/>\n\u63cf\u8ff0<br \/>\nApplication<br \/>\nDigital Fabric tearing testing machine is used to measure the tearing strength of all kinds of woven fabrics. It can also be used to measure the tearing strength of thick paper, plastic cloth and electric rubber cloth.<br \/>\nRelated standards :<br \/>\nGB\/T3917.1, FZ\/T60006, FZ\/T75001, ISO1974\/9290, ASTM d1424\/5734, etc.<br \/>\nTechnical Parameter:<br \/>\nMeasuring range:0~16N, B.0~32N, C.0~64N<br \/>\n2.Test accuracy: less than or equal to 0.2% F\u00b7S<br \/>\n3.Tear length :43mm<br \/>\nIncision length :20 + \/ \u2013 0.1mm<br \/>\nSample size :100 * 63mm<br \/>\nSample clamping: pneumatic<br \/>\nPower supply :AC220V 50Hz, 100W<br \/>\nDimensions :500 * 440 * 690mm<br \/>\nWeight :About 40Kg(after packing)<br \/>\nInstrument features:<br \/>\nThis machine adopts single chip microcomputer for data detection and processing, pneumatic component execution process control, large LCD lattice display prompt operation procedure and display test data.With serial port and parallel port output, the inspection report can be output through the printer and on-line with the computer.This machine has the characteristics of high precision, high automation, powerful function, reliable performance and simple operation.<br \/>\nInstrument characteristics:<br \/>\nAdvanced calculation method (potential energy method) ensures accurate test and good repeatability.<br \/>\nMicro-control system, automatic test, calculation and analysis results, printing test reports and uploading test data.<br \/>\nHumanized control system, Chinese and English operation interface, simple and convenient operation, all keys are function soft keys, and the operation panel is simple and clear.<br \/>\nFree access to all data and statistical results within the host.<br \/>\nThe test unit can choose N, gf, cN and cP and automatically convert them to meet the requirements of different standards.<br \/>\nPneumatic sample clamping and pendulum release to ensure the same clamping force and reduce operating strength.<br \/>\n7. Make the sample incision automatically to ensure the consistent shape of the incision and reduce the operating intensity.<\/p>\n","protected":false},"excerpt":{"rendered":"<p>Elmendorf Tearing Strength Tester, Electrical Tearing Strenght Testing Machine Model NG-304 MOQ 1 Set Lead Time 3-15 Working Days Country of Origin China Package Standard&#8230;<\/p>\n","protected":false},"featured_media":5046,"comment_status":"open","ping_status":"closed","template":"","meta":[],"etheme_brands":[{"term_id":67,"name":"Newgoer","slug":"newgoer","term_group":0,"term_taxonomy_id":67,"taxonomy":"brand","description":"","parent":0,"count":271,"filter":"raw"}],"product_cat":[64],"product_tag":[],"_links":{"self":[{"href":"https:\/\/www.cncmarketi.com\/index.php\/wp-json\/wp\/v2\/product\/5052"}],"collection":[{"href":"https:\/\/www.cncmarketi.com\/index.php\/wp-json\/wp\/v2\/product"}],"about":[{"href":"https:\/\/www.cncmarketi.com\/index.php\/wp-json\/wp\/v2\/types\/product"}],"replies":[{"embeddable":true,"href":"https:\/\/www.cncmarketi.com\/index.php\/wp-json\/wp\/v2\/comments?post=5052"}],"version-history":[{"count":0,"href":"https:\/\/www.cncmarketi.com\/index.php\/wp-json\/wp\/v2\/product\/5052\/revisions"}],"wp:featuredmedia":[{"embeddable":true,"href":"https:\/\/www.cncmarketi.com\/index.php\/wp-json\/wp\/v2\/media\/5046"}],"wp:attachment":[{"href":"https:\/\/www.cncmarketi.com\/index.php\/wp-json\/wp\/v2\/media?parent=5052"}],"wp:term":[{"taxonomy":"brand","embeddable":true,"href":"https:\/\/www.cncmarketi.com\/index.php\/wp-json\/wp\/v2\/etheme_brands?post=5052"},{"taxonomy":"product_cat","embeddable":true,"href":"https:\/\/www.cncmarketi.com\/index.php\/wp-json\/wp\/v2\/product_cat?post=5052"},{"taxonomy":"product_tag","embeddable":true,"href":"https:\/\/www.cncmarketi.com\/index.php\/wp-json\/wp\/v2\/product_tag?post=5052"}],"curies":[{"name":"wp","href":"https:\/\/api.w.org\/{rel}","templated":true}]}}