{"id":5045,"date":"2023-08-06T08:11:24","date_gmt":"2023-08-06T05:11:24","guid":{"rendered":"https:\/\/www.cncmarketi.com\/index.php\/product\/elektronik-mikro-damla-test-cihazi-mobil-parcalar-damla-test-makinesi-simulasyon\/"},"modified":"2023-08-06T09:00:12","modified_gmt":"2023-08-06T06:00:12","slug":"elektronik-mikro-damla-test-cihazi-mobil-parcalar-damla-test-makinesi-simulasyon","status":"publish","type":"product","link":"https:\/\/www.cncmarketi.com\/index.php\/product\/elektronik-mikro-damla-test-cihazi-mobil-parcalar-damla-test-makinesi-simulasyon\/","title":{"rendered":"Elektronik Mikro Damla Test Cihaz\u0131, Mobil Par\u00e7alar Damla Test Makinesi Sim\u00fclasyon"},"content":{"rendered":"<p>\u63cf\u8ff0<br \/>\nSummary:<br \/>\nMicro Drop Tester is suitable for mobile telephone, telephone receiver, handle intercom, mock phone, MP3, CD, electronic dictionary, all small electronic consumer<br \/>\nproducts in fall testing repeat.<br \/>\nWorking Principles:<br \/>\nLifting cylinder driving on the fixture (gas finger) decline and clamp the mobile phone, rise, and then loosen the phone, mobile phone into free fall movement, at the same time the double acting cylinder expansion will push the mobile phone to the position where Fixture can clamp it. Lifting cylinder driving on the fixture (gas finger) decline and clamp the mobile phone, rise, and then loosen the phone, mobile phone into free fall movement. So until the setting number over and over again.<br \/>\nFeatures:<br \/>\nThe setting number can be automatically stop surface materials of the drop: aluminum, thickness of 12 mm.<br \/>\nPrompt functions: can set the number fell to the setting value, can be automatically stop testing.<br \/>\nAdopts Japan SMC pneumatic rodless cylinders for mobile phone mention and drop drive motor, match with precision double acting cylinder for reparations action, durable using; Can realize products such as mobile phone repeatedly fall, to detect the product resistance to impact by a high of falling.<br \/>\nDue to the pneumatic components and autocratic control mode, greatly improve test speed and consistency.<br \/>\nThe LCD touch control panel + PLC programmable controller for action program.<br \/>\nIndependent count, it will be automatic stop testing when attain the setting number.<br \/>\nSpecifications:<br \/>\nItem<br \/>\nMicro Drop Testing<br \/>\nDrop Surface Material<br \/>\nSteel Plate<br \/>\nTest station<br \/>\n2 pcs<br \/>\nMax. specimen weight<br \/>\n2kg (or specified)<br \/>\nMax. Drop height<br \/>\n150mm Adjustable (200, 300mm or customized)<br \/>\nTest speed<br \/>\n5~25times\/min<br \/>\nAir supply<br \/>\n\u22650.5Mpa<br \/>\nPLC controller<br \/>\nTouch screen setting and display<br \/>\nClamping methods<br \/>\nGas claw &#038; Vacuum chuck (or specified)<br \/>\nMachine size<br \/>\n630*550*750mm<br \/>\nPower<br \/>\n110V 60Hz<\/p>\n","protected":false},"excerpt":{"rendered":"<p>\u63cf\u8ff0 Summary: Micro Drop Tester is suitable for mobile telephone, telephone receiver, handle intercom, mock phone, MP3, CD, electronic dictionary, all small electronic consumer products&#8230;<\/p>\n","protected":false},"featured_media":5039,"comment_status":"open","ping_status":"closed","template":"","meta":[],"etheme_brands":[{"term_id":67,"name":"Newgoer","slug":"newgoer","term_group":0,"term_taxonomy_id":67,"taxonomy":"brand","description":"","parent":0,"count":271,"filter":"raw"}],"product_cat":[64],"product_tag":[],"_links":{"self":[{"href":"https:\/\/www.cncmarketi.com\/index.php\/wp-json\/wp\/v2\/product\/5045"}],"collection":[{"href":"https:\/\/www.cncmarketi.com\/index.php\/wp-json\/wp\/v2\/product"}],"about":[{"href":"https:\/\/www.cncmarketi.com\/index.php\/wp-json\/wp\/v2\/types\/product"}],"replies":[{"embeddable":true,"href":"https:\/\/www.cncmarketi.com\/index.php\/wp-json\/wp\/v2\/comments?post=5045"}],"version-history":[{"count":0,"href":"https:\/\/www.cncmarketi.com\/index.php\/wp-json\/wp\/v2\/product\/5045\/revisions"}],"wp:featuredmedia":[{"embeddable":true,"href":"https:\/\/www.cncmarketi.com\/index.php\/wp-json\/wp\/v2\/media\/5039"}],"wp:attachment":[{"href":"https:\/\/www.cncmarketi.com\/index.php\/wp-json\/wp\/v2\/media?parent=5045"}],"wp:term":[{"taxonomy":"brand","embeddable":true,"href":"https:\/\/www.cncmarketi.com\/index.php\/wp-json\/wp\/v2\/etheme_brands?post=5045"},{"taxonomy":"product_cat","embeddable":true,"href":"https:\/\/www.cncmarketi.com\/index.php\/wp-json\/wp\/v2\/product_cat?post=5045"},{"taxonomy":"product_tag","embeddable":true,"href":"https:\/\/www.cncmarketi.com\/index.php\/wp-json\/wp\/v2\/product_tag?post=5045"}],"curies":[{"name":"wp","href":"https:\/\/api.w.org\/{rel}","templated":true}]}}