{"id":5034,"date":"2023-08-06T08:11:13","date_gmt":"2023-08-06T05:11:13","guid":{"rendered":"https:\/\/www.cncmarketi.com\/index.php\/product\/elektrikli-surtunme-boyama-fitness-test-cihazi-jis-boyama-renkli-hizlik-surtunme-test-makinesi-2\/"},"modified":"2023-08-06T09:00:13","modified_gmt":"2023-08-06T06:00:13","slug":"elektrikli-surtunme-boyama-fitness-test-cihazi-jis-boyama-renkli-hizlik-surtunme-test-makinesi-2","status":"publish","type":"product","link":"https:\/\/www.cncmarketi.com\/index.php\/product\/elektrikli-surtunme-boyama-fitness-test-cihazi-jis-boyama-renkli-hizlik-surtunme-test-makinesi-2\/","title":{"rendered":"Elektrikli S\u00fcrt\u00fcnme Boyama Fitness Test Cihaz\u0131, JIS Boyama Renkli H\u0131zl\u0131k S\u00fcrt\u00fcnme Test Makinesi"},"content":{"rendered":"<p>Electric Friction Dyeing Fastness Tester, JIS Dyeing Color Fastness Rubbing Testing Machine<br \/>\nModel<br \/>\nNG-328<br \/>\nMOQ<br \/>\n1 Set<br \/>\nLead Time<br \/>\n3-15 Working Days<br \/>\nCountry of Origin<br \/>\nChina<br \/>\nPackage<br \/>\nStandard Export Wooden Box<br \/>\nOEM &#038; ODM<br \/>\nSupport<br \/>\n\u63cf\u8ff0<br \/>\n\u7528\u6237\u8bc4\u8bba (0)<br \/>\n\u63cf\u8ff0<br \/>\nSummary:<br \/>\nThis friction color fastness tester is in accordance with Type II rubbing tester (GAKUSIN TYPE) regulated in JIS L0849 by JIS TEXTILES-TESTS FOR COLOR FASTNESS. It applies to determine the color resistance of dyed or printed textiles to rubbing thus can provide<br \/>\nevidence for textile products R&#038;D and acceptance. It is reported that this tester is stricter than the ordinary horizontal reciprocation rubbing color fastness tester whose evaluating results are worse with the same specimen tests. Textiles exported to Japan should present<br \/>\ntest results by this device.<br \/>\nAdvantages:<br \/>\nBy changing optional accessories, it is versatile to a variety of specimens tests such as flocking resistance test for flocking, color fastness for artificial leather, rubbing resistance for cardboard, printing ink and coating, etc.; horizontal reciprocation rubbing color fastness test can be carried out by changing test bed.<br \/>\nTest circles can be set (electronic), automatic counting; start buzzer after counting finishing.<br \/>\nStandards:<br \/>\nJIS-L0801, 0823, 0849, 1006, 1084, K6328, P8136<br \/>\nSpecifications<br \/>\nPosition<br \/>\n2, 6 station (optional)<br \/>\nSpeed<br \/>\n30cpm<br \/>\nLoad of friction hammer<br \/>\n200g<br \/>\nAuxiliary load<br \/>\n300g<br \/>\nSize of friction hammer<br \/>\n45*50mm<br \/>\nSpecimens<br \/>\n22*3cm<br \/>\nWhite cotton<br \/>\n50*50mm<br \/>\nFriction distance<br \/>\n100mm<br \/>\nCounter<br \/>\n0~999,999<br \/>\nMotor<br \/>\n1\/4 HP<br \/>\nPower supply<br \/>\nAC220V, 50Hz<br \/>\nNEWGOER is a professional manufacturer for various test equipment, we denote ourselves to making best quality products and service for providing you a suitable solutions!<\/p>\n","protected":false},"excerpt":{"rendered":"<p>Electric Friction Dyeing Fastness Tester, JIS Dyeing Color Fastness Rubbing Testing Machine Model NG-328 MOQ 1 Set Lead Time 3-15 Working Days Country of Origin&#8230;<\/p>\n","protected":false},"featured_media":5028,"comment_status":"open","ping_status":"closed","template":"","meta":[],"etheme_brands":[{"term_id":67,"name":"Newgoer","slug":"newgoer","term_group":0,"term_taxonomy_id":67,"taxonomy":"brand","description":"","parent":0,"count":271,"filter":"raw"}],"product_cat":[64],"product_tag":[],"_links":{"self":[{"href":"https:\/\/www.cncmarketi.com\/index.php\/wp-json\/wp\/v2\/product\/5034"}],"collection":[{"href":"https:\/\/www.cncmarketi.com\/index.php\/wp-json\/wp\/v2\/product"}],"about":[{"href":"https:\/\/www.cncmarketi.com\/index.php\/wp-json\/wp\/v2\/types\/product"}],"replies":[{"embeddable":true,"href":"https:\/\/www.cncmarketi.com\/index.php\/wp-json\/wp\/v2\/comments?post=5034"}],"version-history":[{"count":0,"href":"https:\/\/www.cncmarketi.com\/index.php\/wp-json\/wp\/v2\/product\/5034\/revisions"}],"wp:featuredmedia":[{"embeddable":true,"href":"https:\/\/www.cncmarketi.com\/index.php\/wp-json\/wp\/v2\/media\/5028"}],"wp:attachment":[{"href":"https:\/\/www.cncmarketi.com\/index.php\/wp-json\/wp\/v2\/media?parent=5034"}],"wp:term":[{"taxonomy":"brand","embeddable":true,"href":"https:\/\/www.cncmarketi.com\/index.php\/wp-json\/wp\/v2\/etheme_brands?post=5034"},{"taxonomy":"product_cat","embeddable":true,"href":"https:\/\/www.cncmarketi.com\/index.php\/wp-json\/wp\/v2\/product_cat?post=5034"},{"taxonomy":"product_tag","embeddable":true,"href":"https:\/\/www.cncmarketi.com\/index.php\/wp-json\/wp\/v2\/product_tag?post=5034"}],"curies":[{"name":"wp","href":"https:\/\/api.w.org\/{rel}","templated":true}]}}