{"id":5027,"date":"2023-08-06T08:11:03","date_gmt":"2023-08-06T05:11:03","guid":{"rendered":"https:\/\/www.cncmarketi.com\/index.php\/product\/elektrik-hassasiyet-tartim-dengesi-600g-0-001g-tartim-olcegi\/"},"modified":"2023-08-06T09:00:13","modified_gmt":"2023-08-06T06:00:13","slug":"elektrik-hassasiyet-tartim-dengesi-600g-0-001g-tartim-olcegi","status":"publish","type":"product","link":"https:\/\/www.cncmarketi.com\/index.php\/product\/elektrik-hassasiyet-tartim-dengesi-600g-0-001g-tartim-olcegi\/","title":{"rendered":"Elektrik Hassasiyet Tart\u0131m Dengesi, 600g 0.001g Tart\u0131m \u00d6l\u00e7e\u011fi"},"content":{"rendered":"<p>\u63cf\u8ff0<br \/>\nSummary:<br \/>\nThe Electronic Balance adopts strain gauge sensor with high stable resistance in high accuracy and single chip microprocessor in high function and low power. It includes following function: Automatic self-calibration, tare, memory, count and error indication. Full functions and simple operation by intelligent design! Light touch indication, LCD display with backlight, easy to see, simple cleaning and good stable repeatability.<br \/>\nModel<br \/>\nNG-HS100<br \/>\nNG-HS200<br \/>\nNG-HS300<br \/>\nNG-HG400<br \/>\nNG-HG500<br \/>\nNG-HG600<br \/>\nWeighing Range<br \/>\n100g<br \/>\n200g<br \/>\n300g<br \/>\n400g<br \/>\n500g<br \/>\n600g<br \/>\nAccuracy<br \/>\n0.001g<br \/>\nPan Size<br \/>\n80mm<br \/>\nMain Features<br \/>\n1. High resolution, quick reaction and stable<br \/>\n2. There are 4 units conversion<br \/>\n3. Large LCD backlit display<br \/>\n4. Both Ac and DC, DC is dry battery power<br \/>\n5. With full range of tare function<br \/>\nModel<br \/>\nNG-AB200<br \/>\nNG-AB300<br \/>\nNG-AB400<br \/>\nNG-AB500<br \/>\nNG-AB600<br \/>\nNG-AB800<br \/>\nWeighing Range<br \/>\n210g<br \/>\n310g<br \/>\n410g<br \/>\n510g<br \/>\n610g<br \/>\n810g<br \/>\nAccuracy<br \/>\n0.001g<br \/>\nRepeatability<br \/>\n0.002g<br \/>\nPan Size<br \/>\n\u03c6110<br \/>\nMain Features<br \/>\n1. Front horizontal bubble \u2013 allows the operator to adjust the balance horizontally.<br \/>\n2. Multi \u2013 sectional air cover -5 pieces of glass constitute a transparent weighing chamber.<br \/>\n3. Small sample weighting \u2013 unique zero \u2013 set micro weighing technology can meet different use needs.<br \/>\n4. Dynamic temperature compensation \u2013 always modifies the effect of ambient temperature changes on the weighing.<br \/>\nApplication functions<br \/>\n1. Various weighing units \u2013 milligrams, grams, kilograms, ounces, pounds, carats, etc.<br \/>\n2. Environmental filtering optimization \u2013 According to the use of the environmental characteristics of the balance filter Settings, can make the weighing results faster and more stable.<br \/>\n3. Point and trace take-off \u2013 changes in the environment may cause the display to drift. Even if there is a slight change in the environment, the balance can still be weighed from 0 g.<br \/>\n4. Classic application pattern \u2013 piece weight and percentage weight<br \/>\n5. Built-in downhanging scale hook \u2013 meets the user\u2019s requirements for downhanging density measurement and other special weighing requirements.<br \/>\n6. Standard RS232 communication interface \u2013 easy to connect printers, computers and other peripherals.<\/p>\n","protected":false},"excerpt":{"rendered":"<p>\u63cf\u8ff0 Summary: The Electronic Balance adopts strain gauge sensor with high stable resistance in high accuracy and single chip microprocessor in high function and low&#8230;<\/p>\n","protected":false},"featured_media":5021,"comment_status":"open","ping_status":"closed","template":"","meta":[],"etheme_brands":[{"term_id":67,"name":"Newgoer","slug":"newgoer","term_group":0,"term_taxonomy_id":67,"taxonomy":"brand","description":"","parent":0,"count":271,"filter":"raw"}],"product_cat":[64],"product_tag":[],"_links":{"self":[{"href":"https:\/\/www.cncmarketi.com\/index.php\/wp-json\/wp\/v2\/product\/5027"}],"collection":[{"href":"https:\/\/www.cncmarketi.com\/index.php\/wp-json\/wp\/v2\/product"}],"about":[{"href":"https:\/\/www.cncmarketi.com\/index.php\/wp-json\/wp\/v2\/types\/product"}],"replies":[{"embeddable":true,"href":"https:\/\/www.cncmarketi.com\/index.php\/wp-json\/wp\/v2\/comments?post=5027"}],"version-history":[{"count":0,"href":"https:\/\/www.cncmarketi.com\/index.php\/wp-json\/wp\/v2\/product\/5027\/revisions"}],"wp:featuredmedia":[{"embeddable":true,"href":"https:\/\/www.cncmarketi.com\/index.php\/wp-json\/wp\/v2\/media\/5021"}],"wp:attachment":[{"href":"https:\/\/www.cncmarketi.com\/index.php\/wp-json\/wp\/v2\/media?parent=5027"}],"wp:term":[{"taxonomy":"brand","embeddable":true,"href":"https:\/\/www.cncmarketi.com\/index.php\/wp-json\/wp\/v2\/etheme_brands?post=5027"},{"taxonomy":"product_cat","embeddable":true,"href":"https:\/\/www.cncmarketi.com\/index.php\/wp-json\/wp\/v2\/product_cat?post=5027"},{"taxonomy":"product_tag","embeddable":true,"href":"https:\/\/www.cncmarketi.com\/index.php\/wp-json\/wp\/v2\/product_tag?post=5027"}],"curies":[{"name":"wp","href":"https:\/\/api.w.org\/{rel}","templated":true}]}}