{"id":4999,"date":"2023-08-06T08:10:33","date_gmt":"2023-08-06T05:10:33","guid":{"rendered":"https:\/\/www.cncmarketi.com\/index.php\/product\/din-abasyon-giyim-direnc-test-cihazi-kaucuk-asinma-test-cihazi\/"},"modified":"2023-08-06T09:00:13","modified_gmt":"2023-08-06T06:00:13","slug":"din-abasyon-giyim-direnc-test-cihazi-kaucuk-asinma-test-cihazi","status":"publish","type":"product","link":"https:\/\/www.cncmarketi.com\/index.php\/product\/din-abasyon-giyim-direnc-test-cihazi-kaucuk-asinma-test-cihazi\/","title":{"rendered":"Din Abasyon Giyim Diren\u00e7 Test Cihaz\u0131, Kau\u00e7uk A\u015f\u0131nma Test Cihaz\u0131"},"content":{"rendered":"<p>DIN Abrasion Wear Resistance Tester, Rubber Abrasion Tester<br \/>\nModel<br \/>\nNG-323<br \/>\nMOQ<br \/>\n1 Set<br \/>\nLead Time<br \/>\n3-15 Working Days<br \/>\nCountry of Origin<br \/>\nChina<br \/>\nPackage<br \/>\nStandard Export Wooden Box<br \/>\nOEM &#038; ODM<br \/>\nSupport<br \/>\n\u63cf\u8ff0<br \/>\n\u7528\u6237\u8bc4\u8bba (0)<br \/>\n\u63cf\u8ff0<br \/>\nSummary:<br \/>\nDIN Type Abrasion Tester is to measure the abrasion resistance of rubbers (vulcanized thermoset rubbers and thermoplastic elastomers) that are subject to abrasive\/frictional wear in their actual service, such as tires, conveyor drive belts, and shoe soles<br \/>\nMain Technical Parameters:<br \/>\nItem<br \/>\nSpecification<br \/>\nSpecimens size<br \/>\n16mm, 6-15mm (D)<br \/>\nFixture load<br \/>\n2.5N<br \/>\nWeight load<br \/>\n2.5N,5N<br \/>\nFixture lateral displacement<br \/>\n4.2mm\/wheel each lap<br \/>\nWheel diameter<br \/>\n150mm<br \/>\nWheel length<br \/>\n460mm<br \/>\nWheel rotate speed<br \/>\n40rpm<br \/>\nAbrasion speed<br \/>\n0.32m\/sec<br \/>\nDip angle<br \/>\n3\u00b0the angle of the specimen back shaft with vertical roller face<br \/>\nPrinciple:<br \/>\nUnder specified touched pressure and given area, when the sample and the abrasive paper get an angle, test the abrasion resistance of the sample on the abrasive paper with certain rank.<br \/>\nWrap the abrasive paper on the roller. The sample adpress on the roller with abrasive paper to make the sample move horizontally along with the roller. Abrasion is produced on the one end of the cylinder sample. Measure the loss value of the sample and calculate the abrasion resistance according to sample density.<br \/>\nDesign standard:<br \/>\nDIN-53516, ISO\/DIS-4649, BS903 PART9 and GB-9867.<\/p>\n","protected":false},"excerpt":{"rendered":"<p>DIN Abrasion Wear Resistance Tester, Rubber Abrasion Tester Model NG-323 MOQ 1 Set Lead Time 3-15 Working Days Country of Origin China Package Standard Export&#8230;<\/p>\n","protected":false},"featured_media":4993,"comment_status":"open","ping_status":"closed","template":"","meta":[],"etheme_brands":[{"term_id":67,"name":"Newgoer","slug":"newgoer","term_group":0,"term_taxonomy_id":67,"taxonomy":"brand","description":"","parent":0,"count":271,"filter":"raw"}],"product_cat":[64],"product_tag":[],"_links":{"self":[{"href":"https:\/\/www.cncmarketi.com\/index.php\/wp-json\/wp\/v2\/product\/4999"}],"collection":[{"href":"https:\/\/www.cncmarketi.com\/index.php\/wp-json\/wp\/v2\/product"}],"about":[{"href":"https:\/\/www.cncmarketi.com\/index.php\/wp-json\/wp\/v2\/types\/product"}],"replies":[{"embeddable":true,"href":"https:\/\/www.cncmarketi.com\/index.php\/wp-json\/wp\/v2\/comments?post=4999"}],"version-history":[{"count":0,"href":"https:\/\/www.cncmarketi.com\/index.php\/wp-json\/wp\/v2\/product\/4999\/revisions"}],"wp:featuredmedia":[{"embeddable":true,"href":"https:\/\/www.cncmarketi.com\/index.php\/wp-json\/wp\/v2\/media\/4993"}],"wp:attachment":[{"href":"https:\/\/www.cncmarketi.com\/index.php\/wp-json\/wp\/v2\/media?parent=4999"}],"wp:term":[{"taxonomy":"brand","embeddable":true,"href":"https:\/\/www.cncmarketi.com\/index.php\/wp-json\/wp\/v2\/etheme_brands?post=4999"},{"taxonomy":"product_cat","embeddable":true,"href":"https:\/\/www.cncmarketi.com\/index.php\/wp-json\/wp\/v2\/product_cat?post=4999"},{"taxonomy":"product_tag","embeddable":true,"href":"https:\/\/www.cncmarketi.com\/index.php\/wp-json\/wp\/v2\/product_tag?post=4999"}],"curies":[{"name":"wp","href":"https:\/\/api.w.org\/{rel}","templated":true}]}}