{"id":4985,"date":"2023-08-06T08:10:18","date_gmt":"2023-08-06T05:10:18","guid":{"rendered":"https:\/\/www.cncmarketi.com\/index.php\/product\/ekonomik-kati-yogunluk-olcer-0-001g-granuller-kati-yogunluk-test-cihazi-dansitometre\/"},"modified":"2023-08-06T09:00:13","modified_gmt":"2023-08-06T06:00:13","slug":"ekonomik-kati-yogunluk-olcer-0-001g-granuller-kati-yogunluk-test-cihazi-dansitometre","status":"publish","type":"product","link":"https:\/\/www.cncmarketi.com\/index.php\/product\/ekonomik-kati-yogunluk-olcer-0-001g-granuller-kati-yogunluk-test-cihazi-dansitometre\/","title":{"rendered":"Ekonomik Kat\u0131 Yo\u011funluk \u00d6l\u00e7er, 0.001g Gran\u00fcller Kat\u0131 Yo\u011funluk Test Cihaz\u0131, Dansitometre"},"content":{"rendered":"<p>\u63cf\u8ff0<br \/>\nSummary:<br \/>\nDirect readings, with temperature compensation, and Solution compensation, more humanized operation, suitable for on site operations.<br \/>\nFor density determination of rubber, plastic, wire and cable, electrical appliances, sports equipment, tires, glass products, hard alloy, powder metallurgy, magnetic materials, seals, ceramics, sponge, EVA materials, foam materials, alloys, friction materials, New materials, battery materials.<br \/>\nStandards:<br \/>\nASTM D792, ASTM D297, GB \/ T1033, GB \/ T2951, GB \/ T3850, GB \/ T533, HG4-1468,<br \/>\nJIS K6268, ISO 2781, ISO 1183, ISO2781, ASTMD297-93, DIN 53479, D618, D891,<br \/>\nASTM D792 -00, JISK6530, ASTM D792-00, JISK6530 and so on.<br \/>\nFeatures:<br \/>\nCan be used when the one more than one thousand scale.<br \/>\nLow precision, stability, simple operation, convenient and fast measurement<br \/>\naccording to different product characteristics, replaceable, such as water, alcohol and liquid silicone oil medium.<br \/>\n3. Low density direct reading, just two steps directly read the density value of the sample.<br \/>\n4.Low \u201cunibody large volume\u201d is used to design (D170 * H90mm W120), can be easily measured samples of any shape, including solid,<br \/>\nblock, grain, floating body, thin films, the body of water, the proportion of foam, etc.<br \/>\n5. Can be accurate and fast measurement not absorbent rubber and water absorption density rubber products<br \/>\n6. Low level RS232 data output function, can easily connect the PC and printer<br \/>\nto choose and buy liquid or powder parts measuring liquid density or powder<br \/>\nSpecifications:<br \/>\nModel<br \/>\nNG-MDJ300<br \/>\nNG-MDJ600<br \/>\nNG-MDJ1200<br \/>\nMeasurement range<br \/>\n0.01g ~ 300g<br \/>\n0.01g ~ 600g<br \/>\n0.01g ~ 1200g<br \/>\nDensity precision<br \/>\n0.001 g\/cm3<br \/>\nDensity range<br \/>\n0.001 \u2013 99.999 g\/cubic centimeter<br \/>\nTest time<br \/>\n5 seconds<br \/>\nRead directly<br \/>\nApparent density and volume<br \/>\nEst category<br \/>\nSolid,Floating body etc.<br \/>\nTemperature compensation<br \/>\nSelf compensating 0-100\u00b0C<br \/>\nSolution compensation<br \/>\nCan set 19.999<\/p>\n","protected":false},"excerpt":{"rendered":"<p>\u63cf\u8ff0 Summary: Direct readings, with temperature compensation, and Solution compensation, more humanized operation, suitable for on site operations. For density determination of rubber, plastic, wire&#8230;<\/p>\n","protected":false},"featured_media":4979,"comment_status":"open","ping_status":"closed","template":"","meta":[],"etheme_brands":[{"term_id":67,"name":"Newgoer","slug":"newgoer","term_group":0,"term_taxonomy_id":67,"taxonomy":"brand","description":"","parent":0,"count":271,"filter":"raw"}],"product_cat":[64],"product_tag":[],"_links":{"self":[{"href":"https:\/\/www.cncmarketi.com\/index.php\/wp-json\/wp\/v2\/product\/4985"}],"collection":[{"href":"https:\/\/www.cncmarketi.com\/index.php\/wp-json\/wp\/v2\/product"}],"about":[{"href":"https:\/\/www.cncmarketi.com\/index.php\/wp-json\/wp\/v2\/types\/product"}],"replies":[{"embeddable":true,"href":"https:\/\/www.cncmarketi.com\/index.php\/wp-json\/wp\/v2\/comments?post=4985"}],"version-history":[{"count":0,"href":"https:\/\/www.cncmarketi.com\/index.php\/wp-json\/wp\/v2\/product\/4985\/revisions"}],"wp:featuredmedia":[{"embeddable":true,"href":"https:\/\/www.cncmarketi.com\/index.php\/wp-json\/wp\/v2\/media\/4979"}],"wp:attachment":[{"href":"https:\/\/www.cncmarketi.com\/index.php\/wp-json\/wp\/v2\/media?parent=4985"}],"wp:term":[{"taxonomy":"brand","embeddable":true,"href":"https:\/\/www.cncmarketi.com\/index.php\/wp-json\/wp\/v2\/etheme_brands?post=4985"},{"taxonomy":"product_cat","embeddable":true,"href":"https:\/\/www.cncmarketi.com\/index.php\/wp-json\/wp\/v2\/product_cat?post=4985"},{"taxonomy":"product_tag","embeddable":true,"href":"https:\/\/www.cncmarketi.com\/index.php\/wp-json\/wp\/v2\/product_tag?post=4985"}],"curies":[{"name":"wp","href":"https:\/\/api.w.org\/{rel}","templated":true}]}}