{"id":4950,"date":"2023-08-06T08:09:43","date_gmt":"2023-08-06T05:09:43","guid":{"rendered":"https:\/\/www.cncmarketi.com\/index.php\/product\/dijital-kagit-karton-kalinlik-test-cihazi-kalinlik-gosterge-test-cihazi\/"},"modified":"2023-08-06T09:00:13","modified_gmt":"2023-08-06T06:00:13","slug":"dijital-kagit-karton-kalinlik-test-cihazi-kalinlik-gosterge-test-cihazi","status":"publish","type":"product","link":"https:\/\/www.cncmarketi.com\/index.php\/product\/dijital-kagit-karton-kalinlik-test-cihazi-kalinlik-gosterge-test-cihazi\/","title":{"rendered":"Dijital ka\u011f\u0131t karton kal\u0131nl\u0131k test cihaz\u0131, kal\u0131nl\u0131k g\u00f6sterge test cihaz\u0131"},"content":{"rendered":"<p>Digital Paper Cardboard Thickness Tester, Thickness Gauge Tester<br \/>\nModel<br \/>\nNG-609<br \/>\nMOQ<br \/>\n1 Set<br \/>\nLead Time<br \/>\n3-15 Working Days<br \/>\nCountry of Origin<br \/>\nChina<br \/>\nPackage<br \/>\nStandard Export Wooden Box<br \/>\nOEM &#038; ODM<br \/>\nSupport<br \/>\n\u63cf\u8ff0<br \/>\n\u7528\u6237\u8bc4\u8bba (0)<br \/>\n\u63cf\u8ff0<br \/>\nApplication:<br \/>\nA tester for the thickness of paper, cardboard, and some sheet materials with a certain degree of tightness. The instrument for measuring the thickness of paperboard is an indispensable testing tool for paper making enterprises, packaging manufacturers and quality inspection departments<br \/>\nTest principle:<br \/>\nThe paper or paperboard is subjected to a certain pressure between the two measuring surfaces to measure the distance between the two surfaces of the paper or paperboard, and the result is expressed in millimeters or micrometers.<br \/>\nProduct features:<br \/>\nClear any position to facilitate differential measurement<br \/>\nWith ON\/OFF switch key<br \/>\nMeasurement system can be converted<br \/>\nExecutive standard:<br \/>\nGB\/T 451.3-2002 \u201cDetermination of paper and board thickness\u201d<br \/>\nQB\/T 1055-1998 \u201cPaper and board thickness measuring instrument\u201d<br \/>\nISO 534 \u201cDetermination of thickness, tightness and bulk of paper and board\u201d<br \/>\nTechnical Parameters:<br \/>\nMeasuring range<br \/>\n0-4mm<br \/>\nGraduation value<br \/>\n0.01mm\/0.001mm<br \/>\nIndication error<br \/>\n0.05%<br \/>\nContact area<br \/>\n200\u00b15 mm\u00b2<br \/>\nContact pressure<br \/>\n100\u00b15kpa<br \/>\nParallelism<br \/>\n\u22640.035mm<br \/>\nUnit<br \/>\nmm,inch<br \/>\nDisplay<br \/>\nDigital display<br \/>\nData output<br \/>\nOptional computer connection digital display dial<br \/>\nWeight<br \/>\n5kg<br \/>\nDimensions<br \/>\n200mm*150mm*250mm<\/p>\n","protected":false},"excerpt":{"rendered":"<p>Digital Paper Cardboard Thickness Tester, Thickness Gauge Tester Model NG-609 MOQ 1 Set Lead Time 3-15 Working Days Country of Origin China Package Standard Export&#8230;<\/p>\n","protected":false},"featured_media":4944,"comment_status":"open","ping_status":"closed","template":"","meta":[],"etheme_brands":[{"term_id":67,"name":"Newgoer","slug":"newgoer","term_group":0,"term_taxonomy_id":67,"taxonomy":"brand","description":"","parent":0,"count":271,"filter":"raw"}],"product_cat":[64],"product_tag":[],"_links":{"self":[{"href":"https:\/\/www.cncmarketi.com\/index.php\/wp-json\/wp\/v2\/product\/4950"}],"collection":[{"href":"https:\/\/www.cncmarketi.com\/index.php\/wp-json\/wp\/v2\/product"}],"about":[{"href":"https:\/\/www.cncmarketi.com\/index.php\/wp-json\/wp\/v2\/types\/product"}],"replies":[{"embeddable":true,"href":"https:\/\/www.cncmarketi.com\/index.php\/wp-json\/wp\/v2\/comments?post=4950"}],"version-history":[{"count":0,"href":"https:\/\/www.cncmarketi.com\/index.php\/wp-json\/wp\/v2\/product\/4950\/revisions"}],"wp:featuredmedia":[{"embeddable":true,"href":"https:\/\/www.cncmarketi.com\/index.php\/wp-json\/wp\/v2\/media\/4944"}],"wp:attachment":[{"href":"https:\/\/www.cncmarketi.com\/index.php\/wp-json\/wp\/v2\/media?parent=4950"}],"wp:term":[{"taxonomy":"brand","embeddable":true,"href":"https:\/\/www.cncmarketi.com\/index.php\/wp-json\/wp\/v2\/etheme_brands?post=4950"},{"taxonomy":"product_cat","embeddable":true,"href":"https:\/\/www.cncmarketi.com\/index.php\/wp-json\/wp\/v2\/product_cat?post=4950"},{"taxonomy":"product_tag","embeddable":true,"href":"https:\/\/www.cncmarketi.com\/index.php\/wp-json\/wp\/v2\/product_tag?post=4950"}],"curies":[{"name":"wp","href":"https:\/\/api.w.org\/{rel}","templated":true}]}}