{"id":4893,"date":"2023-08-06T08:08:39","date_gmt":"2023-08-06T05:08:39","guid":{"rendered":"https:\/\/www.cncmarketi.com\/index.php\/product\/dijital-ekran-otomatik-micro-vickers-sertlik-test-cihazi-micro-vickers-sertlik-test-cihazi-ureticisi\/"},"modified":"2023-08-06T09:00:28","modified_gmt":"2023-08-06T06:00:28","slug":"dijital-ekran-otomatik-micro-vickers-sertlik-test-cihazi-micro-vickers-sertlik-test-cihazi-ureticisi","status":"publish","type":"product","link":"https:\/\/www.cncmarketi.com\/index.php\/product\/dijital-ekran-otomatik-micro-vickers-sertlik-test-cihazi-micro-vickers-sertlik-test-cihazi-ureticisi\/","title":{"rendered":"Dijital Ekran Otomatik Micro Vickers Sertlik Test Cihaz\u0131, Micro Vickers Sertlik Test Cihaz\u0131 \u00dcreticisi"},"content":{"rendered":"<p>\u63cf\u8ff0<br \/>\nMain Features:<br \/>\n\uf06c\u25cf With 4-inch large LCD screen, menu structure.<br \/>\n\uf06c\u25cf Automatic measuring process, easy operation.<br \/>\n\uf06c\u25cf High-definition optical system, the brightness of light source can be adjusted in 20 levels.<br \/>\n\uf06c\u25cf With hardness value conversion function, tolerance judgment by hardness upper and lower limit.<br \/>\n\uf06c\u25cf Corner length D1 and D2 can be read directly by the system.<br \/>\n\uf06c\u25cf Measurement results can be output by the printer.<br \/>\n\uf06c\u25cf Automatic turret function: The objective and Indenter can automatically switch. (HVD-1000Z)<br \/>\nApplication<br \/>\n\uf06c \u25cf Surface coating, steel, non-ferrous metals, ceramics, alloys, etc.<br \/>\n\uf06c \u25cf Heat treatment, carbonization, quenched hardened layer, nitrided layer<br \/>\n\uf06c \u25cf Small and thin parts<br \/>\nSpecifications:<br \/>\nModel<br \/>\nNG-HVD1000 \/ NG-HVD1000Z<br \/>\nTest force<br \/>\n10gf (0.098N), 25gf (0.245N), 50gf (0.49N), 100gf (0.98N),<br \/>\n200gf (1.96N), 300gf (2.94N), 500gf(4.9N), 1000gf (9.8N)<br \/>\nMin measuring unit<br \/>\n0.03125\u03bcm<br \/>\nData output<br \/>\nLCD screen display, Inside Printer<br \/>\nMax height of specimen<br \/>\n90mm<br \/>\nDistance of Indenter to outer wall<br \/>\n120mm<br \/>\nX-Y testing table<br \/>\nDimension: 100*100mm Stroke:25*25mm<br \/>\nConversion Scale<br \/>\nHRA\u3001HRB\u3001HRC\u3001HRD\u3001HRF\u3001HV\u3001HK\u3001HBW\u3001HR15N\u3001HR30N\u3001HR45N\u3001<br \/>\nHR15T\u3001HR30T\u3001HR45T<br \/>\nHardness measuring range<br \/>\n8~2900HV<br \/>\nmethod of testing force applied<br \/>\nAutomatic\uff08Loading, Dwell, Unloading\uff09<br \/>\nTest microscope magnification<br \/>\n400X(Measuring)\uff0c100X\uff08observation\uff09<br \/>\nDuration time<br \/>\n0~60s<br \/>\nPower supply<br \/>\nAC220V+5%,50-60Hz<br \/>\nStandard Accessories:<br \/>\nItem<br \/>\nQuantity<br \/>\nItem<br \/>\nQuantity<br \/>\nObjective 10x<br \/>\n1<br \/>\nPaper for thermal printer<br \/>\n1<br \/>\nObjective 40x<br \/>\n1<br \/>\nScrewdriver<br \/>\n1<br \/>\nHV Indenter<br \/>\n1<br \/>\nWrench<br \/>\n1<br \/>\nAdjusting weight<br \/>\n1<br \/>\nLeveling screw<br \/>\n4<br \/>\nRod of adjusting weight<br \/>\n1<br \/>\nEyepiece 10x<br \/>\n1<br \/>\nCross Testing table with 2 micrometers<br \/>\n1<br \/>\n2A fuse<br \/>\n2<br \/>\nFlat Testing table<br \/>\n1<br \/>\n12V20W light bulb<br \/>\n1<br \/>\nThin Specimen Testing Table<br \/>\n1<br \/>\nPower Cable<br \/>\n1<br \/>\nFilament Testing Table<br \/>\n1<br \/>\nManual<br \/>\n1<br \/>\nLevel bubble<br \/>\n1<br \/>\nAccessory box<br \/>\n1<br \/>\nMicro Vickers hardness block<br \/>\nHV0.2,400HV(Low)<br \/>\n1<br \/>\nDust cover<br \/>\n1<br \/>\nMicro Vickers hardness block<br \/>\nHV1,700HV (High)<br \/>\n1<br \/>\nOptional Accessories:<br \/>\nCCD Measuring System, Knoop Indenter<\/p>\n","protected":false},"excerpt":{"rendered":"<p>\u63cf\u8ff0 Main Features: \uf06c\u25cf With 4-inch large LCD screen, menu structure. \uf06c\u25cf Automatic measuring process, easy operation. \uf06c\u25cf High-definition optical system, the brightness of light&#8230;<\/p>\n","protected":false},"featured_media":4887,"comment_status":"open","ping_status":"closed","template":"","meta":[],"etheme_brands":[{"term_id":67,"name":"Newgoer","slug":"newgoer","term_group":0,"term_taxonomy_id":67,"taxonomy":"brand","description":"","parent":0,"count":271,"filter":"raw"}],"product_cat":[64],"product_tag":[],"_links":{"self":[{"href":"https:\/\/www.cncmarketi.com\/index.php\/wp-json\/wp\/v2\/product\/4893"}],"collection":[{"href":"https:\/\/www.cncmarketi.com\/index.php\/wp-json\/wp\/v2\/product"}],"about":[{"href":"https:\/\/www.cncmarketi.com\/index.php\/wp-json\/wp\/v2\/types\/product"}],"replies":[{"embeddable":true,"href":"https:\/\/www.cncmarketi.com\/index.php\/wp-json\/wp\/v2\/comments?post=4893"}],"version-history":[{"count":0,"href":"https:\/\/www.cncmarketi.com\/index.php\/wp-json\/wp\/v2\/product\/4893\/revisions"}],"wp:featuredmedia":[{"embeddable":true,"href":"https:\/\/www.cncmarketi.com\/index.php\/wp-json\/wp\/v2\/media\/4887"}],"wp:attachment":[{"href":"https:\/\/www.cncmarketi.com\/index.php\/wp-json\/wp\/v2\/media?parent=4893"}],"wp:term":[{"taxonomy":"brand","embeddable":true,"href":"https:\/\/www.cncmarketi.com\/index.php\/wp-json\/wp\/v2\/etheme_brands?post=4893"},{"taxonomy":"product_cat","embeddable":true,"href":"https:\/\/www.cncmarketi.com\/index.php\/wp-json\/wp\/v2\/product_cat?post=4893"},{"taxonomy":"product_tag","embeddable":true,"href":"https:\/\/www.cncmarketi.com\/index.php\/wp-json\/wp\/v2\/product_tag?post=4893"}],"curies":[{"name":"wp","href":"https:\/\/api.w.org\/{rel}","templated":true}]}}