{"id":4886,"date":"2023-08-06T08:08:33","date_gmt":"2023-08-06T05:08:33","guid":{"rendered":"https:\/\/www.cncmarketi.com\/index.php\/product\/demattia-flexing-yorgunluk-test-cihazi-iso132-demattia-kaucuk-catlama-test-cihazi\/"},"modified":"2023-08-06T09:00:28","modified_gmt":"2023-08-06T06:00:28","slug":"demattia-flexing-yorgunluk-test-cihazi-iso132-demattia-kaucuk-catlama-test-cihazi","status":"publish","type":"product","link":"https:\/\/www.cncmarketi.com\/index.php\/product\/demattia-flexing-yorgunluk-test-cihazi-iso132-demattia-kaucuk-catlama-test-cihazi\/","title":{"rendered":"Demattia Flexing Yorgunluk Test Cihaz\u0131, ISO132 Demattia Kau\u00e7uk \u00c7atlama Test Cihaz\u0131"},"content":{"rendered":"<p>Demattia Flexing Fatigue Tester, ISO132 Demattia Rubber Cracking Tester<br \/>\nModel<br \/>\nNG-371<br \/>\nMOQ<br \/>\n1 Set<br \/>\nLead Time<br \/>\n3-15 Working Days<br \/>\nCountry of Origin<br \/>\nChina<br \/>\nPackage<br \/>\nStandard Export Wooden Box<br \/>\nOEM &#038; ODM<br \/>\nSupport<br \/>\n\u63cf\u8ff0<br \/>\n\u7528\u6237\u8bc4\u8bba (0)<br \/>\n\u63cf\u8ff0<br \/>\nSummary:<br \/>\nDeMattia Flex Tester features variable speeds for testing fatigue, breakage or crack growth in rubber, plastics, leather, fibre optics and exotic composites. These models are designed with simplistic and durability in mind. The rigidity of the tester yields accurate results.<br \/>\nApplication Standards:<br \/>\nISO 132 \u2013Rubber, vulcanized or thermoplastic \u2014 Determination of flex cracking and crack growth<br \/>\n(De Mattia)<br \/>\nASTM D430 \u2013Standard Test Methods for Rubber Deterioration-Dynamic Fatigue<br \/>\nASTM D813 \u2013Standard Test Method for Rubber Deterioration-Crack Growth<br \/>\nBS 903 \u2013Methods of testing vulcanized rubber<br \/>\nJIS K6301 \u2013Physical testing methods for vulcanized rubber<br \/>\nFeatures:<br \/>\nProduction additives settings and adjustments<br \/>\nInspection of quality products<br \/>\nIn-process checks to ensure on-spec product for converting operations<br \/>\nQuality-control reporting<br \/>\nWidely used in the automotive , rubber and textile industr<br \/>\nSpecifications<br \/>\nItems<br \/>\nDemattia Rubber Flexing Fatigue Test Machine<br \/>\nTest Station<br \/>\n12 Test Stations<br \/>\nSpecimen<br \/>\n154\u00d725\u00b11\u00d76.3\u00b10.15mm<br \/>\nGrips Max. Space<br \/>\n75 +1 mm<br \/>\nReciprocating trip<br \/>\n57 +0.5 mm<br \/>\nTest Speed<br \/>\n300\u00b110 times\/min<br \/>\nCount<br \/>\nLCD display, 0~999,999<br \/>\nPower<br \/>\n220V, 50\/60Hz<\/p>\n","protected":false},"excerpt":{"rendered":"<p>Demattia Flexing Fatigue Tester, ISO132 Demattia Rubber Cracking Tester Model NG-371 MOQ 1 Set Lead Time 3-15 Working Days Country of Origin China Package Standard&#8230;<\/p>\n","protected":false},"featured_media":4880,"comment_status":"open","ping_status":"closed","template":"","meta":[],"etheme_brands":[{"term_id":67,"name":"Newgoer","slug":"newgoer","term_group":0,"term_taxonomy_id":67,"taxonomy":"brand","description":"","parent":0,"count":271,"filter":"raw"}],"product_cat":[64],"product_tag":[],"_links":{"self":[{"href":"https:\/\/www.cncmarketi.com\/index.php\/wp-json\/wp\/v2\/product\/4886"}],"collection":[{"href":"https:\/\/www.cncmarketi.com\/index.php\/wp-json\/wp\/v2\/product"}],"about":[{"href":"https:\/\/www.cncmarketi.com\/index.php\/wp-json\/wp\/v2\/types\/product"}],"replies":[{"embeddable":true,"href":"https:\/\/www.cncmarketi.com\/index.php\/wp-json\/wp\/v2\/comments?post=4886"}],"version-history":[{"count":0,"href":"https:\/\/www.cncmarketi.com\/index.php\/wp-json\/wp\/v2\/product\/4886\/revisions"}],"wp:featuredmedia":[{"embeddable":true,"href":"https:\/\/www.cncmarketi.com\/index.php\/wp-json\/wp\/v2\/media\/4880"}],"wp:attachment":[{"href":"https:\/\/www.cncmarketi.com\/index.php\/wp-json\/wp\/v2\/media?parent=4886"}],"wp:term":[{"taxonomy":"brand","embeddable":true,"href":"https:\/\/www.cncmarketi.com\/index.php\/wp-json\/wp\/v2\/etheme_brands?post=4886"},{"taxonomy":"product_cat","embeddable":true,"href":"https:\/\/www.cncmarketi.com\/index.php\/wp-json\/wp\/v2\/product_cat?post=4886"},{"taxonomy":"product_tag","embeddable":true,"href":"https:\/\/www.cncmarketi.com\/index.php\/wp-json\/wp\/v2\/product_tag?post=4886"}],"curies":[{"name":"wp","href":"https:\/\/api.w.org\/{rel}","templated":true}]}}