{"id":4879,"date":"2023-08-06T08:08:25","date_gmt":"2023-08-06T05:08:25","guid":{"rendered":"https:\/\/www.cncmarketi.com\/index.php\/product\/bilgisayar-kontrollu-viskozite-test-makinesi-kaucuk-icin-mooney-viskozimetre\/"},"modified":"2023-08-06T09:00:28","modified_gmt":"2023-08-06T06:00:28","slug":"bilgisayar-kontrollu-viskozite-test-makinesi-kaucuk-icin-mooney-viskozimetre","status":"publish","type":"product","link":"https:\/\/www.cncmarketi.com\/index.php\/product\/bilgisayar-kontrollu-viskozite-test-makinesi-kaucuk-icin-mooney-viskozimetre\/","title":{"rendered":"Bilgisayar Kontroll\u00fc Viskozite Test Makinesi, Kau\u00e7uk i\u00e7in Mooney Viskozimetre"},"content":{"rendered":"<p>\u63cf\u8ff0<br \/>\nSummary:<br \/>\nProfessional Rubber Mooney Viscometer is used for determinating rubber\u2019s viscosity and vulcanization index. Sample in a certain temperature and pressure, the rotor to a certain degree of rotation torque on the sample to a certain degree of shear stress, measure out the rubber anti-shear torque. It\u2019s a indispensable instrument of reclaimed rubber, rubber, wire and cable industry.<br \/>\nStandards:<br \/>\nASTM-D2084,ASTM-D5289,ISO-6502, ASTM-D1646<br \/>\nFeatures:<br \/>\nThe strong data function can support the drawing,storage and output printing of multiple curves under the same interface.<br \/>\nIt support the data query in many forms and output of excel queries and reports<br \/>\nIt has many analysis function like statics, deviation setting,standards curve setting ,and CPK statistical calculation<br \/>\nIt has such function as interface query,local zoom and curve comparison.<br \/>\nSelection of any any vulcanization time,range selection and screen capture.<br \/>\nAnalyzed the past test data once again,and increase or modify the reports, to avoid the loss of data.<br \/>\nThe test data are stored in the way of database,which is scientist the multiple data sequencing ways are convince for data retrieval and query.<br \/>\nThe machine will get the characteristic curve and data by measuring the strength of rubber.<br \/>\nGood reproducible and stasis tics.<br \/>\nSpecifications<br \/>\nModel<br \/>\nNG-320<br \/>\nControl temperature range<br \/>\nNormal temperature~200\u2103<br \/>\nTemperature display resolution<br \/>\n0.01\u2103\uff080.1 \u2103 common type of imported temperature controller temperature\uff09<br \/>\nTemperature control accuracy<br \/>\n\u00b10.3\u2103<br \/>\nCalibration accuracy<br \/>\nMooney value \u00b10.5<br \/>\nRotor speed<br \/>\n2 rotation\/ min \u00b10.02rotation\/ min<br \/>\nTorque range<br \/>\nMooney value 0\uff5e200<br \/>\nTorque resolution<br \/>\nMooney value 0.1<br \/>\nPrint content<br \/>\nDate, time, temperature, Mooney scorch curve and MV,T5,T35,T3,T18,@15,@30<br \/>\nPower<br \/>\n50HZ, \uff5e220V\u00b110\uff05<br \/>\nTest results<br \/>\nMeasure of Mooney viscosity (Large rotor):<br \/>\nMI \u2014 initial Mooney viscosity.<br \/>\nML \u2013 The minimum Mooney value in the last 30 seconds before the motor stopped.<br \/>\nMx-t \u2013 Mooney value relating to time t.<br \/>\nx-the time of preheat, t-Mooney test time<br \/>\nStress Relaxation<br \/>\nMRe \u2013 Mooney value at the end of stress relaxation.<br \/>\nTRx \u2013 time needed for x% torque stress relaxation.<br \/>\nXy% \u2013 % of Viscosity decay after motor stopped y sec.<br \/>\nThe value of exponent a, the constant k, the correlation coefficient r, and the area A .<br \/>\nGraph ( with Viscosity-Time curve and Test temperature curve)<br \/>\nMooney viscosity graph; Relaxation graph; log Mooney units Versus Log time graph.<br \/>\nScorch Data testing sample results:<br \/>\n-Scorch time curve<br \/>\n-Temperature curve<br \/>\n-Curve index ( Input small or Large Rotor test<br \/>\nMI \u2013 initial Mooney viscosity<br \/>\nML \u2013 Minimum Mooney viscosit<br \/>\nMF \u2013 Maximum Mooney viscosity in the end of the test<br \/>\nMx-t \u2013 Mooney value relating to time t.<br \/>\nx-the time of preheat, t-Mooney test time<br \/>\nM5\/M3 \u2013 ML+5\/3 Mooney<br \/>\nM35\/M18 \u2013 ML+35\/18 Mooney<br \/>\nt5\/t3 \u2013 Mooney burning time, M5\/M3 corresponding time, Unit: min.<br \/>\nt35\/t18 \u2013 Mooney vulcanizing time, ML+35\/18 corresponding time, unit: min<br \/>\nASTM D412 Test Method B<\/p>\n","protected":false},"excerpt":{"rendered":"<p>\u63cf\u8ff0 Summary: Professional Rubber Mooney Viscometer is used for determinating rubber\u2019s viscosity and vulcanization index. Sample in a certain temperature and pressure, the rotor to&#8230;<\/p>\n","protected":false},"featured_media":4875,"comment_status":"open","ping_status":"closed","template":"","meta":[],"etheme_brands":[{"term_id":67,"name":"Newgoer","slug":"newgoer","term_group":0,"term_taxonomy_id":67,"taxonomy":"brand","description":"","parent":0,"count":271,"filter":"raw"}],"product_cat":[64],"product_tag":[],"_links":{"self":[{"href":"https:\/\/www.cncmarketi.com\/index.php\/wp-json\/wp\/v2\/product\/4879"}],"collection":[{"href":"https:\/\/www.cncmarketi.com\/index.php\/wp-json\/wp\/v2\/product"}],"about":[{"href":"https:\/\/www.cncmarketi.com\/index.php\/wp-json\/wp\/v2\/types\/product"}],"replies":[{"embeddable":true,"href":"https:\/\/www.cncmarketi.com\/index.php\/wp-json\/wp\/v2\/comments?post=4879"}],"version-history":[{"count":0,"href":"https:\/\/www.cncmarketi.com\/index.php\/wp-json\/wp\/v2\/product\/4879\/revisions"}],"wp:featuredmedia":[{"embeddable":true,"href":"https:\/\/www.cncmarketi.com\/index.php\/wp-json\/wp\/v2\/media\/4875"}],"wp:attachment":[{"href":"https:\/\/www.cncmarketi.com\/index.php\/wp-json\/wp\/v2\/media?parent=4879"}],"wp:term":[{"taxonomy":"brand","embeddable":true,"href":"https:\/\/www.cncmarketi.com\/index.php\/wp-json\/wp\/v2\/etheme_brands?post=4879"},{"taxonomy":"product_cat","embeddable":true,"href":"https:\/\/www.cncmarketi.com\/index.php\/wp-json\/wp\/v2\/product_cat?post=4879"},{"taxonomy":"product_tag","embeddable":true,"href":"https:\/\/www.cncmarketi.com\/index.php\/wp-json\/wp\/v2\/product_tag?post=4879"}],"curies":[{"name":"wp","href":"https:\/\/api.w.org\/{rel}","templated":true}]}}