{"id":4874,"date":"2023-08-06T08:08:17","date_gmt":"2023-08-06T05:08:17","guid":{"rendered":"https:\/\/www.cncmarketi.com\/index.php\/product\/tencere-asinma-test-makinesi-yapismaz-kaplama-asinma-test-makinesi\/"},"modified":"2023-08-06T09:00:28","modified_gmt":"2023-08-06T06:00:28","slug":"tencere-asinma-test-makinesi-yapismaz-kaplama-asinma-test-makinesi","status":"publish","type":"product","link":"https:\/\/www.cncmarketi.com\/index.php\/product\/tencere-asinma-test-makinesi-yapismaz-kaplama-asinma-test-makinesi\/","title":{"rendered":"Tencere A\u015f\u0131nma Test Makinesi, Yap\u0131\u015fmaz Kaplama A\u015f\u0131nma Test Makinesi"},"content":{"rendered":"<p>Cookware Abrasion Test Machine, Non-stick Coating Abrasion Test Machine<br \/>\nModel<br \/>\nNG-175<br \/>\nMOQ<br \/>\n1 Set<br \/>\nLead Time<br \/>\n3-15 Working Days<br \/>\nCountry of Origin<br \/>\nChina<br \/>\nPackage<br \/>\nStandard Export Wooden Box<br \/>\nOEM &#038; ODM<br \/>\nSupport<br \/>\n\u63cf\u8ff0<br \/>\n\u7528\u6237\u8bc4\u8bba (0)<br \/>\n\u63cf\u8ff0<br \/>\nSummary:<br \/>\nThis Scotch Brite Abrasion Test Machine is suitable for various cookware surface coating abrasion resistance test.Under certain load test medium friction with the sample after a certain time to determine the effect of the abrasion.<br \/>\nFeatures:<br \/>\nMultiple clamping methods and various way of abrasion, allows you to test accurate and productive.<br \/>\nLED digital display to set the timer\uff0cCan be arbitrary set test time, intuitive actual test time.<br \/>\nMain Parameters:<br \/>\nTest Load(g)<br \/>\n908,1219,1500,4500,4900g<br \/>\nTest Time<br \/>\n0-9999 hours 59 minutes 59 seconds<br \/>\nAbrasion Medium<br \/>\nScotch Brite Pad (Brand 3M-7447C)<br \/>\nRotation Speed of Test Pole<br \/>\nAdjustable (standard as 200 rpm)<br \/>\nReciprocation Speed of Table<br \/>\nAdjustable (standard as 32\u00b12 cycles\/min)<br \/>\nPower<br \/>\n1\u222e,220V,5A (or customized)<br \/>\nWeight<br \/>\nApprox 55kg<br \/>\nDesign Standard<br \/>\nCMA21.1<\/p>\n","protected":false},"excerpt":{"rendered":"<p>Cookware Abrasion Test Machine, Non-stick Coating Abrasion Test Machine Model NG-175 MOQ 1 Set Lead Time 3-15 Working Days Country of Origin China Package Standard&#8230;<\/p>\n","protected":false},"featured_media":4868,"comment_status":"open","ping_status":"closed","template":"","meta":[],"etheme_brands":[{"term_id":67,"name":"Newgoer","slug":"newgoer","term_group":0,"term_taxonomy_id":67,"taxonomy":"brand","description":"","parent":0,"count":271,"filter":"raw"}],"product_cat":[64],"product_tag":[],"_links":{"self":[{"href":"https:\/\/www.cncmarketi.com\/index.php\/wp-json\/wp\/v2\/product\/4874"}],"collection":[{"href":"https:\/\/www.cncmarketi.com\/index.php\/wp-json\/wp\/v2\/product"}],"about":[{"href":"https:\/\/www.cncmarketi.com\/index.php\/wp-json\/wp\/v2\/types\/product"}],"replies":[{"embeddable":true,"href":"https:\/\/www.cncmarketi.com\/index.php\/wp-json\/wp\/v2\/comments?post=4874"}],"version-history":[{"count":0,"href":"https:\/\/www.cncmarketi.com\/index.php\/wp-json\/wp\/v2\/product\/4874\/revisions"}],"wp:featuredmedia":[{"embeddable":true,"href":"https:\/\/www.cncmarketi.com\/index.php\/wp-json\/wp\/v2\/media\/4868"}],"wp:attachment":[{"href":"https:\/\/www.cncmarketi.com\/index.php\/wp-json\/wp\/v2\/media?parent=4874"}],"wp:term":[{"taxonomy":"brand","embeddable":true,"href":"https:\/\/www.cncmarketi.com\/index.php\/wp-json\/wp\/v2\/etheme_brands?post=4874"},{"taxonomy":"product_cat","embeddable":true,"href":"https:\/\/www.cncmarketi.com\/index.php\/wp-json\/wp\/v2\/product_cat?post=4874"},{"taxonomy":"product_tag","embeddable":true,"href":"https:\/\/www.cncmarketi.com\/index.php\/wp-json\/wp\/v2\/product_tag?post=4874"}],"curies":[{"name":"wp","href":"https:\/\/api.w.org\/{rel}","templated":true}]}}