{"id":4867,"date":"2023-08-06T08:08:09","date_gmt":"2023-08-06T05:08:09","guid":{"rendered":"https:\/\/www.cncmarketi.com\/index.php\/product\/surtunme-test-cihazi-katsayisi-cof-test-makinesi\/"},"modified":"2023-08-06T09:00:28","modified_gmt":"2023-08-06T06:00:28","slug":"surtunme-test-cihazi-katsayisi-cof-test-makinesi","status":"publish","type":"product","link":"https:\/\/www.cncmarketi.com\/index.php\/product\/surtunme-test-cihazi-katsayisi-cof-test-makinesi\/","title":{"rendered":"S\u00fcrt\u00fcnme test cihaz\u0131 katsay\u0131s\u0131, COF test makinesi"},"content":{"rendered":"<p>Summary:<br \/>\nCoefficient of Friction Tester is mainly applied to testing the static and dynamic coefficient of friction of plastic film and sheet. It uses micro-computer to control and adopts advanced elements. It has powerful test functions, such as test parameter setting, adjusting, data display, memory and printing and so on.<br \/>\nFeatures:<br \/>\n1, Adopt the advanced design technique labeled by piece wise linear with real-time display and real-time analysis.<br \/>\n2, Calibration methods: intelligent calibration, reducing the error.<br \/>\n3, Display: LCD showing working status and test results.<br \/>\n4, Adopt one chip microcomputer system with high speed, high precision, and high integration to intelligently control each functional module.<br \/>\n5, The core parts and the components are provided with imported or homemade superior products to guarantee precise, stable and long-term use.<br \/>\n6, Propose the communication function of the RS232 computer, and supporting control software to account, analyze and deal with the test results.<br \/>\n7, The specialized appearance design can easily mix with the office and test environment.<br \/>\nApplicable industry:<br \/>\nIt is applicable in static and kinetic coefficient of friction tests of plastic films, sheets, rubber, paper, PP woven bags, fabric style, metal-plastic composite strips\/belts for communication cable, conveyor belts, wood, coatings, brake pads, windshield wipers, shoe materials and tyres, etc. With the material smoothness testing, users can control and adjust material quality technical indexes to meet application demands. Besides, this tester is applicable for the smoothness measurement of cosmetics, eye drop and other daily chemistry.<br \/>\nCorresponding standard<br \/>\nGB 10006 <Plastics \u2013 Film and sheeting\u2014Determination of the coefficients of friction><br \/>\nISO 8295 <Plastic \u2013 Film and sheeting \u2013 Determination of the coefficient of friction><br \/>\nASTM D1894 < Standard Test Method for Static and Kinetic Coefficients of Friction of Plastic Film and Sheeting><br \/>\nTAPPI T816 <Coefficient of Static Friction of Corrugated and Solid Fiberboard (Horizontal Plane Method)><br \/>\nEtc\u2026<br \/>\nThis Coefficients of Friction Tester can conform to but not limit to the standard above, for more standardconformance, please contact us.<br \/>\nTechnical parameters:<br \/>\nTest Range<br \/>\n0 ~ 5 N<br \/>\nAccuracy<br \/>\n0.5% of Reading Value<br \/>\nStroke<br \/>\n70mm \/ 150mm<br \/>\nMass of sled<br \/>\n200g<br \/>\nNote: sleds of other weights can be ordered<br \/>\nTest Speed<br \/>\n100 mm\/min \/ 150mm\/min<br \/>\nTest Environment<br \/>\nTemperature: 15~30\u00b0C,Relative humidity: 20%~80%<br \/>\nDimensions<br \/>\n470 mm\u00d7300 mm\u00d7190 mm<br \/>\nNet Weight<br \/>\n30kg<br \/>\nNEWGOER is a professional manufacturer for various test equipment, we denote ourselves to making best quality products and service for providing you a suitable solutions!<\/p>\n","protected":false},"excerpt":{"rendered":"<p>Summary: Coefficient of Friction Tester is mainly applied to testing the static and dynamic coefficient of friction of plastic film and sheet. It uses micro-computer&#8230;<\/p>\n","protected":false},"featured_media":4861,"comment_status":"open","ping_status":"closed","template":"","meta":[],"etheme_brands":[{"term_id":67,"name":"Newgoer","slug":"newgoer","term_group":0,"term_taxonomy_id":67,"taxonomy":"brand","description":"","parent":0,"count":271,"filter":"raw"}],"product_cat":[64],"product_tag":[],"_links":{"self":[{"href":"https:\/\/www.cncmarketi.com\/index.php\/wp-json\/wp\/v2\/product\/4867"}],"collection":[{"href":"https:\/\/www.cncmarketi.com\/index.php\/wp-json\/wp\/v2\/product"}],"about":[{"href":"https:\/\/www.cncmarketi.com\/index.php\/wp-json\/wp\/v2\/types\/product"}],"replies":[{"embeddable":true,"href":"https:\/\/www.cncmarketi.com\/index.php\/wp-json\/wp\/v2\/comments?post=4867"}],"version-history":[{"count":0,"href":"https:\/\/www.cncmarketi.com\/index.php\/wp-json\/wp\/v2\/product\/4867\/revisions"}],"wp:featuredmedia":[{"embeddable":true,"href":"https:\/\/www.cncmarketi.com\/index.php\/wp-json\/wp\/v2\/media\/4861"}],"wp:attachment":[{"href":"https:\/\/www.cncmarketi.com\/index.php\/wp-json\/wp\/v2\/media?parent=4867"}],"wp:term":[{"taxonomy":"brand","embeddable":true,"href":"https:\/\/www.cncmarketi.com\/index.php\/wp-json\/wp\/v2\/etheme_brands?post=4867"},{"taxonomy":"product_cat","embeddable":true,"href":"https:\/\/www.cncmarketi.com\/index.php\/wp-json\/wp\/v2\/product_cat?post=4867"},{"taxonomy":"product_tag","embeddable":true,"href":"https:\/\/www.cncmarketi.com\/index.php\/wp-json\/wp\/v2\/product_tag?post=4867"}],"curies":[{"name":"wp","href":"https:\/\/api.w.org\/{rel}","templated":true}]}}