{"id":4839,"date":"2023-08-06T08:07:37","date_gmt":"2023-08-06T05:07:37","guid":{"rendered":"https:\/\/www.cncmarketi.com\/index.php\/product\/karton-ponksiyon-direnc-test-cihazi-partip-piercing-mukavemeti-test-cihazi\/"},"modified":"2023-08-06T09:00:28","modified_gmt":"2023-08-06T06:00:28","slug":"karton-ponksiyon-direnc-test-cihazi-partip-piercing-mukavemeti-test-cihazi","status":"publish","type":"product","link":"https:\/\/www.cncmarketi.com\/index.php\/product\/karton-ponksiyon-direnc-test-cihazi-partip-piercing-mukavemeti-test-cihazi\/","title":{"rendered":"Karton Ponksiyon Diren\u00e7 Test Cihaz\u0131, Partip Piercing Mukavemeti Test Cihaz\u0131"},"content":{"rendered":"<p>\u63cf\u8ff0<br \/>\nSummary:<br \/>\nPaper and Cardboard Puncture Resistance Tester is a special test instrument for corrugated<br \/>\nboard anti-puncture performance (both puncture strength). The instrument has the characteristics of quick compression, automatic reset of operation handle, reliable safety protection, liquid crystal display, thermal printer, etc. It has wide application range, is cardboard, is indispensable for enterprises and departments such as cardboard, carton production, scientific research and commodity inspection instrument.<br \/>\nFeatures:<br \/>\nAdopt microelectronic advanced measurement and control technology, open structure, high automation program, simple and convenient operation, safe and reliable.<br \/>\nFully automatic measurement, intelligent judgment function, the operating system displays the measurement results in real time.<br \/>\nAutomatically measure, count, print test results, and have data saving function;<br \/>\nTouch screen operating system, configure Chinese graphic menu to display operating system, easy to use;<br \/>\nHigh-speed micro printer, high speed printing, easy to use, low fault;<br \/>\nMechatronics modern design concept, compact structure, beautiful appearance, easy maintenanc<br \/>\nStandard:<br \/>\nISO3036\uff0cGB2679\u00b77: Board \u2014 Determination of puncture resistance<br \/>\nSpecifications:<br \/>\nMeasurement range<br \/>\n(1~48)J<br \/>\nGear<br \/>\nGear A : 0~6J \u3001Gear B : 6~12\u3001<br \/>\nGear C :12~24\u3001Gear D : 24~48J<br \/>\nAccurate<br \/>\nGear A : \u00b10.05J; Gear B : \u00b10.1J,<br \/>\nGear C : \u00b10.2J; Gear D : \u00b10.5J<br \/>\n(In the range of 20% to 80% of the upper limit of each measurement)<br \/>\nResolution<br \/>\n0.001J<br \/>\nPressure of pressure head<br \/>\n\uff08100\u00b12\uff09kpa<br \/>\nPendulum shaft friction<br \/>\nand air resistance<br \/>\n>120 times (measured by the number of swings of the swing arm)<br \/>\nCorner cone characteristic size Three base length<br \/>\n60mm \u00d7 60mm \u00d7 60mm, height (25 \u00b1 0.7) mm<br \/>\nEdge fillet radius<br \/>\n(1.5 \u00b1 0.1) mm<br \/>\nSpecimen size<br \/>\n175*175mm<br \/>\nWorking environment<br \/>\ntemperature 5 ~ 35 \u00b0 C, relative humidity does not exceed 85%<br \/>\nPower<br \/>\n220V, 50Hz<\/p>\n","protected":false},"excerpt":{"rendered":"<p>\u63cf\u8ff0 Summary: Paper and Cardboard Puncture Resistance Tester is a special test instrument for corrugated board anti-puncture performance (both puncture strength). The instrument has the&#8230;<\/p>\n","protected":false},"featured_media":4833,"comment_status":"open","ping_status":"closed","template":"","meta":[],"etheme_brands":[{"term_id":67,"name":"Newgoer","slug":"newgoer","term_group":0,"term_taxonomy_id":67,"taxonomy":"brand","description":"","parent":0,"count":271,"filter":"raw"}],"product_cat":[64],"product_tag":[],"_links":{"self":[{"href":"https:\/\/www.cncmarketi.com\/index.php\/wp-json\/wp\/v2\/product\/4839"}],"collection":[{"href":"https:\/\/www.cncmarketi.com\/index.php\/wp-json\/wp\/v2\/product"}],"about":[{"href":"https:\/\/www.cncmarketi.com\/index.php\/wp-json\/wp\/v2\/types\/product"}],"replies":[{"embeddable":true,"href":"https:\/\/www.cncmarketi.com\/index.php\/wp-json\/wp\/v2\/comments?post=4839"}],"version-history":[{"count":0,"href":"https:\/\/www.cncmarketi.com\/index.php\/wp-json\/wp\/v2\/product\/4839\/revisions"}],"wp:featuredmedia":[{"embeddable":true,"href":"https:\/\/www.cncmarketi.com\/index.php\/wp-json\/wp\/v2\/media\/4833"}],"wp:attachment":[{"href":"https:\/\/www.cncmarketi.com\/index.php\/wp-json\/wp\/v2\/media?parent=4839"}],"wp:term":[{"taxonomy":"brand","embeddable":true,"href":"https:\/\/www.cncmarketi.com\/index.php\/wp-json\/wp\/v2\/etheme_brands?post=4839"},{"taxonomy":"product_cat","embeddable":true,"href":"https:\/\/www.cncmarketi.com\/index.php\/wp-json\/wp\/v2\/product_cat?post=4839"},{"taxonomy":"product_tag","embeddable":true,"href":"https:\/\/www.cncmarketi.com\/index.php\/wp-json\/wp\/v2\/product_tag?post=4839"}],"curies":[{"name":"wp","href":"https:\/\/api.w.org\/{rel}","templated":true}]}}