{"id":4832,"date":"2023-08-06T08:07:27","date_gmt":"2023-08-06T05:07:27","guid":{"rendered":"https:\/\/www.cncmarketi.com\/index.php\/product\/kaplama-yuzeyi-alkol-silgi-asinma-direnc-test-cihazi-alkol-asinma-asinma-test-cihazi\/"},"modified":"2023-08-06T09:00:28","modified_gmt":"2023-08-06T06:00:28","slug":"kaplama-yuzeyi-alkol-silgi-asinma-direnc-test-cihazi-alkol-asinma-asinma-test-cihazi","status":"publish","type":"product","link":"https:\/\/www.cncmarketi.com\/index.php\/product\/kaplama-yuzeyi-alkol-silgi-asinma-direnc-test-cihazi-alkol-asinma-asinma-test-cihazi\/","title":{"rendered":"Kaplama Y\u00fczeyi Alkol Silgi A\u015f\u0131nma Diren\u00e7 Test Cihaz\u0131, Alkol A\u015f\u0131nma a\u015f\u0131nma test cihaz\u0131"},"content":{"rendered":"<p>\u63cf\u8ff0<br \/>\nSUMMARY:<br \/>\nAlcohol Eraser Abrasion Resistance Tester is suitable for printing on the surfaces of electronic products such as TV remote control key screen printing, plastics, mobile phone housing, earphone housing division silk screen, battery silk screen printing, keyboard printing, wire screen printing, leather, etc. Wear resistance, assess its degree of wear. This machine can be used for three typical wear tests of alcohol or other liquid media and cotton cloth friction test, eraser friction test, pencil hardness friction test. The machine reciprocates the product back and forth under certain test loads, test times, and test strokes.<br \/>\nApplicable to wear resistance test on various surfaces, suitable for wear resistance test of mobile phone, MP3, CD player, laptop computer and various surface coating test products, friction surface life of various products and printing surface, use of eraser rub or alcohol rub dual purpose.<br \/>\nSTANDARD<br \/>\nGB\/T6545\/1539\/454,ISO2759\/2758,CNS2054\/1353,ASTM D2210<br \/>\nFUNCTIONS<br \/>\nThe machine has the functions of adjustable speed and adjustable stroke;<br \/>\n2, Can display the current test speed and test times;<br \/>\n3, Multi-function counter, can preset the number of tests required to reach the automatic shutdown function;<br \/>\n4, With two kinds of fixtures: Eraser test fixture, alcohol test fixture<br \/>\n5, Automatic memory function when power off<br \/>\nADVANTAGES<br \/>\nThe cabinet is treated with electrostatic paint, and the workbench and friction fixture are all sandblasted on the surface of the aluminum material. It has strong corrosion resistance, structural fastening, reasonable design, beautiful and generous operation, safe and stable operation, accurate;<br \/>\n2. The number of tests can be preset, with power-off memory function, adjustable test speed and stroke, humanized design, LCD display of speed and times, convenient, quick and intuitive;<br \/>\n3, with a multi-function test, can be used for alcohol or other liquid and cotton cloth, eraser, pencil, steel needle and other friction test.<br \/>\nTECHNICAL PARAMETERS<br \/>\nTest station<br \/>\n2 stations<br \/>\nTest trip<br \/>\n10-60mm (manually adjustable)<br \/>\nTest counter<br \/>\n0-99999999 (can be preset, LCD display)<br \/>\nFriction media<br \/>\nStandard cotton cloth, eraser, Chinese 2B pencil<br \/>\nTest Clamp<br \/>\nEraser test clamp, Alcohol test clamp<br \/>\nTest load<br \/>\n75-960g<br \/>\nTest speed<br \/>\n5\uff5e100rpm\/min<br \/>\nLoad weight<br \/>\n10, 25, 50, 100, 200,500g each for two<br \/>\nWorking power<br \/>\nAC220V 50HZ<\/p>\n","protected":false},"excerpt":{"rendered":"<p>\u63cf\u8ff0 SUMMARY: Alcohol Eraser Abrasion Resistance Tester is suitable for printing on the surfaces of electronic products such as TV remote control key screen printing,&#8230;<\/p>\n","protected":false},"featured_media":4826,"comment_status":"open","ping_status":"closed","template":"","meta":[],"etheme_brands":[{"term_id":67,"name":"Newgoer","slug":"newgoer","term_group":0,"term_taxonomy_id":67,"taxonomy":"brand","description":"","parent":0,"count":271,"filter":"raw"}],"product_cat":[64],"product_tag":[],"_links":{"self":[{"href":"https:\/\/www.cncmarketi.com\/index.php\/wp-json\/wp\/v2\/product\/4832"}],"collection":[{"href":"https:\/\/www.cncmarketi.com\/index.php\/wp-json\/wp\/v2\/product"}],"about":[{"href":"https:\/\/www.cncmarketi.com\/index.php\/wp-json\/wp\/v2\/types\/product"}],"replies":[{"embeddable":true,"href":"https:\/\/www.cncmarketi.com\/index.php\/wp-json\/wp\/v2\/comments?post=4832"}],"version-history":[{"count":0,"href":"https:\/\/www.cncmarketi.com\/index.php\/wp-json\/wp\/v2\/product\/4832\/revisions"}],"wp:featuredmedia":[{"embeddable":true,"href":"https:\/\/www.cncmarketi.com\/index.php\/wp-json\/wp\/v2\/media\/4826"}],"wp:attachment":[{"href":"https:\/\/www.cncmarketi.com\/index.php\/wp-json\/wp\/v2\/media?parent=4832"}],"wp:term":[{"taxonomy":"brand","embeddable":true,"href":"https:\/\/www.cncmarketi.com\/index.php\/wp-json\/wp\/v2\/etheme_brands?post=4832"},{"taxonomy":"product_cat","embeddable":true,"href":"https:\/\/www.cncmarketi.com\/index.php\/wp-json\/wp\/v2\/product_cat?post=4832"},{"taxonomy":"product_tag","embeddable":true,"href":"https:\/\/www.cncmarketi.com\/index.php\/wp-json\/wp\/v2\/product_tag?post=4832"}],"curies":[{"name":"wp","href":"https:\/\/api.w.org\/{rel}","templated":true}]}}