{"id":4811,"date":"2023-08-06T08:07:06","date_gmt":"2023-08-06T05:07:06","guid":{"rendered":"https:\/\/www.cncmarketi.com\/index.php\/product\/iklim-sari-yaslanma-test-odasi-ampul-sararma-yasi-test-cihazi-2\/"},"modified":"2023-08-06T09:00:28","modified_gmt":"2023-08-06T06:00:28","slug":"iklim-sari-yaslanma-test-odasi-ampul-sararma-yasi-test-cihazi-2","status":"publish","type":"product","link":"https:\/\/www.cncmarketi.com\/index.php\/product\/iklim-sari-yaslanma-test-odasi-ampul-sararma-yasi-test-cihazi-2\/","title":{"rendered":"\u0130klim Sar\u0131 Ya\u015flanma Test Odas\u0131, Ampul sararma ya\u015f\u0131 test cihaz\u0131"},"content":{"rendered":"<p>Climate Anti Yellow Aging Test Chamber, Bulb Yellowing Age Tester<br \/>\nModel<br \/>\nNG-HB<br \/>\nMOQ<br \/>\n1 Set<br \/>\nLead Time<br \/>\n3-15 Working Days<br \/>\nCountry of Origin<br \/>\nChina<br \/>\nPackage<br \/>\nStandard Export Wooden Box<br \/>\nOEM &#038; ODM<br \/>\nSupport<br \/>\n\u63cf\u8ff0<br \/>\n\u7528\u6237\u8bc4\u8bba (0)<br \/>\n\u63cf\u8ff0<br \/>\nSummary:<br \/>\nAnti-yellowing aging test chamber can provide the simulative heat of the sun and ultraviolet radiation environment of space. It is used for observing the anti-yellowing degree of the sample after a period of time effected by the ultraviolet ray and the temperature. Grey stain can be used for reference standard, to judge it\u2019s yellowing degree.<br \/>\nProducts will change their color when radiated by the sun or influenced by the environment of the container. Use the UV lamp 300W, so that the experiment can be finished in a short time. The machine can also be used as an aging tester or an oven, presenting a multi-function machine.<br \/>\nStandards:<br \/>\nCNS-3556\u3001JIS-K6301\u3001ASTM-D2436 etc<br \/>\nFeatures:<br \/>\nProgrammable Controller Accelerated Anti Aging Equipment can do two kinds of testing: aging and<br \/>\nanti yellowing<br \/>\nAging: Programmable Controller Accelerated Anti Aging Equipment can promote the increase of sulfur rubber deterioration, to calculate the change rate of tensile and elongation before and after heat. It\u2019s generally thought that test for one day at 70\u00b0C, in theory as exposed to the atmosphere for 6 months.<br \/>\nAnti-yellowing: Accelerated Anti Aging Equipment stimulate the atmosphere environment, driven by the sun ultraviolet radiation. It\u2019s generally thought that the appearance change at 50\u00b0C for 9 hours, in theory as exposed to atmosphere for 6 months.<br \/>\nSpecifications<br \/>\nNG-HB150 Anti-yellowing Aging Test Chamber<br \/>\nInner Box Size<br \/>\n50\u00d750\u00d760cm<br \/>\nTemperature Range<br \/>\nNormal Temperature~200\u00b0C<br \/>\nControl Mode<br \/>\nAutomatic Calculation Controller<br \/>\nTemperature Display<br \/>\n0.1\u00b0C<br \/>\nControl Accuracy<br \/>\n\u00b1 3\u00b0C<br \/>\nDistribution Accuracy<br \/>\n\u00b1 1\u00b0C(at-100\u00b0C)<br \/>\nTime Memory<br \/>\n0-999 hours, Power Failure Memory Type, with Buzzer<br \/>\nWheel Speed<br \/>\n45cm,10\u00b12 round\/ min<br \/>\nUV Light Source<br \/>\nUV300W Bulb<br \/>\nStandard Accessories<br \/>\nShelf Board 2 pieces<br \/>\nHeating Method<br \/>\nHot Air Circulation<br \/>\nSecurity Devices<br \/>\nOver-temperature power-off indicator light;<br \/>\nSafety overload switch ammeter<br \/>\nManufacturing Material<br \/>\nInternal Stainless Steel SUS304;<br \/>\nExternal Advanced Baking Varnish<br \/>\nOutside Dimension (L\u00d7W\u00d7H)<br \/>\n100\u00d765\u00d7114 cm<br \/>\nWeight<br \/>\n130 kg<br \/>\nPower<br \/>\n1#,AC220V, 15A<\/p>\n","protected":false},"excerpt":{"rendered":"<p>Climate Anti Yellow Aging Test Chamber, Bulb Yellowing Age Tester Model NG-HB MOQ 1 Set Lead Time 3-15 Working Days Country of Origin China Package&#8230;<\/p>\n","protected":false},"featured_media":4804,"comment_status":"open","ping_status":"closed","template":"","meta":[],"etheme_brands":[{"term_id":67,"name":"Newgoer","slug":"newgoer","term_group":0,"term_taxonomy_id":67,"taxonomy":"brand","description":"","parent":0,"count":271,"filter":"raw"}],"product_cat":[64],"product_tag":[],"_links":{"self":[{"href":"https:\/\/www.cncmarketi.com\/index.php\/wp-json\/wp\/v2\/product\/4811"}],"collection":[{"href":"https:\/\/www.cncmarketi.com\/index.php\/wp-json\/wp\/v2\/product"}],"about":[{"href":"https:\/\/www.cncmarketi.com\/index.php\/wp-json\/wp\/v2\/types\/product"}],"replies":[{"embeddable":true,"href":"https:\/\/www.cncmarketi.com\/index.php\/wp-json\/wp\/v2\/comments?post=4811"}],"version-history":[{"count":0,"href":"https:\/\/www.cncmarketi.com\/index.php\/wp-json\/wp\/v2\/product\/4811\/revisions"}],"wp:featuredmedia":[{"embeddable":true,"href":"https:\/\/www.cncmarketi.com\/index.php\/wp-json\/wp\/v2\/media\/4804"}],"wp:attachment":[{"href":"https:\/\/www.cncmarketi.com\/index.php\/wp-json\/wp\/v2\/media?parent=4811"}],"wp:term":[{"taxonomy":"brand","embeddable":true,"href":"https:\/\/www.cncmarketi.com\/index.php\/wp-json\/wp\/v2\/etheme_brands?post=4811"},{"taxonomy":"product_cat","embeddable":true,"href":"https:\/\/www.cncmarketi.com\/index.php\/wp-json\/wp\/v2\/product_cat?post=4811"},{"taxonomy":"product_tag","embeddable":true,"href":"https:\/\/www.cncmarketi.com\/index.php\/wp-json\/wp\/v2\/product_tag?post=4811"}],"curies":[{"name":"wp","href":"https:\/\/api.w.org\/{rel}","templated":true}]}}