{"id":4803,"date":"2023-08-06T08:06:55","date_gmt":"2023-08-06T05:06:55","guid":{"rendered":"https:\/\/www.cncmarketi.com\/index.php\/product\/cimento-blogu-beton-basinc-test-makinesi\/"},"modified":"2023-08-06T09:00:29","modified_gmt":"2023-08-06T06:00:29","slug":"cimento-blogu-beton-basinc-test-makinesi","status":"publish","type":"product","link":"https:\/\/www.cncmarketi.com\/index.php\/product\/cimento-blogu-beton-basinc-test-makinesi\/","title":{"rendered":"\u00c7imento Blo\u011fu Beton Bas\u0131n\u00e7 Test Makinesi"},"content":{"rendered":"<p>Cement Block Concrete Compressive Testing Machine<br \/>\nModel<br \/>\nNG-107<br \/>\nMOQ<br \/>\n1 Set<br \/>\nLead Time<br \/>\n3-15 Working Days<br \/>\nCountry of Origin<br \/>\nChina<br \/>\nPackage<br \/>\nStandard Export Wooden Box<br \/>\nOEM &#038; ODM<br \/>\nSupport<br \/>\n\u63cf\u8ff0<br \/>\n\u7528\u6237\u8bc4\u8bba (0)<br \/>\n\u63cf\u8ff0<br \/>\nMAIN APPLICATION<br \/>\nCement block concrete compressive strength testing machine is designed to conduct compression and crushing strength tests on containers, concrete cube &#038;cylinders, hollow blocks and various other material in accordance with international standards. The machine is electro-hydraulically operated. the control panel comprises of hydraulic power pack, digital readout system , operating switches, load control values, output print-out of test data.<br \/>\nFEATURES<br \/>\nEfficient hydraulic power packs<br \/>\nEconomic machine ideal for site use<br \/>\nDesigned to meet the need for a simple , economic and reliable means of testing concrete<br \/>\nThe dimension of the frame allow the testing of cylinder up to 320mm long *160mm motor and any arbitrary size<br \/>\nDigital readout is microprocessor controlled instrument which is fitted as standard to all digital machines in the range<br \/>\nCalibrated accuracy and repeatability is better than 1% over the upper 90% of the working range<br \/>\nTECHNICAL SPECIFICATIONS<br \/>\nModel<br \/>\nNG-107<br \/>\nMax Test Force<br \/>\n2000KN<br \/>\nMeasuring range<br \/>\n0-2000KN<br \/>\nRelative indication error<br \/>\n\u00b11%<br \/>\nSize of the bearing plate<br \/>\n240*220mm<br \/>\nDiameter Of Piston<br \/>\n\u03c6250mm<br \/>\nDistance between up and down bearing plates<br \/>\n310-320mm<br \/>\nDistance Between Columns<br \/>\n270*200mm<br \/>\nPiston stroke<br \/>\n50mm<br \/>\nRated pressure of the hydraulic pump<br \/>\n40mpa<br \/>\nMinimum piston lift speed:<br \/>\n50mm\/min<br \/>\nPiston free back speed<br \/>\n20mm\/min<br \/>\nNoise<br \/>\n\u226480dB<br \/>\npower<br \/>\n220V60HZ<br \/>\nDimension mm<br \/>\n800*500*1300<br \/>\nStock room of our Hydraulic universal testing machine<\/p>\n","protected":false},"excerpt":{"rendered":"<p>Cement Block Concrete Compressive Testing Machine Model NG-107 MOQ 1 Set Lead Time 3-15 Working Days Country of Origin China Package Standard Export Wooden Box&#8230;<\/p>\n","protected":false},"featured_media":4797,"comment_status":"open","ping_status":"closed","template":"","meta":[],"etheme_brands":[{"term_id":67,"name":"Newgoer","slug":"newgoer","term_group":0,"term_taxonomy_id":67,"taxonomy":"brand","description":"","parent":0,"count":271,"filter":"raw"}],"product_cat":[64],"product_tag":[],"_links":{"self":[{"href":"https:\/\/www.cncmarketi.com\/index.php\/wp-json\/wp\/v2\/product\/4803"}],"collection":[{"href":"https:\/\/www.cncmarketi.com\/index.php\/wp-json\/wp\/v2\/product"}],"about":[{"href":"https:\/\/www.cncmarketi.com\/index.php\/wp-json\/wp\/v2\/types\/product"}],"replies":[{"embeddable":true,"href":"https:\/\/www.cncmarketi.com\/index.php\/wp-json\/wp\/v2\/comments?post=4803"}],"version-history":[{"count":0,"href":"https:\/\/www.cncmarketi.com\/index.php\/wp-json\/wp\/v2\/product\/4803\/revisions"}],"wp:featuredmedia":[{"embeddable":true,"href":"https:\/\/www.cncmarketi.com\/index.php\/wp-json\/wp\/v2\/media\/4797"}],"wp:attachment":[{"href":"https:\/\/www.cncmarketi.com\/index.php\/wp-json\/wp\/v2\/media?parent=4803"}],"wp:term":[{"taxonomy":"brand","embeddable":true,"href":"https:\/\/www.cncmarketi.com\/index.php\/wp-json\/wp\/v2\/etheme_brands?post=4803"},{"taxonomy":"product_cat","embeddable":true,"href":"https:\/\/www.cncmarketi.com\/index.php\/wp-json\/wp\/v2\/product_cat?post=4803"},{"taxonomy":"product_tag","embeddable":true,"href":"https:\/\/www.cncmarketi.com\/index.php\/wp-json\/wp\/v2\/product_tag?post=4803"}],"curies":[{"name":"wp","href":"https:\/\/api.w.org\/{rel}","templated":true}]}}