{"id":4796,"date":"2023-08-06T08:06:48","date_gmt":"2023-08-06T05:06:48","guid":{"rendered":"https:\/\/www.cncmarketi.com\/index.php\/product\/bally-deri-dusuk-sicaklikta-esneme-test-cihazi-dusuk-sicaklikli-ayakkabilar-bukme-test-cihazi\/"},"modified":"2023-08-06T09:00:48","modified_gmt":"2023-08-06T06:00:48","slug":"bally-deri-dusuk-sicaklikta-esneme-test-cihazi-dusuk-sicaklikli-ayakkabilar-bukme-test-cihazi","status":"publish","type":"product","link":"https:\/\/www.cncmarketi.com\/index.php\/product\/bally-deri-dusuk-sicaklikta-esneme-test-cihazi-dusuk-sicaklikli-ayakkabilar-bukme-test-cihazi\/","title":{"rendered":"Bally deri d\u00fc\u015f\u00fck s\u0131cakl\u0131kta esneme test cihaz\u0131, d\u00fc\u015f\u00fck s\u0131cakl\u0131kl\u0131 ayakkab\u0131lar b\u00fckme test cihaz\u0131"},"content":{"rendered":"<p>\u63cf\u8ff0<br \/>\nTemp. Range<br \/>\nRoom temp. ~ \u2013 40\u2103<br \/>\nControl precision<br \/>\n\u00b10.3\u2103<br \/>\nUniformity<br \/>\n\u00b10.1\u2103<br \/>\nCooling Speed<br \/>\nWithin 50 min (approx.)<br \/>\nRefrigeration System<br \/>\nSingle stage, hermetic compressor<br \/>\nRefrigerant<br \/>\nR404<br \/>\nInside Clamps<br \/>\nLeather flexing clamps (or customized)<br \/>\nInner Chamber\/Grips<br \/>\nStainless Steel ( Interior Imported Frosty Stainless Steel)<br \/>\nInsulation (to Keep Warm)<br \/>\nHard polyurethane foam<br \/>\nControl and display system<br \/>\nHMI+PLC<br \/>\nCounter<br \/>\nLCD, 0-999,999<br \/>\nViewing Window (WxD)<br \/>\n3-layer vacuum glasses<br \/>\nInner Lamp<br \/>\nPL lamp, 9W<br \/>\nInterior (WxDxH)<br \/>\n50x50x60cm (or customized)<br \/>\nPower<br \/>\nAC220V 50\/60Hz<br \/>\nThis Bally Leather Low Temperature Flexing Tester is used to test the bending \/ flexing durability of rubber, plastic, shoe, synthetic leather\u2026 etc under the specified cold environment. Since the design of this tester adopts the vertical structure, it`s not necessary to bend down for installing the specimen. The machine is made of stainless steel and can be equipped with a variety of resistant fixtures to meet different requirements.<br \/>\nStandards:<br \/>\nASTM-D1790\uff0cD1593,1052\uff0cJIS-K6545\uff0cHB-T2877\uff0cCNS-7705\uff0cISO 20344\uff0cGB\/T20991-2007 Etc<br \/>\nFeatures:<br \/>\n* Important parts are from Japan, Germany, France, Taiwan, South Korea<br \/>\n* Install cable test hole, electricity test sample for test.<br \/>\n* Have over temperature, water shortage, leakage protection device such as a security.<br \/>\n* Adopt imported digital display temperature control meter, moisture, temperature and humidity controlling visual display.<br \/>\n* The door is equipped with large viewing window, indoor lighting installation, can observe the test the test status of the sample.<br \/>\n* Adopts steam humidifying method, automatic water circulation loop, with functions of automatic filling water.<br \/>\n* The working chamber is made of high quality 304 stainless steel mirror plate, shell electrostatic plastic spraying and efficient thermal insulation layer.<\/p>\n","protected":false},"excerpt":{"rendered":"<p>\u63cf\u8ff0 Temp. Range Room temp. ~ \u2013 40\u2103 Control precision \u00b10.3\u2103 Uniformity \u00b10.1\u2103 Cooling Speed Within 50 min (approx.) Refrigeration System Single stage, hermetic compressor&#8230;<\/p>\n","protected":false},"featured_media":4790,"comment_status":"open","ping_status":"closed","template":"","meta":[],"etheme_brands":[{"term_id":67,"name":"Newgoer","slug":"newgoer","term_group":0,"term_taxonomy_id":67,"taxonomy":"brand","description":"","parent":0,"count":271,"filter":"raw"}],"product_cat":[64],"product_tag":[],"_links":{"self":[{"href":"https:\/\/www.cncmarketi.com\/index.php\/wp-json\/wp\/v2\/product\/4796"}],"collection":[{"href":"https:\/\/www.cncmarketi.com\/index.php\/wp-json\/wp\/v2\/product"}],"about":[{"href":"https:\/\/www.cncmarketi.com\/index.php\/wp-json\/wp\/v2\/types\/product"}],"replies":[{"embeddable":true,"href":"https:\/\/www.cncmarketi.com\/index.php\/wp-json\/wp\/v2\/comments?post=4796"}],"version-history":[{"count":0,"href":"https:\/\/www.cncmarketi.com\/index.php\/wp-json\/wp\/v2\/product\/4796\/revisions"}],"wp:featuredmedia":[{"embeddable":true,"href":"https:\/\/www.cncmarketi.com\/index.php\/wp-json\/wp\/v2\/media\/4790"}],"wp:attachment":[{"href":"https:\/\/www.cncmarketi.com\/index.php\/wp-json\/wp\/v2\/media?parent=4796"}],"wp:term":[{"taxonomy":"brand","embeddable":true,"href":"https:\/\/www.cncmarketi.com\/index.php\/wp-json\/wp\/v2\/etheme_brands?post=4796"},{"taxonomy":"product_cat","embeddable":true,"href":"https:\/\/www.cncmarketi.com\/index.php\/wp-json\/wp\/v2\/product_cat?post=4796"},{"taxonomy":"product_tag","embeddable":true,"href":"https:\/\/www.cncmarketi.com\/index.php\/wp-json\/wp\/v2\/product_tag?post=4796"}],"curies":[{"name":"wp","href":"https:\/\/api.w.org\/{rel}","templated":true}]}}