{"id":4787,"date":"2023-08-06T08:06:38","date_gmt":"2023-08-06T05:06:38","guid":{"rendered":"https:\/\/www.cncmarketi.com\/index.php\/product\/dugme-ve-anahtar-yasam-test-makinesi-dugme-yorgunluk-yasam-test-cihazi\/"},"modified":"2023-08-06T09:00:48","modified_gmt":"2023-08-06T06:00:48","slug":"dugme-ve-anahtar-yasam-test-makinesi-dugme-yorgunluk-yasam-test-cihazi","status":"publish","type":"product","link":"https:\/\/www.cncmarketi.com\/index.php\/product\/dugme-ve-anahtar-yasam-test-makinesi-dugme-yorgunluk-yasam-test-cihazi\/","title":{"rendered":"D\u00fc\u011fme ve Anahtar Ya\u015fam Test Makinesi, D\u00fc\u011fme Yorgunluk Ya\u015fam Test Cihaz\u0131"},"content":{"rendered":"<p>Button and Key Life Testing Machine, Button Fatigue Life Tester<br \/>\nguangdong<br \/>\nModel<br \/>\nNG-208<br \/>\nMOQ<br \/>\n1 Set<br \/>\nLead Time<br \/>\n3-15 Working Days<br \/>\nCountry of Origin<br \/>\nChina<br \/>\nPackage<br \/>\nStandard Export Wooden Box<br \/>\nOEM &#038; ODM<br \/>\nSupport<br \/>\n\u63cf\u8ff0<br \/>\n\u7528\u6237\u8bc4\u8bba (0)<br \/>\n\u63cf\u8ff0<br \/>\nSummary<br \/>\nThis machine is suitable for many kinds of switches or small products for life test of switches or keys. It has adjustable speed and setting times. It can be tested at four or six stations at the same time. The data can be kept after the times are reached. At the same time, computers, mobile phones, calculators, MP3 players, etc, This machine is to place the product on the test position of the corresponding position, and simulate the service life of the product under certain test load, speed, stroke and times.<br \/>\nFeatures:<br \/>\nThe machine cabinet is treated by electrostatic spray painting, and the worktable is treated by aluminum sandblasting, which is beautiful and elegant. The whole machine is designed reasonably, and the structure is tight, and the operation is stable, safe and accurate; According to the testing and manufacturing of various key products, the test fixture and stroke are adjustable, which are widely used; Four groups of working stations work at the same time, greatly improving the test efficiency; Test speed, frequency, humanized design, convenient operation; Each station has a corresponding on-line counter. If the key fails to work, the corresponding counter will stop counting automatically, which is convenient to know the relevant test information of the product in time. This testing machine is in accordance with the relevant standards of GB 16915, GB 15092.1, iec61058 and UL!<br \/>\nSpecifications<br \/>\nTest trip<br \/>\n0-12cm<br \/>\nTest speed<br \/>\n1-60 times \/ min<br \/>\nFrequency range<br \/>\n0-999999<br \/>\nLoad Weights<br \/>\n50\u3001100\u3001200\u3001300\u3001500g<br \/>\nMachine weight<br \/>\n60KG<br \/>\nMachine size<br \/>\n450*650*700mm<br \/>\nTest station<br \/>\n4 Test Station<br \/>\nDriving mode<br \/>\nElectric<br \/>\nPower<br \/>\nAC220V<\/p>\n","protected":false},"excerpt":{"rendered":"<p>Button and Key Life Testing Machine, Button Fatigue Life Tester guangdong Model NG-208 MOQ 1 Set Lead Time 3-15 Working Days Country of Origin China&#8230;<\/p>\n","protected":false},"featured_media":4781,"comment_status":"open","ping_status":"closed","template":"","meta":[],"etheme_brands":[{"term_id":67,"name":"Newgoer","slug":"newgoer","term_group":0,"term_taxonomy_id":67,"taxonomy":"brand","description":"","parent":0,"count":271,"filter":"raw"}],"product_cat":[64],"product_tag":[],"_links":{"self":[{"href":"https:\/\/www.cncmarketi.com\/index.php\/wp-json\/wp\/v2\/product\/4787"}],"collection":[{"href":"https:\/\/www.cncmarketi.com\/index.php\/wp-json\/wp\/v2\/product"}],"about":[{"href":"https:\/\/www.cncmarketi.com\/index.php\/wp-json\/wp\/v2\/types\/product"}],"replies":[{"embeddable":true,"href":"https:\/\/www.cncmarketi.com\/index.php\/wp-json\/wp\/v2\/comments?post=4787"}],"version-history":[{"count":0,"href":"https:\/\/www.cncmarketi.com\/index.php\/wp-json\/wp\/v2\/product\/4787\/revisions"}],"wp:featuredmedia":[{"embeddable":true,"href":"https:\/\/www.cncmarketi.com\/index.php\/wp-json\/wp\/v2\/media\/4781"}],"wp:attachment":[{"href":"https:\/\/www.cncmarketi.com\/index.php\/wp-json\/wp\/v2\/media?parent=4787"}],"wp:term":[{"taxonomy":"brand","embeddable":true,"href":"https:\/\/www.cncmarketi.com\/index.php\/wp-json\/wp\/v2\/etheme_brands?post=4787"},{"taxonomy":"product_cat","embeddable":true,"href":"https:\/\/www.cncmarketi.com\/index.php\/wp-json\/wp\/v2\/product_cat?post=4787"},{"taxonomy":"product_tag","embeddable":true,"href":"https:\/\/www.cncmarketi.com\/index.php\/wp-json\/wp\/v2\/product_tag?post=4787"}],"curies":[{"name":"wp","href":"https:\/\/api.w.org\/{rel}","templated":true}]}}