{"id":4780,"date":"2023-08-06T08:06:31","date_gmt":"2023-08-06T05:06:31","guid":{"rendered":"https:\/\/www.cncmarketi.com\/index.php\/product\/bekk-kagit-puruzsuzluk-ve-yuzey-puruzlulugu-test-makinesi\/"},"modified":"2023-08-06T09:00:48","modified_gmt":"2023-08-06T06:00:48","slug":"bekk-kagit-puruzsuzluk-ve-yuzey-puruzlulugu-test-makinesi","status":"publish","type":"product","link":"https:\/\/www.cncmarketi.com\/index.php\/product\/bekk-kagit-puruzsuzluk-ve-yuzey-puruzlulugu-test-makinesi\/","title":{"rendered":"Bekk ka\u011f\u0131t p\u00fcr\u00fczs\u00fczl\u00fck ve y\u00fczey p\u00fcr\u00fczl\u00fcl\u00fc\u011f\u00fc test makinesi"},"content":{"rendered":"<p>Bekk Paper Smoothness and Surface Roughness Testing Machine<br \/>\nModel<br \/>\nNG-615<br \/>\nMOQ<br \/>\n1 Set<br \/>\nLead Time<br \/>\n3-15 Working Days<br \/>\nCountry of Origin<br \/>\nChina<br \/>\nPackage<br \/>\nStandard Export Wooden Box<br \/>\nOEM &#038; ODM<br \/>\nSupport<br \/>\n\u63cf\u8ff0<br \/>\n\u7528\u6237\u8bc4\u8bba (0)<br \/>\n\u63cf\u8ff0<br \/>\nSummary:<br \/>\nAutomatic smoothness and surface roughness tester is used for testing the smoothness of paper and paperboard; it is ideal testing equipment for paper making, packaging, printing, commodity inspection, scientific research and other departments.<br \/>\nStandard:<br \/>\nISO 5627, GB\/ T456: Paper and board \u2013 Determination of smoothness (Bekk Method)<br \/>\nQB\/T 1665: Paper and board \u2013 Tester of smoothness<br \/>\nApplication:<br \/>\nMeasure specimen: This smoothness tester is used for testing high smoothness paper and<br \/>\npaperboard. It should not be used for testing materials with a thickness of more than 0.5mm or paper or paperboard with a high permeability, because the amount of air through the sample may cause unreal results.<br \/>\nFree conversion of gear A, B, C, and ensure that the sample is pre-pressed for 60 seconds according to the national standard.Added quick test mode, greatly reducing test time.<br \/>\nSpecifications:<br \/>\nTest space<br \/>\n10\u00b10.05 cm\u00b2<br \/>\nTest gear<br \/>\n>300 seconds: 50.66~48.00 kpa;<br \/>\n15-300 seconds: 50.66~48.00 kpa;<br \/>\n<15s seconds: 50.66~29.33 kpa\nTest range\n1~9999 S\nContact pressure (kPa)\n100\u00b12 kpa\nAccurate\n0.1 S\nResolution\n0.1 S\nVolume of a vacuum vessel system\nLarge vacuum vessel 380\u00b11ml\nSmall vacuum vessel 38\u00b11ml\nVolume of air discharged (ml)\n(50.66kpa~ 8.00kpa)\nLarge vacuum vessel 10\u00b10.15;\nSmall vacuum vessel 1\u00b10.04\nPower\n220V, 50Hz\n<\/p>\n","protected":false},"excerpt":{"rendered":"<p>Bekk Paper Smoothness and Surface Roughness Testing Machine Model NG-615 MOQ 1 Set Lead Time 3-15 Working Days Country of Origin China Package Standard Export&#8230;<\/p>\n","protected":false},"featured_media":4777,"comment_status":"open","ping_status":"closed","template":"","meta":[],"etheme_brands":[{"term_id":67,"name":"Newgoer","slug":"newgoer","term_group":0,"term_taxonomy_id":67,"taxonomy":"brand","description":"","parent":0,"count":271,"filter":"raw"}],"product_cat":[64],"product_tag":[],"_links":{"self":[{"href":"https:\/\/www.cncmarketi.com\/index.php\/wp-json\/wp\/v2\/product\/4780"}],"collection":[{"href":"https:\/\/www.cncmarketi.com\/index.php\/wp-json\/wp\/v2\/product"}],"about":[{"href":"https:\/\/www.cncmarketi.com\/index.php\/wp-json\/wp\/v2\/types\/product"}],"replies":[{"embeddable":true,"href":"https:\/\/www.cncmarketi.com\/index.php\/wp-json\/wp\/v2\/comments?post=4780"}],"version-history":[{"count":0,"href":"https:\/\/www.cncmarketi.com\/index.php\/wp-json\/wp\/v2\/product\/4780\/revisions"}],"wp:featuredmedia":[{"embeddable":true,"href":"https:\/\/www.cncmarketi.com\/index.php\/wp-json\/wp\/v2\/media\/4777"}],"wp:attachment":[{"href":"https:\/\/www.cncmarketi.com\/index.php\/wp-json\/wp\/v2\/media?parent=4780"}],"wp:term":[{"taxonomy":"brand","embeddable":true,"href":"https:\/\/www.cncmarketi.com\/index.php\/wp-json\/wp\/v2\/etheme_brands?post=4780"},{"taxonomy":"product_cat","embeddable":true,"href":"https:\/\/www.cncmarketi.com\/index.php\/wp-json\/wp\/v2\/product_cat?post=4780"},{"taxonomy":"product_tag","embeddable":true,"href":"https:\/\/www.cncmarketi.com\/index.php\/wp-json\/wp\/v2\/product_tag?post=4780"}],"curies":[{"name":"wp","href":"https:\/\/api.w.org\/{rel}","templated":true}]}}