{"id":4776,"date":"2023-08-06T08:06:26","date_gmt":"2023-08-06T05:06:26","guid":{"rendered":"https:\/\/www.cncmarketi.com\/index.php\/product\/otomatik-ekleme-ve-ekstraksiyon-kuvvet-test-cihazi-1220s-konnektor-tapasi-ekleme-test-cihazi\/"},"modified":"2023-08-06T09:00:48","modified_gmt":"2023-08-06T06:00:48","slug":"otomatik-ekleme-ve-ekstraksiyon-kuvvet-test-cihazi-1220s-konnektor-tapasi-ekleme-test-cihazi","status":"publish","type":"product","link":"https:\/\/www.cncmarketi.com\/index.php\/product\/otomatik-ekleme-ve-ekstraksiyon-kuvvet-test-cihazi-1220s-konnektor-tapasi-ekleme-test-cihazi\/","title":{"rendered":"Otomatik Ekleme ve Ekstraksiyon Kuvvet Test Cihaz\u0131, 1220S Konnekt\u00f6r Tapas\u0131 Ekleme Test Cihaz\u0131"},"content":{"rendered":"<p>\u63cf\u8ff0<br \/>\nSummary:<br \/>\nAutomatic insertion force test machine is suitable for connectors insertion and withdrawal force tests, the<br \/>\nuse of unique device automatically matched to find the heart of a variety of special fixture connector, the<br \/>\nplug can be completely accurate force results. All the testing information are setting by the computer and\u3001it can automatically store testing condition,test result, (load-displacement), curve,life decay curve and<br \/>\nautomatically generate reports.<br \/>\nThis machine adopt high precision loading parts with servo motor for measurement and drive, can get<br \/>\nprecision insertion force result. It is a kind of necessary machine for all kinds of connectors and electrical products manufactures for research and development together with quality control application.<br \/>\nTest Items:<br \/>\nTest hole plug connector.<br \/>\nTest row of the connector plug<br \/>\nLife test plug connector.<br \/>\nSingle-pin connector and plastic Retention Test<br \/>\nConnector test<br \/>\nSpring test<br \/>\nImpedance measurements can be performed simultaneously (optional)<br \/>\nVarious compression, tensile breaking strength test<br \/>\nFeatures:<br \/>\nAll the testing informations are setting by the computer and it can automatically store: testing<br \/>\ncondition,test result,(load-displacement),curve,life decay curve and automatically generate reports.<br \/>\nHigh precise\uff1aLoad resolution\uff1a0.01gf\uff0cDisplacement\uff1a0.001mm<br \/>\nAdopting high precision explosion Load Cell\uff0cRepeated errors\uff1a0.01%<br \/>\nHigh stability: adopt Japan Panasonic servo motor drive and no space, no ground ball screw drive, can<br \/>\neliminate noise and resonance.<br \/>\nCan enter the upper and lower limit conditions and automatically rebel the test results Passed or Fail,<br \/>\nthe maximum, minimum, average and standard deviation, etc.<br \/>\nSpecifications:<br \/>\nLoad capacity<br \/>\n2kg, 5kg, 20kg, 50kg, 100kg (optional)<br \/>\nUnit switch over<br \/>\ngf, kgf, lbf, N<br \/>\nResolution<br \/>\n0.001kg<br \/>\nLoad precision<br \/>\n\u00b10.5%<br \/>\nMaximum travel<br \/>\n150mm<br \/>\nTest speed<br \/>\n0~200mm\/min<br \/>\nSpeed precision<br \/>\n0.5%<br \/>\nX,Y axis movement range<br \/>\n0~75mm<br \/>\nDisplacement resolution<br \/>\n0.01mm<br \/>\nDynamical System<br \/>\nPanasonic servo motor<br \/>\nSize<br \/>\n360*260*940mm<br \/>\nWeight<br \/>\n70kg<br \/>\nPower<br \/>\n220V,50HZ \/ Customized<\/p>\n","protected":false},"excerpt":{"rendered":"<p>\u63cf\u8ff0 Summary: Automatic insertion force test machine is suitable for connectors insertion and withdrawal force tests, the use of unique device automatically matched to find&#8230;<\/p>\n","protected":false},"featured_media":4770,"comment_status":"open","ping_status":"closed","template":"","meta":[],"etheme_brands":[{"term_id":67,"name":"Newgoer","slug":"newgoer","term_group":0,"term_taxonomy_id":67,"taxonomy":"brand","description":"","parent":0,"count":271,"filter":"raw"}],"product_cat":[64],"product_tag":[],"_links":{"self":[{"href":"https:\/\/www.cncmarketi.com\/index.php\/wp-json\/wp\/v2\/product\/4776"}],"collection":[{"href":"https:\/\/www.cncmarketi.com\/index.php\/wp-json\/wp\/v2\/product"}],"about":[{"href":"https:\/\/www.cncmarketi.com\/index.php\/wp-json\/wp\/v2\/types\/product"}],"replies":[{"embeddable":true,"href":"https:\/\/www.cncmarketi.com\/index.php\/wp-json\/wp\/v2\/comments?post=4776"}],"version-history":[{"count":0,"href":"https:\/\/www.cncmarketi.com\/index.php\/wp-json\/wp\/v2\/product\/4776\/revisions"}],"wp:featuredmedia":[{"embeddable":true,"href":"https:\/\/www.cncmarketi.com\/index.php\/wp-json\/wp\/v2\/media\/4770"}],"wp:attachment":[{"href":"https:\/\/www.cncmarketi.com\/index.php\/wp-json\/wp\/v2\/media?parent=4776"}],"wp:term":[{"taxonomy":"brand","embeddable":true,"href":"https:\/\/www.cncmarketi.com\/index.php\/wp-json\/wp\/v2\/etheme_brands?post=4776"},{"taxonomy":"product_cat","embeddable":true,"href":"https:\/\/www.cncmarketi.com\/index.php\/wp-json\/wp\/v2\/product_cat?post=4776"},{"taxonomy":"product_tag","embeddable":true,"href":"https:\/\/www.cncmarketi.com\/index.php\/wp-json\/wp\/v2\/product_tag?post=4776"}],"curies":[{"name":"wp","href":"https:\/\/api.w.org\/{rel}","templated":true}]}}