{"id":4756,"date":"2023-08-06T08:06:05","date_gmt":"2023-08-06T05:06:05","guid":{"rendered":"https:\/\/www.cncmarketi.com\/index.php\/product\/bally-deri-dinamik-su-gecirmez-test-cihazi-deri-ayakkabilar-dinamik-su-gecirmez-test-makinesi\/"},"modified":"2023-08-06T09:00:48","modified_gmt":"2023-08-06T06:00:48","slug":"bally-deri-dinamik-su-gecirmez-test-cihazi-deri-ayakkabilar-dinamik-su-gecirmez-test-makinesi","status":"publish","type":"product","link":"https:\/\/www.cncmarketi.com\/index.php\/product\/bally-deri-dinamik-su-gecirmez-test-cihazi-deri-ayakkabilar-dinamik-su-gecirmez-test-makinesi\/","title":{"rendered":"Bally deri dinamik su ge\u00e7irmez test cihaz\u0131, deri ayakkab\u0131lar dinamik su ge\u00e7irmez test makinesi"},"content":{"rendered":"<p>Bally Leather Dynamic Waterproof Tester, Leather Shoes Dynamic Waterproof Test Machine<br \/>\nModel<br \/>\nNG-375<br \/>\nMOQ<br \/>\n1 Set<br \/>\nLead Time<br \/>\n3-15 Working Days<br \/>\nCountry of Origin<br \/>\nChina<br \/>\nPackage<br \/>\nStandard Export Wooden Box<br \/>\nOEM &#038; ODM<br \/>\nSupport<br \/>\n\u63cf\u8ff0<br \/>\n\u7528\u6237\u8bc4\u8bba (0)<br \/>\n\u63cf\u8ff0<br \/>\nSummary:<br \/>\nBally Leather Dynamic Waterproof Tester is designed for the upper of the shoe as the raw material for the development of improved materials, waterproof processing, such as: leather, artificial leather, cloth, etc., cut the test piece, device in the testing machine, under the periphery of the water, carry out a bending action, to measure the permeability index of the material, or for the development of improved materials, waterproof processing basis<br \/>\nCorresponding standard: Bally Leather Dynamic Waterproof Tester<br \/>\nGB\/T3903.07, GB\/T20991-2007, ISO 17702, EN ISO20344, DIN53338, SATRA TM171 and other standards<br \/>\nApplicable industry:<br \/>\nBally Leather Dynamic Waterproof Tester is applied to test leather performance in shoes, clothing,<br \/>\nluggage handbag industry, research laboratories; commodity inspection, arbitration and technical supervision<br \/>\ndepartments<br \/>\nTechnical Specifications:<br \/>\nProduct Name<br \/>\nBally Leather Dynamic Waterproof Test Equipment<br \/>\nTesting Number<br \/>\n4 groups<br \/>\nCounter<br \/>\nLCD, 0 ~ 999,999<br \/>\nDigital Timer<br \/>\nLED, 1 ~ 999hr<br \/>\nMachine Volume<br \/>\n430* 540* 410mm<br \/>\nMachine Weight<br \/>\n52kg<br \/>\nPower Supply<br \/>\nAC220V<\/p>\n","protected":false},"excerpt":{"rendered":"<p>Bally Leather Dynamic Waterproof Tester, Leather Shoes Dynamic Waterproof Test Machine Model NG-375 MOQ 1 Set Lead Time 3-15 Working Days Country of Origin China&#8230;<\/p>\n","protected":false},"featured_media":4750,"comment_status":"open","ping_status":"closed","template":"","meta":[],"etheme_brands":[{"term_id":67,"name":"Newgoer","slug":"newgoer","term_group":0,"term_taxonomy_id":67,"taxonomy":"brand","description":"","parent":0,"count":271,"filter":"raw"}],"product_cat":[64],"product_tag":[],"_links":{"self":[{"href":"https:\/\/www.cncmarketi.com\/index.php\/wp-json\/wp\/v2\/product\/4756"}],"collection":[{"href":"https:\/\/www.cncmarketi.com\/index.php\/wp-json\/wp\/v2\/product"}],"about":[{"href":"https:\/\/www.cncmarketi.com\/index.php\/wp-json\/wp\/v2\/types\/product"}],"replies":[{"embeddable":true,"href":"https:\/\/www.cncmarketi.com\/index.php\/wp-json\/wp\/v2\/comments?post=4756"}],"version-history":[{"count":0,"href":"https:\/\/www.cncmarketi.com\/index.php\/wp-json\/wp\/v2\/product\/4756\/revisions"}],"wp:featuredmedia":[{"embeddable":true,"href":"https:\/\/www.cncmarketi.com\/index.php\/wp-json\/wp\/v2\/media\/4750"}],"wp:attachment":[{"href":"https:\/\/www.cncmarketi.com\/index.php\/wp-json\/wp\/v2\/media?parent=4756"}],"wp:term":[{"taxonomy":"brand","embeddable":true,"href":"https:\/\/www.cncmarketi.com\/index.php\/wp-json\/wp\/v2\/etheme_brands?post=4756"},{"taxonomy":"product_cat","embeddable":true,"href":"https:\/\/www.cncmarketi.com\/index.php\/wp-json\/wp\/v2\/product_cat?post=4756"},{"taxonomy":"product_tag","embeddable":true,"href":"https:\/\/www.cncmarketi.com\/index.php\/wp-json\/wp\/v2\/product_tag?post=4756"}],"curies":[{"name":"wp","href":"https:\/\/api.w.org\/{rel}","templated":true}]}}