{"id":4742,"date":"2023-08-06T08:05:46","date_gmt":"2023-08-06T05:05:46","guid":{"rendered":"https:\/\/www.cncmarketi.com\/index.php\/product\/otomatik-kontrolweigher-konveyor-kemeri-cek-tartici-siralama-makinesi\/"},"modified":"2023-08-06T09:00:48","modified_gmt":"2023-08-06T06:00:48","slug":"otomatik-kontrolweigher-konveyor-kemeri-cek-tartici-siralama-makinesi","status":"publish","type":"product","link":"https:\/\/www.cncmarketi.com\/index.php\/product\/otomatik-kontrolweigher-konveyor-kemeri-cek-tartici-siralama-makinesi\/","title":{"rendered":"Otomatik Kontrolweigher Konvey\u00f6r Kemeri \u00c7ek Tart\u0131c\u0131 S\u0131ralama Makinesi"},"content":{"rendered":"<p>Automatic Checkweigher Conveyor Belt Check Weigher Sorting Machine<br \/>\nModel<br \/>\nNG-709<br \/>\nMOQ<br \/>\n1 Set<br \/>\nLead Time<br \/>\n3-15 Working Days<br \/>\nCountry of Origin<br \/>\nChina<br \/>\nPackage<br \/>\nStandard Export Wooden Box<br \/>\nOEM &#038; ODM<br \/>\nSupport<br \/>\n\u63cf\u8ff0<br \/>\n\u7528\u6237\u8bc4\u8bba (0)<br \/>\n\u63cf\u8ff0<br \/>\nApplication:<br \/>\nThe Check weigher is designed for fully automated packaging lines,when find the overweight and ultra-light products the conveyor belt will stop and alarm, the screen will display the weight. When the substandard product removed from the product line, the belt will run automatically. Auto ejector is optional.<br \/>\nFeatures:<br \/>\nEASY: Large LCD touch screen display, Chinese and English interface, Language customized.<br \/>\nPRECISON: High-precision sensor with high detection accuracy and fast detection speed.<br \/>\nREAL TIME: The graph shows the statistical distribution of the sorting results and grasps the sorting dynamics in real time.<br \/>\nMEMORY: 100 kinds of product sorting parameters can be preset, and different products can be quickly switched.<br \/>\nAUTO-LEARN: High-speed and high-precision digital filtering algorithm, data filtering parameters, automatic learning.<br \/>\nINTELLIGENT: Dynamic zero tracking, including zero tracking when the equipment is continuously running, can automatically correct the weight value.<br \/>\nRELIABILITY: Variable frequency motor drive, effectively improve the stability of equipment operation.<br \/>\nDATA: Preset data transmission interface, can set or export product sorting parameters via USB.<br \/>\n9.ACCURACY: The photoelectric check weighing trigger method is adopted to effectively improve the accuracy of the equipment.<br \/>\nREMOVE: Multiple removal methods are optional, which can remove overweight or underweight products.<br \/>\nSpecifications:<br \/>\nTouch Screen<br \/>\n10.1 inch color TFT touch display<br \/>\nWeighing range<br \/>\n5~1000g<br \/>\nMinimum scale<br \/>\n0.1g<br \/>\nSorting accuracy<br \/>\n\u00b1 0.2g~\u00b11g<br \/>\nDetection object size<br \/>\nL (mm):1~300<br \/>\nW(mm):1~200<br \/>\nH (mm):1~100<br \/>\nWeighing section size<br \/>\nL 400mm * W 220mm<br \/>\nBelt height from ground<br \/>\n680mm~750mm(Customized Height)<br \/>\nConveyor belt speed<br \/>\n20m \/ min fixed speed or 15-30m \/ min adjustable speed (speed can be customized)<br \/>\nSorting Method<br \/>\n6 outputs Sorting<br \/>\nMaterial. Surface<br \/>\n304 stainless steel surface polishing<br \/>\nLanguage<br \/>\nChinese \/ English (more languages can be customized)<br \/>\nInput voltage \/ power<br \/>\nSingle Phase AC220V 50Hz\/300W<br \/>\nMachine Weight<br \/>\n200Kg<br \/>\nMachine Size<br \/>\nL2200mm*W 685mm *H 1335mm<\/p>\n","protected":false},"excerpt":{"rendered":"<p>Automatic Checkweigher Conveyor Belt Check Weigher Sorting Machine Model NG-709 MOQ 1 Set Lead Time 3-15 Working Days Country of Origin China Package Standard Export&#8230;<\/p>\n","protected":false},"featured_media":4736,"comment_status":"open","ping_status":"closed","template":"","meta":[],"etheme_brands":[{"term_id":67,"name":"Newgoer","slug":"newgoer","term_group":0,"term_taxonomy_id":67,"taxonomy":"brand","description":"","parent":0,"count":271,"filter":"raw"}],"product_cat":[64],"product_tag":[],"_links":{"self":[{"href":"https:\/\/www.cncmarketi.com\/index.php\/wp-json\/wp\/v2\/product\/4742"}],"collection":[{"href":"https:\/\/www.cncmarketi.com\/index.php\/wp-json\/wp\/v2\/product"}],"about":[{"href":"https:\/\/www.cncmarketi.com\/index.php\/wp-json\/wp\/v2\/types\/product"}],"replies":[{"embeddable":true,"href":"https:\/\/www.cncmarketi.com\/index.php\/wp-json\/wp\/v2\/comments?post=4742"}],"version-history":[{"count":0,"href":"https:\/\/www.cncmarketi.com\/index.php\/wp-json\/wp\/v2\/product\/4742\/revisions"}],"wp:featuredmedia":[{"embeddable":true,"href":"https:\/\/www.cncmarketi.com\/index.php\/wp-json\/wp\/v2\/media\/4736"}],"wp:attachment":[{"href":"https:\/\/www.cncmarketi.com\/index.php\/wp-json\/wp\/v2\/media?parent=4742"}],"wp:term":[{"taxonomy":"brand","embeddable":true,"href":"https:\/\/www.cncmarketi.com\/index.php\/wp-json\/wp\/v2\/etheme_brands?post=4742"},{"taxonomy":"product_cat","embeddable":true,"href":"https:\/\/www.cncmarketi.com\/index.php\/wp-json\/wp\/v2\/product_cat?post=4742"},{"taxonomy":"product_tag","embeddable":true,"href":"https:\/\/www.cncmarketi.com\/index.php\/wp-json\/wp\/v2\/product_tag?post=4742"}],"curies":[{"name":"wp","href":"https:\/\/api.w.org\/{rel}","templated":true}]}}