{"id":4735,"date":"2023-08-06T08:05:38","date_gmt":"2023-08-06T05:05:38","guid":{"rendered":"https:\/\/www.cncmarketi.com\/index.php\/product\/otomatik-agir-hizmetli-igne-dedektoru-makinesi-konveyor-bant-igne-dedektoru\/"},"modified":"2023-08-06T09:00:48","modified_gmt":"2023-08-06T06:00:48","slug":"otomatik-agir-hizmetli-igne-dedektoru-makinesi-konveyor-bant-igne-dedektoru","status":"publish","type":"product","link":"https:\/\/www.cncmarketi.com\/index.php\/product\/otomatik-agir-hizmetli-igne-dedektoru-makinesi-konveyor-bant-igne-dedektoru\/","title":{"rendered":"Otomatik A\u011f\u0131r Hizmetli \u0130\u011fne Dedekt\u00f6r\u00fc Makinesi, Konvey\u00f6r Bant \u0130\u011fne Dedekt\u00f6r\u00fc"},"content":{"rendered":"<p>Automatic Heavy Duty Needle Detector Machine, Conveyor Belt Needle Detector<br \/>\nModel<br \/>\nNG-707<br \/>\nMOQ<br \/>\n1 Set<br \/>\nLead Time<br \/>\n3-15 Working Days<br \/>\nCountry of Origin<br \/>\nChina<br \/>\nPackage<br \/>\nStandard Export Wooden Box<br \/>\nOEM &#038; ODM<br \/>\nSupport<br \/>\n\u63cf\u8ff0<br \/>\n\u7528\u6237\u8bc4\u8bba (0)<br \/>\n\u63cf\u8ff0<br \/>\nApplication:<br \/>\nNeedle Metal Detector Machine used mainly for food and other requirements of high detection sensitivity industries, for the detection of inclusions or lost in the raw materials or products of Broken Needle, wire or lead, copper, aluminum, tin, stainless steel and other metals. Detection lost pin and scrap iron kind of impurities in the products, provide reliable product quality assurance. With stable performance and precision detecting function, can keep your product and customer safe, thus protect your brands.<br \/>\nFeatures:<br \/>\n1.Branded computer chip, dual-frequency integrated circuit, cross magnetic induction detection, bring with higher accuracy, reliability and stability.<br \/>\n2.Automatic control system and uses special magnetic sensitive materials and unique technology, the detection accuracy of the needle detector is particularly high, and the exact needle-breaking position is displayed into 8 detecting zones.<br \/>\n3.Twin search heads design, double detection function, higher safety performance, compared with other types of needle detectors, at the same detection height, the sensitivity is increased by 10%.<br \/>\n4.Automatic detection, automatic induction, automatic stop when no detection is needed, 0-10 sensitivity degree adjustment, when there is a broken needle, the conveyor belt automatically stops and returns backwards.<br \/>\n5.With counting function, it can count the number of qualified or defective products.<br \/>\n6.It has two alarm modes: sound effect and light alarming.<br \/>\n7.Luxury appearance, novel style, saving time and electricity, simple operation<br \/>\nSpecifications:<br \/>\nDetection method<br \/>\nMagnetic induction<br \/>\nSensitivity adjustment<br \/>\n1-10 Degree<br \/>\nDetection sensitivity<br \/>\n0.8-2.0mm Iron Ball<br \/>\nAlarm method<br \/>\nBeep, light<br \/>\nDetection width<br \/>\n600mm<br \/>\nDetection height<br \/>\n100-250mm(CUSTOM)<br \/>\nPower supply<br \/>\n220V 50Hz<br \/>\nPower consumption<br \/>\n120W<br \/>\nWeight<br \/>\n250kg<br \/>\nDimension(L\u00d7W\u00d7H)<br \/>\n2350\u00d71100\u00d7950mm<\/p>\n","protected":false},"excerpt":{"rendered":"<p>Automatic Heavy Duty Needle Detector Machine, Conveyor Belt Needle Detector Model NG-707 MOQ 1 Set Lead Time 3-15 Working Days Country of Origin China Package&#8230;<\/p>\n","protected":false},"featured_media":4729,"comment_status":"open","ping_status":"closed","template":"","meta":[],"etheme_brands":[{"term_id":67,"name":"Newgoer","slug":"newgoer","term_group":0,"term_taxonomy_id":67,"taxonomy":"brand","description":"","parent":0,"count":271,"filter":"raw"}],"product_cat":[64],"product_tag":[],"_links":{"self":[{"href":"https:\/\/www.cncmarketi.com\/index.php\/wp-json\/wp\/v2\/product\/4735"}],"collection":[{"href":"https:\/\/www.cncmarketi.com\/index.php\/wp-json\/wp\/v2\/product"}],"about":[{"href":"https:\/\/www.cncmarketi.com\/index.php\/wp-json\/wp\/v2\/types\/product"}],"replies":[{"embeddable":true,"href":"https:\/\/www.cncmarketi.com\/index.php\/wp-json\/wp\/v2\/comments?post=4735"}],"version-history":[{"count":0,"href":"https:\/\/www.cncmarketi.com\/index.php\/wp-json\/wp\/v2\/product\/4735\/revisions"}],"wp:featuredmedia":[{"embeddable":true,"href":"https:\/\/www.cncmarketi.com\/index.php\/wp-json\/wp\/v2\/media\/4729"}],"wp:attachment":[{"href":"https:\/\/www.cncmarketi.com\/index.php\/wp-json\/wp\/v2\/media?parent=4735"}],"wp:term":[{"taxonomy":"brand","embeddable":true,"href":"https:\/\/www.cncmarketi.com\/index.php\/wp-json\/wp\/v2\/etheme_brands?post=4735"},{"taxonomy":"product_cat","embeddable":true,"href":"https:\/\/www.cncmarketi.com\/index.php\/wp-json\/wp\/v2\/product_cat?post=4735"},{"taxonomy":"product_tag","embeddable":true,"href":"https:\/\/www.cncmarketi.com\/index.php\/wp-json\/wp\/v2\/product_tag?post=4735"}],"curies":[{"name":"wp","href":"https:\/\/api.w.org\/{rel}","templated":true}]}}