{"id":4728,"date":"2023-08-06T08:05:30","date_gmt":"2023-08-06T05:05:30","guid":{"rendered":"https:\/\/www.cncmarketi.com\/index.php\/product\/otomatik-kumaslar-su-buzulme-test-cihazi-buzulme-camasir-makinesi\/"},"modified":"2023-08-06T09:00:48","modified_gmt":"2023-08-06T06:00:48","slug":"otomatik-kumaslar-su-buzulme-test-cihazi-buzulme-camasir-makinesi","status":"publish","type":"product","link":"https:\/\/www.cncmarketi.com\/index.php\/product\/otomatik-kumaslar-su-buzulme-test-cihazi-buzulme-camasir-makinesi\/","title":{"rendered":"Otomatik kuma\u015flar su b\u00fcz\u00fclme test cihaz\u0131, b\u00fcz\u00fclme \u00e7ama\u015f\u0131r makinesi"},"content":{"rendered":"<p>\u63cf\u8ff0<br \/>\nSummary:<br \/>\nThe Fabric Automatic Fabric Water Shrinkage Tester is used for testing the shrinkage and relaxation after washing of various textiles such as cotton, wool, silk, linen, chemical fiber, knitwear, costume etc. It is fit for the factory and testing center with the long-term test.<br \/>\nStandards\uff1a<br \/>\nEN\/ISO-6330-2012, ISO 5077, IWSTM31, BS4923, EN25077\/26330, JISL1909, FZ\/T70009.<br \/>\nFeatures :<br \/>\nThe apparatus used are for industrial design, suit to the harsh long continuous testing requirements<br \/>\nSuspended inner canister exclusive used, smoothly operation without vibration<br \/>\nInclude 12 groups washing programs, users can prepare 6 groups their own shrinkage procedures, and provide programs storage<br \/>\nVariable frequency control technology used, to protect the electrical safety and the smooth operation.<br \/>\nLarge touch screen display, figures show clearly<br \/>\nUsing high-precision pressure sensors, to ensure that accurate and reliable water level.<br \/>\nOutside and inside fully use stainless steel.<br \/>\nTechnical parameters:<br \/>\nCategory<br \/>\nHorizontal roller type, front door feeding mode<br \/>\nInner layer roller<br \/>\nDiameter : 520\u00b11mm<br \/>\nDepth: 315\u00b11mm<br \/>\nInner &#038; outer roller gap<br \/>\n2.8cm\u00b10.1cm<br \/>\nLift vane quantity<br \/>\n3 PCS 120\u00b0 even distribution<br \/>\nLift vane height<br \/>\n53mm\u00b11mm<br \/>\nRotation action<br \/>\nNormal On: (12\u00b10.1)S, Normal Off (3\u00b10.1)S<br \/>\nMild On: (8\u00b10.1)S, Mild Off (7\u00b10.1)S<br \/>\nGentle On: (3\u00b10.1)S, Gentle Off (12\u00b10.1)S<br \/>\nSoft: clockwise rotation (3\u00b10.1)S, stop (12\u00b10.1)S<br \/>\nanticlockwise rotation (3\u00b10.1)S, stop (12\u00b10.1)S<br \/>\nRotation Speed<br \/>\nWash: (52\u00b11)r.p.m<br \/>\nLow Spin : (500\u00b120)r.p.m<br \/>\nHigh Spin: (800\u00b120)r.p.m<br \/>\nWater level control<br \/>\nLow level:10cm , High level:13cm<br \/>\nFill water time<br \/>\n< 2min (water in high level 13cm\nDrainage duration\n< 1min (water in high level 13cm)\nSetting range to water temperature\nRoom temperature to 99\u2103 (accuracy: \u00b11\u2103)\nHeating power\n5.4kw\nWashing capacity\n5kg\nExternal Dimensions\n850mm\u00d7750mm\u00d71200mm\nWeight\n140Kg\nPower source\nThree-wire four-phase 380V\u00b110% 50Hz\n<\/p>\n","protected":false},"excerpt":{"rendered":"<p>\u63cf\u8ff0 Summary: The Fabric Automatic Fabric Water Shrinkage Tester is used for testing the shrinkage and relaxation after washing of various textiles such as cotton,&#8230;<\/p>\n","protected":false},"featured_media":4722,"comment_status":"open","ping_status":"closed","template":"","meta":[],"etheme_brands":[{"term_id":67,"name":"Newgoer","slug":"newgoer","term_group":0,"term_taxonomy_id":67,"taxonomy":"brand","description":"","parent":0,"count":271,"filter":"raw"}],"product_cat":[64],"product_tag":[],"_links":{"self":[{"href":"https:\/\/www.cncmarketi.com\/index.php\/wp-json\/wp\/v2\/product\/4728"}],"collection":[{"href":"https:\/\/www.cncmarketi.com\/index.php\/wp-json\/wp\/v2\/product"}],"about":[{"href":"https:\/\/www.cncmarketi.com\/index.php\/wp-json\/wp\/v2\/types\/product"}],"replies":[{"embeddable":true,"href":"https:\/\/www.cncmarketi.com\/index.php\/wp-json\/wp\/v2\/comments?post=4728"}],"version-history":[{"count":0,"href":"https:\/\/www.cncmarketi.com\/index.php\/wp-json\/wp\/v2\/product\/4728\/revisions"}],"wp:featuredmedia":[{"embeddable":true,"href":"https:\/\/www.cncmarketi.com\/index.php\/wp-json\/wp\/v2\/media\/4722"}],"wp:attachment":[{"href":"https:\/\/www.cncmarketi.com\/index.php\/wp-json\/wp\/v2\/media?parent=4728"}],"wp:term":[{"taxonomy":"brand","embeddable":true,"href":"https:\/\/www.cncmarketi.com\/index.php\/wp-json\/wp\/v2\/etheme_brands?post=4728"},{"taxonomy":"product_cat","embeddable":true,"href":"https:\/\/www.cncmarketi.com\/index.php\/wp-json\/wp\/v2\/product_cat?post=4728"},{"taxonomy":"product_tag","embeddable":true,"href":"https:\/\/www.cncmarketi.com\/index.php\/wp-json\/wp\/v2\/product_tag?post=4728"}],"curies":[{"name":"wp","href":"https:\/\/api.w.org\/{rel}","templated":true}]}}