{"id":4700,"date":"2023-08-06T08:05:00","date_gmt":"2023-08-06T05:05:00","guid":{"rendered":"https:\/\/www.cncmarketi.com\/index.php\/product\/astm-d412-kaucuk-cekme-test-makinesi-kaucuk-elastomer-icin-cekme-mukavemeti-testi\/"},"modified":"2023-09-05T20:27:25","modified_gmt":"2023-09-05T17:27:25","slug":"astm-d412-kaucuk-cekme-test-makinesi-kaucuk-elastomer-icin-cekme-mukavemeti-testi","status":"publish","type":"product","link":"https:\/\/www.cncmarketi.com\/index.php\/product\/astm-d412-kaucuk-cekme-test-makinesi-kaucuk-elastomer-icin-cekme-mukavemeti-testi\/","title":{"rendered":"ASTM D412 Kau\u00e7uk \u00c7ekme Test Makinesi, Kau\u00e7uk Elastomer i\u00e7in \u00c7ekme Mukavemeti Testi"},"content":{"rendered":"<p>\u63cf\u8ff0<br \/>\nItems<br \/>\nServo Universal Tensile Testing Machine<br \/>\nModel<br \/>\nNG-101<br \/>\nMax. Capacity<br \/>\n10, 20, 50, 100, 200, 500, 1000, 2000Kg (Optional)<br \/>\nUnit<br \/>\nG, KG, N, LB can be exchanged<br \/>\nAccurate Grade<br \/>\n0.5grade<br \/>\nDisplay Device<br \/>\nPC<br \/>\nResolution<br \/>\n1\/250,000<br \/>\nEffective Accuracy<br \/>\n\u00b10.2%(0.5grade)<br \/>\nMax. Effective Stroke<br \/>\n800mm (column 143mm)<br \/>\nSpeed Range<br \/>\n0.05-500mm\/min (adjustable )<br \/>\nMotor<br \/>\nServo Motor + High Precise Ball Screw<br \/>\nElongation Accuracy<br \/>\n0.001mm<br \/>\nPower<br \/>\nAC220V, 50\/60HZ(custom-made)<br \/>\nStandard Accessories<br \/>\nTensile Clamp (According to your test samples), English Computer,<br \/>\nEnglish Software CD<br \/>\nOverview:<br \/>\nASTM D412 covers two test methods: Method A and B. Method A is a common guideline for evaluating the tension properties of dumbbell samples of vulcanized thermoset rubbers and thermoplastic elastomers. Method B covers procedures to evaluate the tension properties of flat ring samples of vulcanized thermoset rubbers and thermoplastic elastomers. ASTM D412 gives you the choice of six specimen geometries and cutting die. The standard calls for specimens which have not been pre-stressed to be measured for:<br \/>\n\u2022 Tensile stress<br \/>\n\u2022 Tensile stress at a given elongation<br \/>\n\u2022 Tensile strength<br \/>\n\u2022 Yield point<br \/>\n\u2022 Ultimate elongation<br \/>\nASTM D412 Test Method A<br \/>\nMethod A for ASTM D412 is a common test for dogbone and strip samples of rubber and elastomers. Tensile stress, yield point, and tensile strength are based on the original cross-sectional area of a uniform cross-section of the specimen. Measurement of tensile set is made after a previously unstressed specimen has been extended and allowed to retract by a prescribed procedure.<br \/>\nMethod A can be performed using a universal testing machine capable of constant rate of extension (CRE) control. To determine tensile stress, tensile strength and yield point, place your dumbbell-shaped sample in the grips. The rate of grip separation should be 500 to 50 mm\/min (20 to 2 in.\/min). Start the machine and note the distance between the bench marks. Record the force at the elongation specified for the test and at the time of rupture. The elongation measurement is made preferably through the use of an extensometer.<br \/>\nTest Procedure<br \/>\n1. Cut or injection mold your material into a \u201cdumbbell\u201d shaped specimen.<br \/>\n2. Load the specimen into tensile grips.<br \/>\n3. Attach the optional extensometer to the sample<br \/>\n4. Begin the test by separating the tensile grips at a speed of 20 inches per minute<br \/>\n5. End the test after sample break (rupture)<br \/>\nAnalysis obtained:<br \/>\n1. Stress at user-specified extension or elongation<br \/>\n2. Tensile Yield Stress<br \/>\n3. Tensile Yield Strain<br \/>\n4. Tensile Strength at Rupture<br \/>\n5. Elongation at Rupture<br \/>\nASTM D412 Test Method B<br \/>\nTest Method B also requires a universal testing machine. Method B is a less common test, requiring rubber ring samples. When beginning your testing, set the rate of spindle separation 500 +\/- 50 mm\/min (20 +\/- 2 in.\/min). Start the test machine and record the force and corresponding distance between the spindles. When the specimen breaks, measure and record the ultimate (breaking) elongation and the tensile (force) strength.<br \/>\nEquipment and Software Required<br \/>\nTest Method A &#038; B of ASTM D412 specify a test machine with at least 30 inches of travel and a test speed to 500 mm \/ min (20 ipm). TestResources provides special ASTM D412 test software. Our D412 software performs stress calculations as various elongation points and also does multi-test statestical analysis. The software makes testing for ASTM D412 simple. By means of our extensive testing expertise and modular product design, we will help configure the testing solution that is right for you. Give one of our application engineers a call today for help with creating the best budget and testing plan according to ASTM D412.<br \/>\nRecommended Rubber Elastomer Test Machine<br \/>\nOur Model NG-101, Double Column Universal Tensile Tester with Extensometer<\/p>\n","protected":false},"excerpt":{"rendered":"<p>\u63cf\u8ff0 Items Servo Universal Tensile Testing Machine Model NG-101 Max. Capacity 10, 20, 50, 100, 200, 500, 1000, 2000Kg (Optional) Unit G, KG, N, LB&#8230;<\/p>\n","protected":false},"featured_media":4694,"comment_status":"open","ping_status":"closed","template":"","meta":[],"etheme_brands":[{"term_id":67,"name":"Newgoer","slug":"newgoer","term_group":0,"term_taxonomy_id":67,"taxonomy":"brand","description":"","parent":0,"count":271,"filter":"raw"}],"product_cat":[64],"product_tag":[],"_links":{"self":[{"href":"https:\/\/www.cncmarketi.com\/index.php\/wp-json\/wp\/v2\/product\/4700"}],"collection":[{"href":"https:\/\/www.cncmarketi.com\/index.php\/wp-json\/wp\/v2\/product"}],"about":[{"href":"https:\/\/www.cncmarketi.com\/index.php\/wp-json\/wp\/v2\/types\/product"}],"replies":[{"embeddable":true,"href":"https:\/\/www.cncmarketi.com\/index.php\/wp-json\/wp\/v2\/comments?post=4700"}],"version-history":[{"count":0,"href":"https:\/\/www.cncmarketi.com\/index.php\/wp-json\/wp\/v2\/product\/4700\/revisions"}],"wp:featuredmedia":[{"embeddable":true,"href":"https:\/\/www.cncmarketi.com\/index.php\/wp-json\/wp\/v2\/media\/4694"}],"wp:attachment":[{"href":"https:\/\/www.cncmarketi.com\/index.php\/wp-json\/wp\/v2\/media?parent=4700"}],"wp:term":[{"taxonomy":"brand","embeddable":true,"href":"https:\/\/www.cncmarketi.com\/index.php\/wp-json\/wp\/v2\/etheme_brands?post=4700"},{"taxonomy":"product_cat","embeddable":true,"href":"https:\/\/www.cncmarketi.com\/index.php\/wp-json\/wp\/v2\/product_cat?post=4700"},{"taxonomy":"product_tag","embeddable":true,"href":"https:\/\/www.cncmarketi.com\/index.php\/wp-json\/wp\/v2\/product_tag?post=4700"}],"curies":[{"name":"wp","href":"https:\/\/api.w.org\/{rel}","templated":true}]}}