{"id":4637,"date":"2023-08-06T08:03:51","date_gmt":"2023-08-06T05:03:51","guid":{"rendered":"https:\/\/www.cncmarketi.com\/index.php\/product\/aatcc-bilgisayarli-fiber-finess-analiz-sistemi-fiber-finess-analizoru\/"},"modified":"2023-09-05T20:27:13","modified_gmt":"2023-09-05T17:27:13","slug":"aatcc-bilgisayarli-fiber-finess-analiz-sistemi-fiber-finess-analizoru","status":"publish","type":"product","link":"https:\/\/www.cncmarketi.com\/index.php\/product\/aatcc-bilgisayarli-fiber-finess-analiz-sistemi-fiber-finess-analizoru\/","title":{"rendered":"AATCC Bilgisayarl\u0131 Fiber Finess Analiz Sistemi, Fiber Finess Analiz\u00f6r\u00fc"},"content":{"rendered":"<p>\u63cf\u8ff0<br \/>\nBrief Introduction<br \/>\nThe fiber analysis system is a new human-computer interactive fiber diameter measurement analyzer. The instrument connects the optical microscope with a computer through a high-resolution industrial camera, and the professional analysis software is used to complete the testing of the fiber diameter and cross-sectional area. It can be used to measure the fiber diameter measurement of animals\u2019 fiber such as wool and rabbit hair and various natural, man-made mixed fibers. The measuring range is 2~200 \u03bcm, precision is 0.1 \u03bcm<br \/>\nStandards:<br \/>\nGB\/T 10685~1989: Test method for determining wool fibres diameter by the projection microscope;<br \/>\nGB\/T 16988~1997: Quantitative determination for mixtures of special animal fibre and wool;<br \/>\nFZ\/T30003~2000: Method for quantitative analysis of ramie (flax hemp) cotton blended textile\u2013Micro projection;<br \/>\nSN\/T0756~1999: Method of quantitative analysis for bast\/cotton blended textiles by the projection microscope for import and export;<br \/>\nAATCC 20A~1995: Fiber Analysis: Quantitative<br \/>\nFeatures:<br \/>\nThis system uses computer digital image processing technology, which is composed of computers, cameras, microscopes, printers and detection software. It also provides fiber diameter automatic measurement function and hotline help function;<br \/>\nIt is used for observing the cross-sectional morphology and measuring the cross-sectional area of various types of animal fibers, chemical fibers, shaped fibers, and hollow fibers;<br \/>\nTesting heterotypic fiber abnormalities;<br \/>\nThe fiber content of various blended products can be obtained through the analysis of the single fiber transverse morphology and area measurement in the blended product;<br \/>\nProfessional analysis software, data and reports which are output as EXCEL, with the standard reports;<br \/>\nOperator can work without the dark room condition, which reduces the fatigue with the demonstration;<br \/>\nImprove the efficiency, much greater than the traditional detection speed;<br \/>\nThe testing records can be printed out, which improves the preciseness, and the controversial sample images can be printed out for reference;<br \/>\nDark-colored fiber can improve the detection effect without stripping the color;<br \/>\nIt is equipped with English software, cross-section software and cotton and linen software.<br \/>\nSpecifications:<br \/>\nModel<br \/>\nNG-529<br \/>\nOperation Mode<br \/>\nmanual measuring, automatic measuring,<br \/>\nmulti-point measuring, automatic statistical analysis<br \/>\nInstrument Structure<br \/>\ncomputer, industrial camera, microscope, and printer<br \/>\nApplication Range<br \/>\nflora and fauna fiber<br \/>\nMeasuring Range<br \/>\n0~200\u03bcm<br \/>\nMeasuring Accuracy<br \/>\n0.1\u03bcm<br \/>\nPower Supply<br \/>\nAC220V, 10W<br \/>\nExternal Dimension<br \/>\n1200mm*500mm*600mm<\/p>\n","protected":false},"excerpt":{"rendered":"<p>\u63cf\u8ff0 Brief Introduction The fiber analysis system is a new human-computer interactive fiber diameter measurement analyzer. The instrument connects the optical microscope with a computer&#8230;<\/p>\n","protected":false},"featured_media":4631,"comment_status":"open","ping_status":"closed","template":"","meta":[],"etheme_brands":[{"term_id":67,"name":"Newgoer","slug":"newgoer","term_group":0,"term_taxonomy_id":67,"taxonomy":"brand","description":"","parent":0,"count":271,"filter":"raw"}],"product_cat":[64],"product_tag":[],"_links":{"self":[{"href":"https:\/\/www.cncmarketi.com\/index.php\/wp-json\/wp\/v2\/product\/4637"}],"collection":[{"href":"https:\/\/www.cncmarketi.com\/index.php\/wp-json\/wp\/v2\/product"}],"about":[{"href":"https:\/\/www.cncmarketi.com\/index.php\/wp-json\/wp\/v2\/types\/product"}],"replies":[{"embeddable":true,"href":"https:\/\/www.cncmarketi.com\/index.php\/wp-json\/wp\/v2\/comments?post=4637"}],"version-history":[{"count":0,"href":"https:\/\/www.cncmarketi.com\/index.php\/wp-json\/wp\/v2\/product\/4637\/revisions"}],"wp:featuredmedia":[{"embeddable":true,"href":"https:\/\/www.cncmarketi.com\/index.php\/wp-json\/wp\/v2\/media\/4631"}],"wp:attachment":[{"href":"https:\/\/www.cncmarketi.com\/index.php\/wp-json\/wp\/v2\/media?parent=4637"}],"wp:term":[{"taxonomy":"brand","embeddable":true,"href":"https:\/\/www.cncmarketi.com\/index.php\/wp-json\/wp\/v2\/etheme_brands?post=4637"},{"taxonomy":"product_cat","embeddable":true,"href":"https:\/\/www.cncmarketi.com\/index.php\/wp-json\/wp\/v2\/product_cat?post=4637"},{"taxonomy":"product_tag","embeddable":true,"href":"https:\/\/www.cncmarketi.com\/index.php\/wp-json\/wp\/v2\/product_tag?post=4637"}],"curies":[{"name":"wp","href":"https:\/\/api.w.org\/{rel}","templated":true}]}}