{"id":4630,"date":"2023-08-06T08:03:43","date_gmt":"2023-08-06T05:03:43","guid":{"rendered":"https:\/\/www.cncmarketi.com\/index.php\/product\/aatcc-42-kumas-su-direnc-gecirgenlik-test-cihazi-tekstil-etki-penetrasyon-test-cihazi\/"},"modified":"2023-09-05T20:27:13","modified_gmt":"2023-09-05T17:27:13","slug":"aatcc-42-kumas-su-direnc-gecirgenlik-test-cihazi-tekstil-etki-penetrasyon-test-cihazi","status":"publish","type":"product","link":"https:\/\/www.cncmarketi.com\/index.php\/product\/aatcc-42-kumas-su-direnc-gecirgenlik-test-cihazi-tekstil-etki-penetrasyon-test-cihazi\/","title":{"rendered":"AATCC 42 Kuma\u015f Su Diren\u00e7 Ge\u00e7irgenlik Test Cihaz\u0131, Tekstil Etki Penetrasyon Test Cihaz\u0131"},"content":{"rendered":"<p>AATCC 42 Fabric Water Resistance Permeability Tester, Textile Impact Penetration Tester<br \/>\nModel<br \/>\nNG-524<br \/>\nMOQ<br \/>\n1 Set<br \/>\nLead Time<br \/>\n3-15 Working Days<br \/>\nCountry of Origin<br \/>\nChina<br \/>\nPackage<br \/>\nStandard Export Wooden Box<br \/>\nOEM &#038; ODM<br \/>\nSupport<br \/>\n\u63cf\u8ff0<br \/>\n\u7528\u6237\u8bc4\u8bba (0)<br \/>\n\u63cf\u8ff0<br \/>\nSummary:<br \/>\nThis Fabric Water Impact Penetration Tester applies to measure the resistance of fabrics to the penetration of water by impact, and thus can be used to predict the probable resistance of fabrics to rain penetration. It is made of stainless steel.<br \/>\nApplicable Standards:<br \/>\nT\/CTES 1013-2019 single-level performance technical specification for medical protective clothing and isolation<br \/>\nYY\/T 1632-2018 Medical protective clothing materials water resistance impact penetration test method<br \/>\nGB\/T 24218.17-2017 Test methods for nonwoven fabrics Part 17: Determination of water permeability resistance<br \/>\nAATCC 42-2013 impact permeability test method<br \/>\nETC ..<br \/>\nMain Parameters:<br \/>\nItem<br \/>\nFabric Water Impact Penetration Tester<br \/>\nThe distance from the bottom of spray<br \/>\nhead to the center of specimen<br \/>\n(610\u00b110)mm<br \/>\nDiameter of funnel<br \/>\n152mm<br \/>\nSpecimen gradient<br \/>\n45\u00b0<br \/>\nSpecimen size<br \/>\n(178\u00b110)mm\u00d7(330\u00b110)mm<br \/>\nNozzle<br \/>\nInner diameter 45.4mm, 25 holes, 0.99mm\u00b10.005mm<br \/>\nMass of spring clamp<br \/>\n(0.45\u00b10.05)kg<br \/>\nMeasure glass capacity<br \/>\n500ml<\/p>\n","protected":false},"excerpt":{"rendered":"<p>AATCC 42 Fabric Water Resistance Permeability Tester, Textile Impact Penetration Tester Model NG-524 MOQ 1 Set Lead Time 3-15 Working Days Country of Origin China&#8230;<\/p>\n","protected":false},"featured_media":4624,"comment_status":"open","ping_status":"closed","template":"","meta":[],"etheme_brands":[{"term_id":67,"name":"Newgoer","slug":"newgoer","term_group":0,"term_taxonomy_id":67,"taxonomy":"brand","description":"","parent":0,"count":271,"filter":"raw"}],"product_cat":[64],"product_tag":[],"_links":{"self":[{"href":"https:\/\/www.cncmarketi.com\/index.php\/wp-json\/wp\/v2\/product\/4630"}],"collection":[{"href":"https:\/\/www.cncmarketi.com\/index.php\/wp-json\/wp\/v2\/product"}],"about":[{"href":"https:\/\/www.cncmarketi.com\/index.php\/wp-json\/wp\/v2\/types\/product"}],"replies":[{"embeddable":true,"href":"https:\/\/www.cncmarketi.com\/index.php\/wp-json\/wp\/v2\/comments?post=4630"}],"version-history":[{"count":0,"href":"https:\/\/www.cncmarketi.com\/index.php\/wp-json\/wp\/v2\/product\/4630\/revisions"}],"wp:featuredmedia":[{"embeddable":true,"href":"https:\/\/www.cncmarketi.com\/index.php\/wp-json\/wp\/v2\/media\/4624"}],"wp:attachment":[{"href":"https:\/\/www.cncmarketi.com\/index.php\/wp-json\/wp\/v2\/media?parent=4630"}],"wp:term":[{"taxonomy":"brand","embeddable":true,"href":"https:\/\/www.cncmarketi.com\/index.php\/wp-json\/wp\/v2\/etheme_brands?post=4630"},{"taxonomy":"product_cat","embeddable":true,"href":"https:\/\/www.cncmarketi.com\/index.php\/wp-json\/wp\/v2\/product_cat?post=4630"},{"taxonomy":"product_tag","embeddable":true,"href":"https:\/\/www.cncmarketi.com\/index.php\/wp-json\/wp\/v2\/product_tag?post=4630"}],"curies":[{"name":"wp","href":"https:\/\/api.w.org\/{rel}","templated":true}]}}