{"id":4602,"date":"2023-08-06T08:03:12","date_gmt":"2023-08-06T05:03:12","guid":{"rendered":"https:\/\/www.cncmarketi.com\/index.php\/product\/45-derece-yanicilik-test-cihazi-45-derece-tekstil-yanma-test-makinesi\/"},"modified":"2023-09-05T20:24:03","modified_gmt":"2023-09-05T17:24:03","slug":"45-derece-yanicilik-test-cihazi-45-derece-tekstil-yanma-test-makinesi","status":"publish","type":"product","link":"https:\/\/www.cncmarketi.com\/index.php\/product\/45-derece-yanicilik-test-cihazi-45-derece-tekstil-yanma-test-makinesi\/","title":{"rendered":"45 Derece Yan\u0131c\u0131l\u0131k Test Cihaz\u0131, 45 Derece Tekstil Yanma Test Makinesi"},"content":{"rendered":"<p>45 Degree Flammability Tester, 45 Degree Textile Combustion Testing Machine<br \/>\nModel<br \/>\nNG-509<br \/>\nMOQ<br \/>\n1 Set<br \/>\nLead Time<br \/>\n3-15 Working Days<br \/>\nCountry of Origin<br \/>\nChina<br \/>\nPackage<br \/>\nStandard Export Wooden Box<br \/>\nOEM &#038; ODM<br \/>\nSupport<br \/>\n\u63cf\u8ff0<br \/>\n\u7528\u6237\u8bc4\u8bba (0)<br \/>\n\u63cf\u8ff0<br \/>\nSummary:<br \/>\n45 Degree Flammability Tester, to determine fabric flammability (fabric burning test) under controlled conditions. Automatic igniter is equipped to ensure the 45 degree fabric flammability tester safe and easy to operate. Stainless steel test cabinet with glass observation panel provides with automatic timing of flame spread in 0.1-second increments from ignition. Brushing Device is included.<br \/>\nTest Principle:<br \/>\n45 Degree Flammability Tester is designed as a whole box type and consists mainly of a control system and a combustion chamber. Install the specimen on the specimen rack with an angle of 45\u00b0 in the combustion chamber, then let the nozzle close to the sample and ignites the specimen with the flame for a specified time and then returns. Evaluate the flammability scale of the sample by observing the combustion and flame propagation rate on the sample. This instrument is suitable for the ASTM flammability test and FTMS flammability test of clothing fabric, decorative fabric, tent fabric, etc.<br \/>\nStandard:<br \/>\nASTM D1230 CFR 16 Part 1610 GB\/T 14644 FTMS 191-5908<br \/>\nCAL TB 117 NFPA 702<br \/>\nFeatures:<br \/>\nStainless steel test chamber with heat resistant glass viewing window is easy to observe the testing conditions.<br \/>\nFully equipped with accessories, such as specimen holder, brushing device.<br \/>\nAdjustable length of flame with standard 16mm standard gauge makes testing more convenient and easy-to-operate.<br \/>\nPreset ignition time meets different testing requirements.<br \/>\nSpecifications:<br \/>\nAngle of inclination<br \/>\n45\u00b0<br \/>\nSpecimen holder<br \/>\nU-shape 205mm\u00d776mm (inner 152mm\u00d738mm\uff09<br \/>\nNozzle to specimen distance<br \/>\n8mm<br \/>\nSpecimen size<br \/>\n50*150mm<br \/>\nIgnition time<br \/>\nAdjustable with 0.1s accuracy<br \/>\nTime counter<br \/>\nAutomatic timer with 0.1s accuracy<br \/>\nIgniter<br \/>\nNeedle valve burner<br \/>\nIndicator finger<br \/>\nStainless steel typical indicator finger<br \/>\nGas shield<br \/>\nStainless steel typical gas shield<br \/>\nTerminal point<br \/>\nAutomatic stop when reaching stop thread<br \/>\nPower supply<br \/>\n220V 50Hz<br \/>\nDimension<br \/>\n420mm\u00d7260mm\u00d7526mm<br \/>\n16.54inch\u00d710.24inch\u00d720.71inch<\/p>\n","protected":false},"excerpt":{"rendered":"<p>45 Degree Flammability Tester, 45 Degree Textile Combustion Testing Machine Model NG-509 MOQ 1 Set Lead Time 3-15 Working Days Country of Origin China Package&#8230;<\/p>\n","protected":false},"featured_media":4596,"comment_status":"open","ping_status":"closed","template":"","meta":[],"etheme_brands":[{"term_id":67,"name":"Newgoer","slug":"newgoer","term_group":0,"term_taxonomy_id":67,"taxonomy":"brand","description":"","parent":0,"count":271,"filter":"raw"}],"product_cat":[64],"product_tag":[],"_links":{"self":[{"href":"https:\/\/www.cncmarketi.com\/index.php\/wp-json\/wp\/v2\/product\/4602"}],"collection":[{"href":"https:\/\/www.cncmarketi.com\/index.php\/wp-json\/wp\/v2\/product"}],"about":[{"href":"https:\/\/www.cncmarketi.com\/index.php\/wp-json\/wp\/v2\/types\/product"}],"replies":[{"embeddable":true,"href":"https:\/\/www.cncmarketi.com\/index.php\/wp-json\/wp\/v2\/comments?post=4602"}],"version-history":[{"count":0,"href":"https:\/\/www.cncmarketi.com\/index.php\/wp-json\/wp\/v2\/product\/4602\/revisions"}],"wp:featuredmedia":[{"embeddable":true,"href":"https:\/\/www.cncmarketi.com\/index.php\/wp-json\/wp\/v2\/media\/4596"}],"wp:attachment":[{"href":"https:\/\/www.cncmarketi.com\/index.php\/wp-json\/wp\/v2\/media?parent=4602"}],"wp:term":[{"taxonomy":"brand","embeddable":true,"href":"https:\/\/www.cncmarketi.com\/index.php\/wp-json\/wp\/v2\/etheme_brands?post=4602"},{"taxonomy":"product_cat","embeddable":true,"href":"https:\/\/www.cncmarketi.com\/index.php\/wp-json\/wp\/v2\/product_cat?post=4602"},{"taxonomy":"product_tag","embeddable":true,"href":"https:\/\/www.cncmarketi.com\/index.php\/wp-json\/wp\/v2\/product_tag?post=4602"}],"curies":[{"name":"wp","href":"https:\/\/api.w.org\/{rel}","templated":true}]}}