{"id":4595,"date":"2023-08-06T08:03:05","date_gmt":"2023-08-06T05:03:05","guid":{"rendered":"https:\/\/www.cncmarketi.com\/index.php\/product\/339-elektronik-kaplama-asinma-test-makinesi-339-celik-yun-asinma-asinma-test-cihazi\/"},"modified":"2023-09-05T20:24:03","modified_gmt":"2023-09-05T17:24:03","slug":"339-elektronik-kaplama-asinma-test-makinesi-339-celik-yun-asinma-asinma-test-cihazi","status":"publish","type":"product","link":"https:\/\/www.cncmarketi.com\/index.php\/product\/339-elektronik-kaplama-asinma-test-makinesi-339-celik-yun-asinma-asinma-test-cihazi\/","title":{"rendered":"339 Elektronik Kaplama A\u015f\u0131nma Test Makinesi, 339 \u00c7elik Y\u00fcn A\u015f\u0131nma a\u015f\u0131nma test cihaz\u0131"},"content":{"rendered":"<p>\u63cf\u8ff0<br \/>\nSummary:<br \/>\n339 Coating Wear Resistance Tester\/Alcohol Abrasion Test Machine is suitable for mobile phone, PDA, MP3, CD player, portable computer and all kinds of surface coating on the friction test. Under certain load 500g,200g,100g,50g,20,10g , eraser or alcohol friction with the sample after a certain time to determine the effect of the abrasion.<br \/>\nFeatures:<br \/>\nProfessional clamping methods, allows you to test accurate and productive.<br \/>\nLED digital controller to set the timer\uff0cCan be arbitrary set test time, intuitive actual test time<br \/>\nStandard accessories:<br \/>\nTwo test bar 75 grams<br \/>\nTwo alcohol friction head<br \/>\nTwo rubber erasers<br \/>\nWeight: 500g, 200g, 100g, 50g, 20g, 10g (two of each)<br \/>\n1 brush, a set of tools<br \/>\n(2B pencil and pencil friction head, steel wool and friction head can be optional)<br \/>\nFriction Material:<br \/>\nCommon:Alcohol; Rubber Eraser;<br \/>\nOptional: Pencil (for hardness testing); Steel wool (for glass types material testing);<br \/>\nSpecifications<br \/>\nMaterial<br \/>\nstainless steel<br \/>\nTest Load(g)<br \/>\n500g, 200g, 100g, 50g, 20g, 10g<br \/>\nDisplay<br \/>\nLCD display<br \/>\nCounter<br \/>\nadjustable 0-99999999 times<br \/>\nReturn Speed<br \/>\n10-110 times (adjustable)<br \/>\nFriction range<br \/>\n1-60 mm can be adjusted<br \/>\nTest Medium<br \/>\nRubber, Alcohol Or ( pencil, steel wool)<\/p>\n","protected":false},"excerpt":{"rendered":"<p>\u63cf\u8ff0 Summary: 339 Coating Wear Resistance Tester\/Alcohol Abrasion Test Machine is suitable for mobile phone, PDA, MP3, CD player, portable computer and all kinds of&#8230;<\/p>\n","protected":false},"featured_media":4589,"comment_status":"open","ping_status":"closed","template":"","meta":[],"etheme_brands":[{"term_id":67,"name":"Newgoer","slug":"newgoer","term_group":0,"term_taxonomy_id":67,"taxonomy":"brand","description":"","parent":0,"count":271,"filter":"raw"}],"product_cat":[64],"product_tag":[],"_links":{"self":[{"href":"https:\/\/www.cncmarketi.com\/index.php\/wp-json\/wp\/v2\/product\/4595"}],"collection":[{"href":"https:\/\/www.cncmarketi.com\/index.php\/wp-json\/wp\/v2\/product"}],"about":[{"href":"https:\/\/www.cncmarketi.com\/index.php\/wp-json\/wp\/v2\/types\/product"}],"replies":[{"embeddable":true,"href":"https:\/\/www.cncmarketi.com\/index.php\/wp-json\/wp\/v2\/comments?post=4595"}],"version-history":[{"count":0,"href":"https:\/\/www.cncmarketi.com\/index.php\/wp-json\/wp\/v2\/product\/4595\/revisions"}],"wp:featuredmedia":[{"embeddable":true,"href":"https:\/\/www.cncmarketi.com\/index.php\/wp-json\/wp\/v2\/media\/4589"}],"wp:attachment":[{"href":"https:\/\/www.cncmarketi.com\/index.php\/wp-json\/wp\/v2\/media?parent=4595"}],"wp:term":[{"taxonomy":"brand","embeddable":true,"href":"https:\/\/www.cncmarketi.com\/index.php\/wp-json\/wp\/v2\/etheme_brands?post=4595"},{"taxonomy":"product_cat","embeddable":true,"href":"https:\/\/www.cncmarketi.com\/index.php\/wp-json\/wp\/v2\/product_cat?post=4595"},{"taxonomy":"product_tag","embeddable":true,"href":"https:\/\/www.cncmarketi.com\/index.php\/wp-json\/wp\/v2\/product_tag?post=4595"}],"curies":[{"name":"wp","href":"https:\/\/api.w.org\/{rel}","templated":true}]}}